{"id":682,"date":"2013-08-23T15:20:07","date_gmt":"2013-08-23T13:20:07","guid":{"rendered":"http:\/\/www.kruse.sh\/portal\/?page_id=682"},"modified":"2020-11-23T21:04:30","modified_gmt":"2020-11-23T20:04:30","slug":"bootstouren","status":"publish","type":"page","link":"https:\/\/kruse.sh\/portal\/galerie\/galeriekrusepic\/bootstouren\/","title":{"rendered":"Bootstouren"},"content":{"rendered":" \n<!-- Start container 1 --><div id=\"wppa-modal-container-1\" class=\"wppa-modal-container\" style=\"position:relative;z-index:100000;\" data-wppa=\"yes\"><\/div><div id=\"wppa-container-wrapper-1\" class=\"alignnone wppa-container-wrapper \" style=\"width:100%;clear:both;padding:0;position:relative;\"><div id=\"wppa-container-1\" style=\"width:100%;\" class=\"wppa-container wppa-container-1 wppa-rev-9110011 wppa-prevrev-9109005 wppa-theme-9.1.10.011 wppa-api-9.1.10.011\"><svg id=\"wppa-ajax-spin-1\" class=\"wppa-ajax-spin uil-default\" width=\"116px\" height=\"120px\" viewBox=\"0 0 135 140\" preserveAspectRatio=\"xMidYMid\" stroke=\"#666666\" style=\"width:116px; height:120px; position:fixed; top:50%; margin-top:-60px; left:50%; margin-left:-60px; opacity:1; display:none; fill:#666666; background-color:#dddddd; border-radius:60px;\"><rect y=\"10\" width=\"15\" height=\"120\" rx=\"6\"><animate attributeName=\"height\" begin=\"0.5s\" dur=\"1s\" values=\"120;110;100;90;80;70;60;50;40;140;120\" calcMode=\"linear\" repeatCount=\"indefinite\" ><animate attributeName=\"y\" begin=\"0.5s\" dur=\"1s\" values=\"10;15;20;25;30;35;40;45;50;0;10\" calcMode=\"linear\" repeatCount=\"indefinite\" ><\/rect><rect x=\"30\" y=\"10\" width=\"15\" height=\"120\" rx=\"6\"><animate attributeName=\"height\" begin=\"0.25s\" dur=\"1s\" values=\"120;110;100;90;80;70;60;50;40;140;120\" calcMode=\"linear\" repeatCount=\"indefinite\" ><animate attributeName=\"y\" begin=\"0.25s\" dur=\"1s\" values=\"10;15;20;25;30;35;40;45;50;0;10\" calcMode=\"linear\" repeatCount=\"indefinite\" ><\/rect><rect x=\"60\" width=\"15\" height=\"140\" rx=\"6\"><animate attributeName=\"height\" begin=\"0s\" dur=\"1s\" values=\"120;110;100;90;80;70;60;50;40;140;120\" calcMode=\"linear\" repeatCount=\"indefinite\" ><animate attributeName=\"y\" begin=\"0s\" dur=\"1s\" values=\"10;15;20;25;30;35;40;45;50;0;10\" calcMode=\"linear\" repeatCount=\"indefinite\" ><\/rect><rect x=\"90\" y=\"10\" width=\"15\" height=\"120\" rx=\"6\"><animate attributeName=\"height\" begin=\"0.25s\" dur=\"1s\" values=\"120;110;100;90;80;70;60;50;40;140;120\" calcMode=\"linear\" repeatCount=\"indefinite\" ><animate attributeName=\"y\" begin=\"0.25s\" dur=\"1s\" values=\"10;15;20;25;30;35;40;45;50;0;10\" calcMode=\"linear\" repeatCount=\"indefinite\" ><\/rect><rect x=\"120\" y=\"10\" width=\"15\" height=\"120\" rx=\"6\"><animate attributeName=\"height\" begin=\"0.5s\" dur=\"1s\" values=\"120;110;100;90;80;70;60;50;40;140;120\" calcMode=\"linear\" repeatCount=\"indefinite\" ><animate attributeName=\"y\" begin=\"0.5s\" dur=\"1s\" values=\"10;15;20;25;30;35;40;45;50;0;10\" calcMode=\"linear\" repeatCount=\"indefinite\" ><\/rect><\/svg><input type=\"hidden\" id=\"wppa-nonce-0-1\" name=\"wppa-nonce\" value=\"74e88cd905\" ><div id=\"wppa-albumlist-1\" style=\"overflow:auto;\" class=\"albumlist\"><div id=\"album-14-1\" title=\"Zeige die Galerie Bootstour 2014\" style=\"width:100%;clear:both;cursor:pointer;\" class=\"wppa-album-cover-standard album wppa-box wppa-cover-box wppa-cover-box-mcr-1\" onclick=\"wppaDoAjaxRender(event, 1, &#039;https:\/\/kruse.sh\/portal\/wp-json\/wp-photo-album-plus\/endPoint?action=wppa&wppa-action=render&wppa-size=640&occur=1&wppa-fromp=682&lang=de&album=fdc63732527406ac&cover=0&data-alb=14&#039;, &#039;https:\/\/kruse.sh\/portal\/galerie\/galeriekrusepic\/bootstouren\/?occur=1&lang=de&cover=0&album=fdc63732527406ac&data-alb=14&#039; )\"><div id=\"covertext_frame_14_1\" style=\"width:429px; float:left\" class=\"wppa-text-frame-1 wppa-text-frame wppa-cover-text-frame wppa-asym-text-frame-mcr-1\"><h2 style=\"clear:none\" class=\"wppa-title\"><a title=\"Zeige die Galerie Bootstour 2014\" style=\"cursor:pointer\" class=\"wppa-title\" onclick=\"wppaDoAjaxRender(event, 1, &#039;https:\/\/kruse.sh\/portal\/wp-json\/wp-photo-album-plus\/endPoint?action=wppa&wppa-action=render&wppa-size=640&occur=1&wppa-fromp=682&lang=de&album=fdc63732527406ac&cover=0&data-alb=14&#039;, &#039;https:\/\/kruse.sh\/portal\/galerie\/galeriekrusepic\/bootstouren\/?occur=1&lang=de&cover=0&album=fdc63732527406ac&data-alb=14&#039; )\">Bootstour 2014<\/a><\/h2><span title=\"Anzahl der Elemente\" style=\"cursor:pointer;\" class=\"wppa-cover-pcount\" onclick=\"wppaStopProp(event);\"> (157)<\/span><div style=\"min-height:54px;\" class=\"wppa-box-text wppa-black wppa-box-text-desc\">Die Bootstour mit der MS \"Jaya the Cat\" (Absolute 52) f\u00fchrte vom Heimathafen HYC (HH-Tatenberg) \u00fcber den ELK bis nach Copenhagen und wieder zur\u00fcck nach Neustadt (i.H.)<\/div><div class=\"wppa-box-text wppa-black wppa-info wppa-slideshow-browse-link wppa-album-cover-link\"><a title=\"Diashow\" style=\"cursor:pointer\" class=\"wppa-album-cover-link\" onclick=\"wppaDoAjaxRender(event, 1, &#039;https:\/\/kruse.sh\/portal\/wp-json\/wp-photo-album-plus\/endPoint?action=wppa&wppa-action=render&wppa-size=640&occur=1&wppa-fromp=682&lang=de&slide=1&album=fdc63732527406ac&#039;, &#039;https:\/\/kruse.sh\/portal\/galerie\/galeriekrusepic\/bootstouren\/?occur=1&lang=de&slide=1&album=fdc63732527406ac&#039; )\">Diashow<\/a><\/div><div class=\"wppa-box-text wppa-black wppa-info wppa-viewlink wppa-album-cover-link\"><a title=\"Zeige die Galerie Bootstour 2014\" style=\"cursor:pointer;\" class=\"wppa-album-cover-link\" onclick=\"wppaDoAjaxRender(event, 1, &#039;https:\/\/kruse.sh\/portal\/wp-json\/wp-photo-album-plus\/endPoint?action=wppa&wppa-action=render&wppa-size=640&occur=1&wppa-fromp=682&lang=de&album=fdc63732527406ac&cover=0&data-alb=14&#039;, &#039;https:\/\/kruse.sh\/portal\/galerie\/galeriekrusepic\/bootstouren\/?occur=1&lang=de&cover=0&album=fdc63732527406ac&data-alb=14&#039; )\">157&nbsp;Fotos&nbsp;anzeigen<\/a><\/div><\/div><div id=\"coverphoto_frame_14_1\" style=\"float:right; margin-left:5px;width:190px;\" class=\"coverphoto-frame\"><div title=\" \" style=\"display:inline-block;margin:0 4px;\" onclick=\"wppaStopProp(event)\"><a title=\"Zeige die Galerie Bootstour 2014\" style=\"border:0;color:transparent;cursor:pointer;\" target=\"_self\" onclick=\"wppaDoAjaxRender(event, 1, &#039;https:\/\/kruse.sh\/portal\/wp-json\/wp-photo-album-plus\/endPoint?action=wppa&wppa-action=render&wppa-size=640&occur=1&wppa-fromp=682&lang=de&album=fdc63732527406ac&cover=0&data-alb=14&#039;, &#039;https:\/\/kruse.sh\/portal\/galerie\/galeriekrusepic\/bootstouren\/?occur=1&lang=de&cover=0&album=fdc63732527406ac&data-alb=14&#039; )\"><img style=\"border-width:0px;width:180px;height:102px;opacity:0.85;display:inline;\" alt=\"841\" class=\"image wppa-img\" onload=\"wppaLazyLoaded++;wppaMakeLazyVisible(&#039;onload&#039;);\" onerror=\"wppaLazyLoaded++;\" onmouseover=\"jQuery(this).fadeTo(400, 1.0)\" onmouseout=\"jQuery(this).fadeTo(400,0.85)\" decoding=\"async\" data-src=\"https:\/\/kruse.sh\/portal\/wp-content\/uploads\/wppa\/thumbs\/841.jpg?ver=68\"><\/a><\/div><div title=\"Anzahl der Fotoansichten in diesem Galerie\" style=\"cursor:pointer\" class=\"wppa-album-cover-viewcount\">Anzeigen: 28949<\/div><\/div><div title=\" \" onclick=\"wppaStopProp(event);\"><\/div><div style=\"clear:both;\"><\/div><\/div><div id=\"album-13-1\" title=\"Zeige die Galerie Boots\u00fcberf\u00fchrung 2014\" style=\"width:100%;float:right;cursor:pointer;\" class=\"wppa-album-cover-standard album wppa-box wppa-cover-box wppa-cover-box-mcr-1\" onclick=\"wppaDoAjaxRender(event, 1, &#039;https:\/\/kruse.sh\/portal\/wp-json\/wp-photo-album-plus\/endPoint?action=wppa&wppa-action=render&wppa-size=640&occur=1&wppa-fromp=682&lang=de&album=2e890eb9adedca79&cover=0&data-alb=13&#039;, &#039;https:\/\/kruse.sh\/portal\/galerie\/galeriekrusepic\/bootstouren\/?occur=1&lang=de&cover=0&album=2e890eb9adedca79&data-alb=13&#039; )\"><div id=\"covertext_frame_13_1\" style=\"width:429px; float:left\" class=\"wppa-text-frame-1 wppa-text-frame wppa-cover-text-frame wppa-asym-text-frame-mcr-1\"><h2 style=\"clear:none\" class=\"wppa-title\"><a title=\"Zeige die Galerie Boots\u00fcberf\u00fchrung 2014\" style=\"cursor:pointer\" class=\"wppa-title\" onclick=\"wppaDoAjaxRender(event, 1, &#039;https:\/\/kruse.sh\/portal\/wp-json\/wp-photo-album-plus\/endPoint?action=wppa&wppa-action=render&wppa-size=640&occur=1&wppa-fromp=682&lang=de&album=2e890eb9adedca79&cover=0&data-alb=13&#039;, &#039;https:\/\/kruse.sh\/portal\/galerie\/galeriekrusepic\/bootstouren\/?occur=1&lang=de&cover=0&album=2e890eb9adedca79&data-alb=13&#039; )\">Boots\u00fcberf\u00fchrung 2014<\/a><\/h2><span title=\"Anzahl der Elemente\" style=\"cursor:pointer;\" class=\"wppa-cover-pcount\" onclick=\"wppaStopProp(event);\"> (86)<\/span><div style=\"min-height:54px;\" class=\"wppa-box-text wppa-black wppa-box-text-desc\">Die MS \"Jaya the Cat\" (Sunseeker Portofino 47 - Bj. 2009) haben wir von Neustadt i.H. (Winterquartier) nach Hamburg (Sommerquartier) \u00fcberf\u00fchrt. Die Tour f\u00fchrte von Neustart nach Heiligenhafen, Kiel, Nord-Ostsee-Kanal, Brunsb\u00fcttel, Elbe, Hamburg und dauerte drei Tage. Maximale Geschwindigkeit zwischen Fehmarn-Sundbr\u00fccke und Heiligenhafen 36 Kn (ca. 70 Km\/h)<\/div><div class=\"wppa-box-text wppa-black wppa-info wppa-slideshow-browse-link wppa-album-cover-link\"><a title=\"Diashow\" style=\"cursor:pointer\" class=\"wppa-album-cover-link\" onclick=\"wppaDoAjaxRender(event, 1, &#039;https:\/\/kruse.sh\/portal\/wp-json\/wp-photo-album-plus\/endPoint?action=wppa&wppa-action=render&wppa-size=640&occur=1&wppa-fromp=682&lang=de&slide=1&album=2e890eb9adedca79&#039;, &#039;https:\/\/kruse.sh\/portal\/galerie\/galeriekrusepic\/bootstouren\/?occur=1&lang=de&slide=1&album=2e890eb9adedca79&#039; )\">Diashow<\/a><\/div><div class=\"wppa-box-text wppa-black wppa-info wppa-viewlink wppa-album-cover-link\"><a title=\"Zeige die Galerie Boots\u00fcberf\u00fchrung 2014\" style=\"cursor:pointer;\" class=\"wppa-album-cover-link\" onclick=\"wppaDoAjaxRender(event, 1, &#039;https:\/\/kruse.sh\/portal\/wp-json\/wp-photo-album-plus\/endPoint?action=wppa&wppa-action=render&wppa-size=640&occur=1&wppa-fromp=682&lang=de&album=2e890eb9adedca79&cover=0&data-alb=13&#039;, &#039;https:\/\/kruse.sh\/portal\/galerie\/galeriekrusepic\/bootstouren\/?occur=1&lang=de&cover=0&album=2e890eb9adedca79&data-alb=13&#039; )\">86&nbsp;Fotos&nbsp;anzeigen<\/a><\/div><\/div><div id=\"coverphoto_frame_13_1\" style=\"float:right; margin-left:5px;width:190px;\" class=\"coverphoto-frame\"><div title=\" \" style=\"display:inline-block;margin:0 4px;\" onclick=\"wppaStopProp(event)\"><a title=\"Zeige die Galerie Boots\u00fcberf\u00fchrung 2014\" style=\"border:0;color:transparent;cursor:pointer;\" target=\"_self\" onclick=\"wppaDoAjaxRender(event, 1, &#039;https:\/\/kruse.sh\/portal\/wp-json\/wp-photo-album-plus\/endPoint?action=wppa&wppa-action=render&wppa-size=640&occur=1&wppa-fromp=682&lang=de&album=2e890eb9adedca79&cover=0&data-alb=13&#039;, &#039;https:\/\/kruse.sh\/portal\/galerie\/galeriekrusepic\/bootstouren\/?occur=1&lang=de&cover=0&album=2e890eb9adedca79&data-alb=13&#039; )\"><img style=\"border-width:0px;width:180px;height:102px;opacity:0.85;display:inline;\" alt=\"618\" class=\"image wppa-img\" onload=\"wppaLazyLoaded++;wppaMakeLazyVisible(&#039;onload&#039;);\" onerror=\"wppaLazyLoaded++;\" onmouseover=\"jQuery(this).fadeTo(400, 1.0)\" onmouseout=\"jQuery(this).fadeTo(400,0.85)\" decoding=\"async\" data-src=\"https:\/\/kruse.sh\/portal\/wp-content\/uploads\/wppa\/thumbs\/618.jpg?ver=68\"><\/a><\/div><div title=\"Anzahl der Fotoansichten in diesem Galerie\" style=\"cursor:pointer\" class=\"wppa-album-cover-viewcount\">Anzeigen: 2482<\/div><\/div><div title=\" \" onclick=\"wppaStopProp(event);\"><\/div><div style=\"clear:both;\"><\/div><\/div><div id=\"album-10-1\" title=\"Zeige die Galerie Bootstour 2013\" style=\"width:100%;float:right;cursor:pointer;\" class=\"wppa-album-cover-standard album wppa-box wppa-cover-box wppa-cover-box-mcr-1\" onclick=\"wppaDoAjaxRender(event, 1, &#039;https:\/\/kruse.sh\/portal\/wp-json\/wp-photo-album-plus\/endPoint?action=wppa&wppa-action=render&wppa-size=640&occur=1&wppa-fromp=682&lang=de&album=2e95ed03c4d8bfd9&cover=0&data-alb=10&#039;, &#039;https:\/\/kruse.sh\/portal\/galerie\/galeriekrusepic\/bootstouren\/?occur=1&lang=de&cover=0&album=2e95ed03c4d8bfd9&data-alb=10&#039; )\"><div id=\"covertext_frame_10_1\" style=\"width:429px; float:left\" class=\"wppa-text-frame-1 wppa-text-frame wppa-cover-text-frame wppa-asym-text-frame-mcr-1\"><h2 style=\"clear:none\" class=\"wppa-title\"><a title=\"Zeige die Galerie Bootstour 2013\" style=\"cursor:pointer\" class=\"wppa-title\" onclick=\"wppaDoAjaxRender(event, 1, &#039;https:\/\/kruse.sh\/portal\/wp-json\/wp-photo-album-plus\/endPoint?action=wppa&wppa-action=render&wppa-size=640&occur=1&wppa-fromp=682&lang=de&album=2e95ed03c4d8bfd9&cover=0&data-alb=10&#039;, &#039;https:\/\/kruse.sh\/portal\/galerie\/galeriekrusepic\/bootstouren\/?occur=1&lang=de&cover=0&album=2e95ed03c4d8bfd9&data-alb=10&#039; )\">Bootstour 2013<\/a><\/h2><span title=\"Anzahl der Elemente\" style=\"cursor:pointer;\" class=\"wppa-cover-pcount\" onclick=\"wppaStopProp(event);\"> (79)<\/span><div style=\"min-height:54px;\" class=\"wppa-box-text wppa-black wppa-box-text-desc\">Fynn, Andreas und Dennis mit der MS Najade in der Ostsee (Rund um Fehmarn)<\/div><div class=\"wppa-box-text wppa-black wppa-info wppa-slideshow-browse-link wppa-album-cover-link\"><a title=\"Diashow\" style=\"cursor:pointer\" class=\"wppa-album-cover-link\" onclick=\"wppaDoAjaxRender(event, 1, &#039;https:\/\/kruse.sh\/portal\/wp-json\/wp-photo-album-plus\/endPoint?action=wppa&wppa-action=render&wppa-size=640&occur=1&wppa-fromp=682&lang=de&slide=1&album=2e95ed03c4d8bfd9&#039;, &#039;https:\/\/kruse.sh\/portal\/galerie\/galeriekrusepic\/bootstouren\/?occur=1&lang=de&slide=1&album=2e95ed03c4d8bfd9&#039; )\">Diashow<\/a><\/div><div class=\"wppa-box-text wppa-black wppa-info wppa-viewlink wppa-album-cover-link\"><a title=\"Zeige die Galerie Bootstour 2013\" style=\"cursor:pointer;\" class=\"wppa-album-cover-link\" onclick=\"wppaDoAjaxRender(event, 1, &#039;https:\/\/kruse.sh\/portal\/wp-json\/wp-photo-album-plus\/endPoint?action=wppa&wppa-action=render&wppa-size=640&occur=1&wppa-fromp=682&lang=de&album=2e95ed03c4d8bfd9&cover=0&data-alb=10&#039;, &#039;https:\/\/kruse.sh\/portal\/galerie\/galeriekrusepic\/bootstouren\/?occur=1&lang=de&cover=0&album=2e95ed03c4d8bfd9&data-alb=10&#039; )\">79&nbsp;Fotos&nbsp;anzeigen<\/a><\/div><\/div><div id=\"coverphoto_frame_10_1\" style=\"float:right; margin-left:5px;width:190px;\" class=\"coverphoto-frame\"><div title=\" \" style=\"display:inline-block;margin:0 4px;\" onclick=\"wppaStopProp(event)\"><a title=\"Zeige die Galerie Bootstour 2013\" style=\"border:0;color:transparent;cursor:pointer;\" target=\"_self\" onclick=\"wppaDoAjaxRender(event, 1, &#039;https:\/\/kruse.sh\/portal\/wp-json\/wp-photo-album-plus\/endPoint?action=wppa&wppa-action=render&wppa-size=640&occur=1&wppa-fromp=682&lang=de&album=2e95ed03c4d8bfd9&cover=0&data-alb=10&#039;, &#039;https:\/\/kruse.sh\/portal\/galerie\/galeriekrusepic\/bootstouren\/?occur=1&lang=de&cover=0&album=2e95ed03c4d8bfd9&data-alb=10&#039; )\"><img style=\"border-width:0px;width:180px;height:135px;opacity:0.85;display:inline;\" alt=\"446\" class=\"image wppa-img\" onload=\"wppaLazyLoaded++;wppaMakeLazyVisible(&#039;onload&#039;);\" onerror=\"wppaLazyLoaded++;\" onmouseover=\"jQuery(this).fadeTo(400, 1.0)\" onmouseout=\"jQuery(this).fadeTo(400,0.85)\" decoding=\"async\" data-src=\"https:\/\/kruse.sh\/portal\/wp-content\/uploads\/wppa\/thumbs\/446.jpg?ver=68\"><\/a><\/div><div title=\"Anzahl der Fotoansichten in diesem Galerie\" style=\"cursor:pointer\" class=\"wppa-album-cover-viewcount\">Anzeigen: 1703<\/div><\/div><div title=\" \" onclick=\"wppaStopProp(event);\"><\/div><div style=\"clear:both;\"><\/div><\/div><\/div><div style=\"clear:both;\"><\/div><div id=\"wppa-container-1-end\"><\/div><\/div><\/div>\n<!-- End [wppa type=\"album\" album=\"26\"] \/portal\/wp-json\/wp\/v2\/pages\/682 oc 1 37 queries in 80.7 ms. at 19:43. Max mem: 136.00 Mb. -->\n","protected":false},"excerpt":{"rendered":"","protected":false},"author":2,"featured_media":0,"parent":112,"menu_order":10,"comment_status":"closed","ping_status":"closed","template":"onecolumn-page.php","meta":{"footnotes":""},"class_list":["post-682","page","type-page","status-publish","hentry"],"jetpack_shortlink":"https:\/\/wp.me\/P3OebG-b0","jetpack-related-posts":[{"id":127,"url":"https:\/\/kruse.sh\/portal\/galerie\/galeriekrusepic\/sorbenweg6\/","url_meta":{"origin":682,"position":0},"title":"Sorbenweg 6","author":"Andreas","date":"30. Mai 2013","format":false,"excerpt":"","rel":"","context":"\u00c4hnlicher Beitrag","block_context":{"text":"\u00c4hnlicher Beitrag","link":""},"img":{"alt_text":"","src":"","width":0,"height":0},"classes":[]},{"id":497,"url":"https:\/\/kruse.sh\/portal\/galerie\/galeriekrusepic\/heiligenhafen\/","url_meta":{"origin":682,"position":1},"title":"Heiligenhafen","author":"Andreas","date":"18. Juli 2013","format":false,"excerpt":"Heiligenhafen ist unsere zweite Heimat.","rel":"","context":"\u00c4hnlicher Beitrag","block_context":{"text":"\u00c4hnlicher Beitrag","link":""},"img":{"alt_text":"","src":"","width":0,"height":0},"classes":[]},{"id":635,"url":"https:\/\/kruse.sh\/portal\/galerie\/galeriekrusepic\/oetz\/","url_meta":{"origin":682,"position":2},"title":"Oetz","author":"Andreas","date":"21. August 2013","format":false,"excerpt":"Ski-Urlaub in Hochoetz\/Oetz (\u00d6sterreich)","rel":"","context":"\u00c4hnlicher Beitrag","block_context":{"text":"\u00c4hnlicher Beitrag","link":""},"img":{"alt_text":"","src":"","width":0,"height":0},"classes":[]},{"id":495,"url":"https:\/\/kruse.sh\/portal\/galerie\/galeriekrusepic\/spiekeroog-2009\/","url_meta":{"origin":682,"position":3},"title":"Spiekeroog","author":"Andreas","date":"18. Juli 2013","format":false,"excerpt":"Urlaub auf der wundersch\u00f6nen ostfriesischen Insel Spiegeroog","rel":"","context":"\u00c4hnlicher Beitrag","block_context":{"text":"\u00c4hnlicher Beitrag","link":""},"img":{"alt_text":"","src":"","width":0,"height":0},"classes":[]},{"id":1416,"url":"https:\/\/kruse.sh\/portal\/galerie\/oetz-201415\/","url_meta":{"origin":682,"position":4},"title":"Oetz 2014\/15","author":"Andreas","date":"5. Januar 2015","format":false,"excerpt":"Unser Ski-Urlaub 2014\/15 in Hochoetz\/Oetz (\u00d6sterreich)","rel":"","context":"\u00c4hnlicher Beitrag","block_context":{"text":"\u00c4hnlicher Beitrag","link":""},"img":{"alt_text":"","src":"","width":0,"height":0},"classes":[]},{"id":136,"url":"https:\/\/kruse.sh\/portal\/galerie\/galeriekrusepic\/hausbau-keller\/","url_meta":{"origin":682,"position":5},"title":"Hausbau (Keller)","author":"Andreas","date":"30. Mai 2013","format":false,"excerpt":"Im November 2007 wurde der Keller unseres Traumhauses fertiggestellt.","rel":"","context":"\u00c4hnlicher Beitrag","block_context":{"text":"\u00c4hnlicher Beitrag","link":""},"img":{"alt_text":"","src":"","width":0,"height":0},"classes":[]}],"jetpack_sharing_enabled":true,"_links":{"self":[{"href":"https:\/\/kruse.sh\/portal\/wp-json\/wp\/v2\/pages\/682","targetHints":{"allow":["GET"]}}],"collection":[{"href":"https:\/\/kruse.sh\/portal\/wp-json\/wp\/v2\/pages"}],"about":[{"href":"https:\/\/kruse.sh\/portal\/wp-json\/wp\/v2\/types\/page"}],"author":[{"embeddable":true,"href":"https:\/\/kruse.sh\/portal\/wp-json\/wp\/v2\/users\/2"}],"replies":[{"embeddable":true,"href":"https:\/\/kruse.sh\/portal\/wp-json\/wp\/v2\/comments?post=682"}],"version-history":[{"count":0,"href":"https:\/\/kruse.sh\/portal\/wp-json\/wp\/v2\/pages\/682\/revisions"}],"up":[{"embeddable":true,"href":"https:\/\/kruse.sh\/portal\/wp-json\/wp\/v2\/pages\/112"}],"wp:attachment":[{"href":"https:\/\/kruse.sh\/portal\/wp-json\/wp\/v2\/media?parent=682"}],"curies":[{"name":"wp","href":"https:\/\/api.w.org\/{rel}","templated":true}]}}