{"id":671,"date":"2013-08-22T14:29:40","date_gmt":"2013-08-22T12:29:40","guid":{"rendered":"http:\/\/www.kruse.sh\/portal\/?page_id=671"},"modified":"2020-02-28T16:59:59","modified_gmt":"2020-02-28T15:59:59","slug":"galerie","status":"publish","type":"page","link":"https:\/\/kruse.sh\/portal\/galerie\/","title":{"rendered":"Galerie"},"content":{"rendered":" \n<!-- Start container 1 --><div id=\"wppa-modal-container-1\" class=\"wppa-modal-container\" style=\"position:relative;z-index:100000;\" data-wppa=\"yes\"><\/div><div id=\"wppa-container-wrapper-1\" class=\"alignnone wppa-container-wrapper \" style=\"width:100%;clear:both;padding:0;position:relative;\"><div id=\"wppa-container-1\" style=\"width:100%;\" class=\"wppa-container wppa-container-1 wppa-rev-9110011 wppa-prevrev-9109005 wppa-theme-9.1.10.011 wppa-api-9.1.10.011\"><svg id=\"wppa-ajax-spin-1\" class=\"wppa-ajax-spin uil-default\" width=\"116px\" height=\"120px\" viewBox=\"0 0 135 140\" preserveAspectRatio=\"xMidYMid\" stroke=\"#666666\" style=\"width:116px; height:120px; position:fixed; top:50%; margin-top:-60px; left:50%; margin-left:-60px; opacity:1; display:none; fill:#666666; background-color:#dddddd; border-radius:60px;\"><rect y=\"10\" width=\"15\" height=\"120\" rx=\"6\"><animate attributeName=\"height\" begin=\"0.5s\" dur=\"1s\" values=\"120;110;100;90;80;70;60;50;40;140;120\" calcMode=\"linear\" repeatCount=\"indefinite\" ><animate attributeName=\"y\" begin=\"0.5s\" dur=\"1s\" values=\"10;15;20;25;30;35;40;45;50;0;10\" calcMode=\"linear\" repeatCount=\"indefinite\" ><\/rect><rect x=\"30\" y=\"10\" width=\"15\" height=\"120\" rx=\"6\"><animate attributeName=\"height\" begin=\"0.25s\" dur=\"1s\" values=\"120;110;100;90;80;70;60;50;40;140;120\" calcMode=\"linear\" repeatCount=\"indefinite\" ><animate attributeName=\"y\" begin=\"0.25s\" dur=\"1s\" values=\"10;15;20;25;30;35;40;45;50;0;10\" calcMode=\"linear\" repeatCount=\"indefinite\" ><\/rect><rect x=\"60\" width=\"15\" height=\"140\" rx=\"6\"><animate attributeName=\"height\" begin=\"0s\" dur=\"1s\" values=\"120;110;100;90;80;70;60;50;40;140;120\" calcMode=\"linear\" repeatCount=\"indefinite\" ><animate attributeName=\"y\" begin=\"0s\" dur=\"1s\" values=\"10;15;20;25;30;35;40;45;50;0;10\" calcMode=\"linear\" repeatCount=\"indefinite\" ><\/rect><rect x=\"90\" y=\"10\" width=\"15\" height=\"120\" rx=\"6\"><animate attributeName=\"height\" begin=\"0.25s\" dur=\"1s\" values=\"120;110;100;90;80;70;60;50;40;140;120\" calcMode=\"linear\" repeatCount=\"indefinite\" ><animate attributeName=\"y\" begin=\"0.25s\" dur=\"1s\" values=\"10;15;20;25;30;35;40;45;50;0;10\" calcMode=\"linear\" repeatCount=\"indefinite\" ><\/rect><rect x=\"120\" y=\"10\" width=\"15\" height=\"120\" rx=\"6\"><animate attributeName=\"height\" begin=\"0.5s\" dur=\"1s\" values=\"120;110;100;90;80;70;60;50;40;140;120\" calcMode=\"linear\" repeatCount=\"indefinite\" ><animate attributeName=\"y\" begin=\"0.5s\" dur=\"1s\" values=\"10;15;20;25;30;35;40;45;50;0;10\" calcMode=\"linear\" repeatCount=\"indefinite\" ><\/rect><\/svg><input type=\"hidden\" id=\"wppa-nonce-0-1\" name=\"wppa-nonce\" value=\"0475ef741e\" ><div id=\"wppa-albumlist-1\" style=\"overflow:auto;\" class=\"albumlist\"><div id=\"album-32-1\" title=\"Zeige die Galerie Oetz - Sammlung\" style=\"width:100%;clear:both;cursor:pointer;\" class=\"wppa-album-cover-standard album wppa-box wppa-cover-box wppa-cover-box-mcr-1\" onclick=\"wppaDoAjaxRender(event, 1, &#039;https:\/\/kruse.sh\/portal\/wp-json\/wp-photo-album-plus\/endPoint?action=wppa&wppa-action=render&wppa-size=640&occur=1&wppa-fromp=671&lang=de&album=b7dac346e7ef0d84&cover=0&data-alb=32&#039;, &#039;https:\/\/kruse.sh\/portal\/galerie\/?occur=1&lang=de&cover=0&album=b7dac346e7ef0d84&data-alb=32&#039; )\"><div id=\"covertext_frame_32_1\" style=\"width:429px; float:left\" class=\"wppa-text-frame-1 wppa-text-frame wppa-cover-text-frame wppa-asym-text-frame-mcr-1\"><h2 style=\"clear:none\" class=\"wppa-title\"><a title=\"Zeige die Galerie Oetz - Sammlung\" style=\"cursor:pointer\" class=\"wppa-title\" onclick=\"wppaDoAjaxRender(event, 1, &#039;https:\/\/kruse.sh\/portal\/wp-json\/wp-photo-album-plus\/endPoint?action=wppa&wppa-action=render&wppa-size=640&occur=1&wppa-fromp=671&lang=de&album=b7dac346e7ef0d84&cover=0&data-alb=32&#039;, &#039;https:\/\/kruse.sh\/portal\/galerie\/?occur=1&lang=de&cover=0&album=b7dac346e7ef0d84&data-alb=32&#039; )\">Oetz - Sammlung<\/a><\/h2><div style=\"min-height:54px;\" class=\"wppa-box-text wppa-black wppa-box-text-desc\"><\/div><div class=\"wppa-box-text wppa-black wppa-info wppa-slideshow-browse-link wppa-album-cover-link\">&nbsp;<\/div><div class=\"wppa-box-text wppa-black wppa-info wppa-viewlink wppa-album-cover-link\"><a title=\"Zeige das Album Oetz - Sammlung\" style=\"cursor:pointer;\" class=\"wppa-album-cover-link\" onclick=\"wppaDoAjaxRender(event, 1, &#039;https:\/\/kruse.sh\/portal\/wp-json\/wp-photo-album-plus\/endPoint?action=wppa&wppa-action=render&wppa-size=640&occur=1&wppa-fromp=671&lang=de&album=b7dac346e7ef0d84&cover=0&data-alb=32&#039;, &#039;https:\/\/kruse.sh\/portal\/galerie\/?occur=1&lang=de&cover=0&album=b7dac346e7ef0d84&data-alb=32&#039; )\">2&nbsp;Galerien&nbsp;anzeigen<\/a><\/div><\/div><div title=\" \" onclick=\"wppaStopProp(event);\"><\/div><div style=\"clear:both;\"><\/div><\/div><div id=\"album-31-1\" title=\"Zeige die Galerie Heiligenhafen - Sammlung\" style=\"width:100%;float:right;cursor:pointer;\" class=\"wppa-album-cover-standard album wppa-box wppa-cover-box wppa-cover-box-mcr-1\" onclick=\"wppaDoAjaxRender(event, 1, &#039;https:\/\/kruse.sh\/portal\/wp-json\/wp-photo-album-plus\/endPoint?action=wppa&wppa-action=render&wppa-size=640&occur=1&wppa-fromp=671&lang=de&album=235488e0f0866807&cover=0&data-alb=31&#039;, &#039;https:\/\/kruse.sh\/portal\/galerie\/?occur=1&lang=de&cover=0&album=235488e0f0866807&data-alb=31&#039; )\"><div id=\"covertext_frame_31_1\" style=\"width:429px; float:left\" class=\"wppa-text-frame-1 wppa-text-frame wppa-cover-text-frame wppa-asym-text-frame-mcr-1\"><h2 style=\"clear:none\" class=\"wppa-title\"><a title=\"Zeige die Galerie Heiligenhafen - Sammlung\" style=\"cursor:pointer\" class=\"wppa-title\" onclick=\"wppaDoAjaxRender(event, 1, &#039;https:\/\/kruse.sh\/portal\/wp-json\/wp-photo-album-plus\/endPoint?action=wppa&wppa-action=render&wppa-size=640&occur=1&wppa-fromp=671&lang=de&album=235488e0f0866807&cover=0&data-alb=31&#039;, &#039;https:\/\/kruse.sh\/portal\/galerie\/?occur=1&lang=de&cover=0&album=235488e0f0866807&data-alb=31&#039; )\">Heiligenhafen - Sammlung<\/a><\/h2><div style=\"min-height:54px;\" class=\"wppa-box-text wppa-black wppa-box-text-desc\"><\/div><div class=\"wppa-box-text wppa-black wppa-info wppa-slideshow-browse-link wppa-album-cover-link\">&nbsp;<\/div><div class=\"wppa-box-text wppa-black wppa-info wppa-viewlink wppa-album-cover-link\"><a title=\"Zeige das Album Heiligenhafen - Sammlung\" style=\"cursor:pointer;\" class=\"wppa-album-cover-link\" onclick=\"wppaDoAjaxRender(event, 1, &#039;https:\/\/kruse.sh\/portal\/wp-json\/wp-photo-album-plus\/endPoint?action=wppa&wppa-action=render&wppa-size=640&occur=1&wppa-fromp=671&lang=de&album=235488e0f0866807&cover=0&data-alb=31&#039;, &#039;https:\/\/kruse.sh\/portal\/galerie\/?occur=1&lang=de&cover=0&album=235488e0f0866807&data-alb=31&#039; )\">2&nbsp;Galerien&nbsp;anzeigen<\/a><\/div><\/div><div title=\" \" onclick=\"wppaStopProp(event);\"><\/div><div style=\"clear:both;\"><\/div><\/div><div id=\"album-29-1\" title=\"Zeige die Galerie Nessy - Sammlung\" style=\"width:100%;float:right;cursor:pointer;\" class=\"wppa-album-cover-standard album wppa-box wppa-cover-box wppa-cover-box-mcr-1\" onclick=\"wppaDoAjaxRender(event, 1, &#039;https:\/\/kruse.sh\/portal\/wp-json\/wp-photo-album-plus\/endPoint?action=wppa&wppa-action=render&wppa-size=640&occur=1&wppa-fromp=671&lang=de&album=384f3bcdabd7308d&cover=0&data-alb=29&#039;, &#039;https:\/\/kruse.sh\/portal\/galerie\/?occur=1&lang=de&cover=0&album=384f3bcdabd7308d&data-alb=29&#039; )\"><div id=\"covertext_frame_29_1\" style=\"width:429px; float:left\" class=\"wppa-text-frame-1 wppa-text-frame wppa-cover-text-frame wppa-asym-text-frame-mcr-1\"><h2 style=\"clear:none\" class=\"wppa-title\"><a title=\"Zeige die Galerie Nessy - Sammlung\" style=\"cursor:pointer\" class=\"wppa-title\" onclick=\"wppaDoAjaxRender(event, 1, &#039;https:\/\/kruse.sh\/portal\/wp-json\/wp-photo-album-plus\/endPoint?action=wppa&wppa-action=render&wppa-size=640&occur=1&wppa-fromp=671&lang=de&album=384f3bcdabd7308d&cover=0&data-alb=29&#039;, &#039;https:\/\/kruse.sh\/portal\/galerie\/?occur=1&lang=de&cover=0&album=384f3bcdabd7308d&data-alb=29&#039; )\">Nessy - Sammlung<\/a><\/h2><div style=\"min-height:54px;\" class=\"wppa-box-text wppa-black wppa-box-text-desc\"><\/div><div class=\"wppa-box-text wppa-black wppa-info wppa-slideshow-browse-link wppa-album-cover-link\">&nbsp;<\/div><div class=\"wppa-box-text wppa-black wppa-info wppa-viewlink wppa-album-cover-link\"><a title=\"Zeige das Album Nessy - Sammlung\" style=\"cursor:pointer;\" class=\"wppa-album-cover-link\" onclick=\"wppaDoAjaxRender(event, 1, &#039;https:\/\/kruse.sh\/portal\/wp-json\/wp-photo-album-plus\/endPoint?action=wppa&wppa-action=render&wppa-size=640&occur=1&wppa-fromp=671&lang=de&album=384f3bcdabd7308d&cover=0&data-alb=29&#039;, &#039;https:\/\/kruse.sh\/portal\/galerie\/?occur=1&lang=de&cover=0&album=384f3bcdabd7308d&data-alb=29&#039; )\">3&nbsp;Galerien&nbsp;anzeigen<\/a><\/div><\/div><div title=\" \" onclick=\"wppaStopProp(event);\"><\/div><div style=\"clear:both;\"><\/div><\/div><div id=\"album-27-1\" title=\"Zeige die Galerie Luftbilder - Sammlung\" style=\"width:100%;float:right;cursor:pointer;\" class=\"wppa-album-cover-standard album wppa-box wppa-cover-box wppa-cover-box-mcr-1\" onclick=\"wppaDoAjaxRender(event, 1, &#039;https:\/\/kruse.sh\/portal\/wp-json\/wp-photo-album-plus\/endPoint?action=wppa&wppa-action=render&wppa-size=640&occur=1&wppa-fromp=671&lang=de&album=5aa541dc4b5450ba&cover=0&data-alb=27&#039;, &#039;https:\/\/kruse.sh\/portal\/galerie\/?occur=1&lang=de&cover=0&album=5aa541dc4b5450ba&data-alb=27&#039; )\"><div id=\"covertext_frame_27_1\" style=\"width:429px; float:left\" class=\"wppa-text-frame-1 wppa-text-frame wppa-cover-text-frame wppa-asym-text-frame-mcr-1\"><h2 style=\"clear:none\" class=\"wppa-title\"><a title=\"Zeige die Galerie Luftbilder - Sammlung\" style=\"cursor:pointer\" class=\"wppa-title\" onclick=\"wppaDoAjaxRender(event, 1, &#039;https:\/\/kruse.sh\/portal\/wp-json\/wp-photo-album-plus\/endPoint?action=wppa&wppa-action=render&wppa-size=640&occur=1&wppa-fromp=671&lang=de&album=5aa541dc4b5450ba&cover=0&data-alb=27&#039;, &#039;https:\/\/kruse.sh\/portal\/galerie\/?occur=1&lang=de&cover=0&album=5aa541dc4b5450ba&data-alb=27&#039; )\">Luftbilder - Sammlung<\/a><\/h2><div style=\"min-height:54px;\" class=\"wppa-box-text wppa-black wppa-box-text-desc\">Bilder mit den Quadrocoptern - DJI Phantom 2 Vision (2013) - DJI Spark (ab 2019) - DJI Mavic 2 Pro (ab 2020) - DJI Mavic Mini (ab 2020) Alle Bilder ohne Nachbearbeitung<\/div><div class=\"wppa-box-text wppa-black wppa-info wppa-slideshow-browse-link wppa-album-cover-link\">&nbsp;<\/div><div class=\"wppa-box-text wppa-black wppa-info wppa-viewlink wppa-album-cover-link\"><a title=\"Zeige das Album Luftbilder - Sammlung\" style=\"cursor:pointer;\" class=\"wppa-album-cover-link\" onclick=\"wppaDoAjaxRender(event, 1, &#039;https:\/\/kruse.sh\/portal\/wp-json\/wp-photo-album-plus\/endPoint?action=wppa&wppa-action=render&wppa-size=640&occur=1&wppa-fromp=671&lang=de&album=5aa541dc4b5450ba&cover=0&data-alb=27&#039;, &#039;https:\/\/kruse.sh\/portal\/galerie\/?occur=1&lang=de&cover=0&album=5aa541dc4b5450ba&data-alb=27&#039; )\">5&nbsp;Galerien&nbsp;anzeigen<\/a><\/div><\/div><div title=\" \" onclick=\"wppaStopProp(event);\"><\/div><div style=\"clear:both;\"><\/div><\/div><div id=\"album-26-1\" title=\"Zeige die Galerie Bootstouren - Sammlung\" style=\"width:100%;float:right;cursor:pointer;\" class=\"wppa-album-cover-standard album wppa-box wppa-cover-box wppa-cover-box-mcr-1\" onclick=\"wppaDoAjaxRender(event, 1, &#039;https:\/\/kruse.sh\/portal\/wp-json\/wp-photo-album-plus\/endPoint?action=wppa&wppa-action=render&wppa-size=640&occur=1&wppa-fromp=671&lang=de&album=5d16b36828423643&cover=0&data-alb=26&#039;, &#039;https:\/\/kruse.sh\/portal\/galerie\/?occur=1&lang=de&cover=0&album=5d16b36828423643&data-alb=26&#039; )\"><div id=\"covertext_frame_26_1\" style=\"width:429px; float:left\" class=\"wppa-text-frame-1 wppa-text-frame wppa-cover-text-frame wppa-asym-text-frame-mcr-1\"><h2 style=\"clear:none\" class=\"wppa-title\"><a title=\"Zeige die Galerie Bootstouren - Sammlung\" style=\"cursor:pointer\" class=\"wppa-title\" onclick=\"wppaDoAjaxRender(event, 1, &#039;https:\/\/kruse.sh\/portal\/wp-json\/wp-photo-album-plus\/endPoint?action=wppa&wppa-action=render&wppa-size=640&occur=1&wppa-fromp=671&lang=de&album=5d16b36828423643&cover=0&data-alb=26&#039;, &#039;https:\/\/kruse.sh\/portal\/galerie\/?occur=1&lang=de&cover=0&album=5d16b36828423643&data-alb=26&#039; )\">Bootstouren - Sammlung<\/a><\/h2><div style=\"min-height:54px;\" class=\"wppa-box-text wppa-black wppa-box-text-desc\"><\/div><div class=\"wppa-box-text wppa-black wppa-info wppa-slideshow-browse-link wppa-album-cover-link\">&nbsp;<\/div><div class=\"wppa-box-text wppa-black wppa-info wppa-viewlink wppa-album-cover-link\"><a title=\"Zeige das Album Bootstouren - Sammlung\" style=\"cursor:pointer;\" class=\"wppa-album-cover-link\" onclick=\"wppaDoAjaxRender(event, 1, &#039;https:\/\/kruse.sh\/portal\/wp-json\/wp-photo-album-plus\/endPoint?action=wppa&wppa-action=render&wppa-size=640&occur=1&wppa-fromp=671&lang=de&album=5d16b36828423643&cover=0&data-alb=26&#039;, &#039;https:\/\/kruse.sh\/portal\/galerie\/?occur=1&lang=de&cover=0&album=5d16b36828423643&data-alb=26&#039; )\">3&nbsp;Galerien&nbsp;anzeigen<\/a><\/div><\/div><div title=\" \" onclick=\"wppaStopProp(event);\"><\/div><div style=\"clear:both;\"><\/div><\/div><div id=\"album-25-1\" title=\"Zeige die Galerie Sorbenweg 6 - Sammlungen\" style=\"width:100%;float:right;cursor:pointer;\" class=\"wppa-album-cover-standard album wppa-box wppa-cover-box wppa-cover-box-mcr-1\" onclick=\"wppaDoAjaxRender(event, 1, &#039;https:\/\/kruse.sh\/portal\/wp-json\/wp-photo-album-plus\/endPoint?action=wppa&wppa-action=render&wppa-size=640&occur=1&wppa-fromp=671&lang=de&album=a84da54a3b4aaa69&cover=0&data-alb=25&#039;, &#039;https:\/\/kruse.sh\/portal\/galerie\/?occur=1&lang=de&cover=0&album=a84da54a3b4aaa69&data-alb=25&#039; )\"><div id=\"covertext_frame_25_1\" style=\"width:429px; float:left\" class=\"wppa-text-frame-1 wppa-text-frame wppa-cover-text-frame wppa-asym-text-frame-mcr-1\"><h2 style=\"clear:none\" class=\"wppa-title\"><a title=\"Zeige die Galerie Sorbenweg 6 - Sammlungen\" style=\"cursor:pointer\" class=\"wppa-title\" onclick=\"wppaDoAjaxRender(event, 1, &#039;https:\/\/kruse.sh\/portal\/wp-json\/wp-photo-album-plus\/endPoint?action=wppa&wppa-action=render&wppa-size=640&occur=1&wppa-fromp=671&lang=de&album=a84da54a3b4aaa69&cover=0&data-alb=25&#039;, &#039;https:\/\/kruse.sh\/portal\/galerie\/?occur=1&lang=de&cover=0&album=a84da54a3b4aaa69&data-alb=25&#039; )\">Sorbenweg 6 - Sammlungen<\/a><\/h2><div style=\"min-height:54px;\" class=\"wppa-box-text wppa-black wppa-box-text-desc\"><\/div><div class=\"wppa-box-text wppa-black wppa-info wppa-slideshow-browse-link wppa-album-cover-link\">&nbsp;<\/div><div class=\"wppa-box-text wppa-black wppa-info wppa-viewlink wppa-album-cover-link\"><a title=\"Zeige das Album Sorbenweg 6 - Sammlungen\" style=\"cursor:pointer;\" class=\"wppa-album-cover-link\" onclick=\"wppaDoAjaxRender(event, 1, &#039;https:\/\/kruse.sh\/portal\/wp-json\/wp-photo-album-plus\/endPoint?action=wppa&wppa-action=render&wppa-size=640&occur=1&wppa-fromp=671&lang=de&album=a84da54a3b4aaa69&cover=0&data-alb=25&#039;, &#039;https:\/\/kruse.sh\/portal\/galerie\/?occur=1&lang=de&cover=0&album=a84da54a3b4aaa69&data-alb=25&#039; )\">7&nbsp;Galerien&nbsp;anzeigen<\/a><\/div><\/div><div title=\" \" onclick=\"wppaStopProp(event);\"><\/div><div style=\"clear:both;\"><\/div><\/div><div id=\"album-24-1\" title=\"Zeige die Galerie Spiekeroog - Sammlung\" style=\"width:100%;float:right;cursor:pointer;\" class=\"wppa-album-cover-standard album wppa-box wppa-cover-box wppa-cover-box-mcr-1\" onclick=\"wppaDoAjaxRender(event, 1, &#039;https:\/\/kruse.sh\/portal\/wp-json\/wp-photo-album-plus\/endPoint?action=wppa&wppa-action=render&wppa-size=640&occur=1&wppa-fromp=671&lang=de&album=9dc499092cdbec85&cover=0&data-alb=24&albums-only=1&#039;, &#039;https:\/\/kruse.sh\/portal\/galerie\/?occur=1&lang=de&albums-only=1&cover=0&album=9dc499092cdbec85&data-alb=24&#039; )\"><div id=\"covertext_frame_24_1\" style=\"width:429px; float:left\" class=\"wppa-text-frame-1 wppa-text-frame wppa-cover-text-frame wppa-asym-text-frame-mcr-1\"><h2 style=\"clear:none\" class=\"wppa-title\"><a title=\"Zeige die Galerie Spiekeroog - Sammlung\" style=\"cursor:pointer\" class=\"wppa-title\" onclick=\"wppaDoAjaxRender(event, 1, &#039;https:\/\/kruse.sh\/portal\/wp-json\/wp-photo-album-plus\/endPoint?action=wppa&wppa-action=render&wppa-size=640&occur=1&wppa-fromp=671&lang=de&album=9dc499092cdbec85&cover=0&data-alb=24&albums-only=1&#039;, &#039;https:\/\/kruse.sh\/portal\/galerie\/?occur=1&lang=de&albums-only=1&cover=0&album=9dc499092cdbec85&data-alb=24&#039; )\">Spiekeroog - Sammlung<\/a><\/h2><div style=\"min-height:54px;\" class=\"wppa-box-text wppa-black wppa-box-text-desc\"><\/div><div class=\"wppa-box-text wppa-black wppa-info wppa-slideshow-browse-link wppa-album-cover-link\">&nbsp;<\/div><div class=\"wppa-box-text wppa-black wppa-info wppa-viewlink wppa-album-cover-link\"><a title=\"Zeige das Album Spiekeroog - Sammlung\" style=\"cursor:pointer;\" class=\"wppa-album-cover-link\" onclick=\"wppaDoAjaxRender(event, 1, &#039;https:\/\/kruse.sh\/portal\/wp-json\/wp-photo-album-plus\/endPoint?action=wppa&wppa-action=render&wppa-size=640&occur=1&wppa-fromp=671&lang=de&album=9dc499092cdbec85&cover=0&data-alb=24&#039;, &#039;https:\/\/kruse.sh\/portal\/galerie\/?occur=1&lang=de&cover=0&album=9dc499092cdbec85&data-alb=24&#039; )\">2&nbsp;Galerien&nbsp;anzeigen<\/a><\/div><\/div><div title=\" \" onclick=\"wppaStopProp(event);\"><\/div><div style=\"clear:both;\"><\/div><\/div><div id=\"album-11-1\" title=\"Zeige die Galerie IGS 2013\" style=\"width:100%;float:right;cursor:pointer;\" class=\"wppa-album-cover-standard album wppa-box wppa-cover-box wppa-cover-box-mcr-1\" onclick=\"wppaDoAjaxRender(event, 1, &#039;https:\/\/kruse.sh\/portal\/wp-json\/wp-photo-album-plus\/endPoint?action=wppa&wppa-action=render&wppa-size=640&occur=1&wppa-fromp=671&lang=de&album=ed9ce6341d44dc3c&cover=0&data-alb=11&#039;, &#039;https:\/\/kruse.sh\/portal\/galerie\/?occur=1&lang=de&cover=0&album=ed9ce6341d44dc3c&data-alb=11&#039; )\"><div id=\"covertext_frame_11_1\" style=\"width:429px; float:left\" class=\"wppa-text-frame-1 wppa-text-frame wppa-cover-text-frame wppa-asym-text-frame-mcr-1\"><h2 style=\"clear:none\" class=\"wppa-title\"><a title=\"Zeige die Galerie IGS 2013\" style=\"cursor:pointer\" class=\"wppa-title\" onclick=\"wppaDoAjaxRender(event, 1, &#039;https:\/\/kruse.sh\/portal\/wp-json\/wp-photo-album-plus\/endPoint?action=wppa&wppa-action=render&wppa-size=640&occur=1&wppa-fromp=671&lang=de&album=ed9ce6341d44dc3c&cover=0&data-alb=11&#039;, &#039;https:\/\/kruse.sh\/portal\/galerie\/?occur=1&lang=de&cover=0&album=ed9ce6341d44dc3c&data-alb=11&#039; )\">IGS 2013<\/a><\/h2><span title=\"Anzahl der Elemente\" style=\"cursor:pointer;\" class=\"wppa-cover-pcount\" onclick=\"wppaStopProp(event);\"> (82)<\/span><div style=\"min-height:54px;\" class=\"wppa-box-text wppa-black wppa-box-text-desc\">Am 7. Oktober 2013 haben wir die Internationale Gartenschau (IGS) in Hamburg-Wilhelmsburg besucht. Hier ein paar Fotos.<\/div><div class=\"wppa-box-text wppa-black wppa-info wppa-slideshow-browse-link wppa-album-cover-link\"><a title=\"Diashow\" style=\"cursor:pointer\" class=\"wppa-album-cover-link\" onclick=\"wppaDoAjaxRender(event, 1, &#039;https:\/\/kruse.sh\/portal\/wp-json\/wp-photo-album-plus\/endPoint?action=wppa&wppa-action=render&wppa-size=640&occur=1&wppa-fromp=671&lang=de&slide=1&album=ed9ce6341d44dc3c&#039;, &#039;https:\/\/kruse.sh\/portal\/galerie\/?occur=1&lang=de&slide=1&album=ed9ce6341d44dc3c&#039; )\">Diashow<\/a><\/div><div class=\"wppa-box-text wppa-black wppa-info wppa-viewlink wppa-album-cover-link\"><a title=\"Zeige die Galerie IGS 2013\" style=\"cursor:pointer;\" class=\"wppa-album-cover-link\" onclick=\"wppaDoAjaxRender(event, 1, &#039;https:\/\/kruse.sh\/portal\/wp-json\/wp-photo-album-plus\/endPoint?action=wppa&wppa-action=render&wppa-size=640&occur=1&wppa-fromp=671&lang=de&album=ed9ce6341d44dc3c&cover=0&data-alb=11&#039;, &#039;https:\/\/kruse.sh\/portal\/galerie\/?occur=1&lang=de&cover=0&album=ed9ce6341d44dc3c&data-alb=11&#039; )\">82&nbsp;Fotos&nbsp;anzeigen<\/a><\/div><\/div><div id=\"coverphoto_frame_11_1\" style=\"float:right; margin-left:5px;width:190px;\" class=\"coverphoto-frame\"><div title=\" \" style=\"display:inline-block;margin:0 4px;\" onclick=\"wppaStopProp(event)\"><a title=\"Zeige die Galerie IGS 2013\" style=\"border:0;color:transparent;cursor:pointer;\" target=\"_self\" onclick=\"wppaDoAjaxRender(event, 1, &#039;https:\/\/kruse.sh\/portal\/wp-json\/wp-photo-album-plus\/endPoint?action=wppa&wppa-action=render&wppa-size=640&occur=1&wppa-fromp=671&lang=de&album=ed9ce6341d44dc3c&cover=0&data-alb=11&#039;, &#039;https:\/\/kruse.sh\/portal\/galerie\/?occur=1&lang=de&cover=0&album=ed9ce6341d44dc3c&data-alb=11&#039; )\"><img style=\"border-width:0px;width:180px;height:135px;opacity:0.85;display:inline;\" alt=\"499\" class=\"image wppa-img\" onload=\"wppaLazyLoaded++;wppaMakeLazyVisible(&#039;onload&#039;);\" onerror=\"wppaLazyLoaded++;\" onmouseover=\"jQuery(this).fadeTo(400, 1.0)\" onmouseout=\"jQuery(this).fadeTo(400,0.85)\" decoding=\"async\" data-src=\"https:\/\/kruse.sh\/portal\/wp-content\/uploads\/wppa\/thumbs\/499.jpg?ver=68\"><\/a><\/div><div title=\"Anzahl der Fotoansichten in diesem Galerie\" style=\"cursor:pointer\" class=\"wppa-album-cover-viewcount\">Anzeigen: 1810<\/div><\/div><div title=\" \" onclick=\"wppaStopProp(event);\"><\/div><div style=\"clear:both;\"><\/div><\/div><\/div><div style=\"clear:both;\"><\/div><div id=\"wppa-container-1-end\"><\/div><\/div><\/div>\n<!-- End [wppa] \/portal\/wp-json\/wp\/v2\/pages\/671 oc 1 191 queries in 282.1 ms. at 09:35. Max mem: 136.00 Mb. -->\n","protected":false},"excerpt":{"rendered":"","protected":false},"author":2,"featured_media":0,"parent":0,"menu_order":40,"comment_status":"closed","ping_status":"closed","template":"onecolumn-page.php","meta":{"footnotes":""},"class_list":["post-671","page","type-page","status-publish","hentry"],"jetpack_shortlink":"https:\/\/wp.me\/P3OebG-aP","jetpack-related-posts":[{"id":112,"url":"https:\/\/kruse.sh\/portal\/galerie\/galeriekrusepic\/","url_meta":{"origin":671,"position":0},"title":"KrusePic","author":"Andreas","date":"30. Mai 2013","format":false,"excerpt":"","rel":"","context":"\u00c4hnlicher Beitrag","block_context":{"text":"\u00c4hnlicher Beitrag","link":""},"img":{"alt_text":"","src":"","width":0,"height":0},"classes":[]},{"id":682,"url":"https:\/\/kruse.sh\/portal\/galerie\/galeriekrusepic\/bootstouren\/","url_meta":{"origin":671,"position":1},"title":"Bootstouren","author":"Andreas","date":"23. August 2013","format":false,"excerpt":"","rel":"","context":"\u00c4hnlicher Beitrag","block_context":{"text":"\u00c4hnlicher Beitrag","link":""},"img":{"alt_text":"","src":"","width":0,"height":0},"classes":[]},{"id":127,"url":"https:\/\/kruse.sh\/portal\/galerie\/galeriekrusepic\/sorbenweg6\/","url_meta":{"origin":671,"position":2},"title":"Sorbenweg 6","author":"Andreas","date":"30. Mai 2013","format":false,"excerpt":"","rel":"","context":"\u00c4hnlicher Beitrag","block_context":{"text":"\u00c4hnlicher Beitrag","link":""},"img":{"alt_text":"","src":"","width":0,"height":0},"classes":[]},{"id":497,"url":"https:\/\/kruse.sh\/portal\/galerie\/galeriekrusepic\/heiligenhafen\/","url_meta":{"origin":671,"position":3},"title":"Heiligenhafen","author":"Andreas","date":"18. Juli 2013","format":false,"excerpt":"Heiligenhafen ist unsere zweite Heimat.","rel":"","context":"\u00c4hnlicher Beitrag","block_context":{"text":"\u00c4hnlicher Beitrag","link":""},"img":{"alt_text":"","src":"","width":0,"height":0},"classes":[]},{"id":635,"url":"https:\/\/kruse.sh\/portal\/galerie\/galeriekrusepic\/oetz\/","url_meta":{"origin":671,"position":4},"title":"Oetz","author":"Andreas","date":"21. August 2013","format":false,"excerpt":"Ski-Urlaub in Hochoetz\/Oetz (\u00d6sterreich)","rel":"","context":"\u00c4hnlicher Beitrag","block_context":{"text":"\u00c4hnlicher Beitrag","link":""},"img":{"alt_text":"","src":"","width":0,"height":0},"classes":[]},{"id":495,"url":"https:\/\/kruse.sh\/portal\/galerie\/galeriekrusepic\/spiekeroog-2009\/","url_meta":{"origin":671,"position":5},"title":"Spiekeroog","author":"Andreas","date":"18. Juli 2013","format":false,"excerpt":"Urlaub auf der wundersch\u00f6nen ostfriesischen Insel Spiegeroog","rel":"","context":"\u00c4hnlicher Beitrag","block_context":{"text":"\u00c4hnlicher Beitrag","link":""},"img":{"alt_text":"","src":"","width":0,"height":0},"classes":[]}],"jetpack_sharing_enabled":true,"_links":{"self":[{"href":"https:\/\/kruse.sh\/portal\/wp-json\/wp\/v2\/pages\/671","targetHints":{"allow":["GET"]}}],"collection":[{"href":"https:\/\/kruse.sh\/portal\/wp-json\/wp\/v2\/pages"}],"about":[{"href":"https:\/\/kruse.sh\/portal\/wp-json\/wp\/v2\/types\/page"}],"author":[{"embeddable":true,"href":"https:\/\/kruse.sh\/portal\/wp-json\/wp\/v2\/users\/2"}],"replies":[{"embeddable":true,"href":"https:\/\/kruse.sh\/portal\/wp-json\/wp\/v2\/comments?post=671"}],"version-history":[{"count":0,"href":"https:\/\/kruse.sh\/portal\/wp-json\/wp\/v2\/pages\/671\/revisions"}],"wp:attachment":[{"href":"https:\/\/kruse.sh\/portal\/wp-json\/wp\/v2\/media?parent=671"}],"curies":[{"name":"wp","href":"https:\/\/api.w.org\/{rel}","templated":true}]}}