{"id":635,"date":"2013-08-21T23:33:34","date_gmt":"2013-08-21T21:33:34","guid":{"rendered":"http:\/\/www.kruse.sh\/portal\/?page_id=635"},"modified":"2020-11-23T22:24:14","modified_gmt":"2020-11-23T21:24:14","slug":"oetz","status":"publish","type":"page","link":"https:\/\/kruse.sh\/portal\/galerie\/galeriekrusepic\/oetz\/","title":{"rendered":"Oetz"},"content":{"rendered":"<p>Ski-Urlaub in Hochoetz\/Oetz (\u00d6sterreich)<br \/>\n \n<!-- Start container 1 --><div id=\"wppa-modal-container-1\" class=\"wppa-modal-container\" style=\"position:relative;z-index:100000;\" data-wppa=\"yes\"><\/div><div id=\"wppa-container-wrapper-1\" class=\"alignnone wppa-container-wrapper \" style=\"width:100%;clear:both;padding:0;position:relative;\"><div id=\"wppa-container-1\" style=\"width:100%;\" class=\"wppa-container wppa-container-1 wppa-rev-9110011 wppa-prevrev-9109005 wppa-theme-9.1.10.011 wppa-api-9.1.10.011\"><svg id=\"wppa-ajax-spin-1\" class=\"wppa-ajax-spin uil-default\" width=\"116px\" height=\"120px\" viewBox=\"0 0 135 140\" preserveAspectRatio=\"xMidYMid\" stroke=\"#666666\" style=\"width:116px; height:120px; position:fixed; top:50%; margin-top:-60px; left:50%; margin-left:-60px; opacity:1; display:none; fill:#666666; background-color:#dddddd; border-radius:60px;\"><rect y=\"10\" width=\"15\" height=\"120\" rx=\"6\"><animate attributeName=\"height\" begin=\"0.5s\" dur=\"1s\" values=\"120;110;100;90;80;70;60;50;40;140;120\" calcMode=\"linear\" repeatCount=\"indefinite\" ><animate attributeName=\"y\" begin=\"0.5s\" dur=\"1s\" values=\"10;15;20;25;30;35;40;45;50;0;10\" calcMode=\"linear\" repeatCount=\"indefinite\" ><\/rect><rect x=\"30\" y=\"10\" width=\"15\" height=\"120\" rx=\"6\"><animate attributeName=\"height\" begin=\"0.25s\" dur=\"1s\" values=\"120;110;100;90;80;70;60;50;40;140;120\" calcMode=\"linear\" repeatCount=\"indefinite\" ><animate attributeName=\"y\" begin=\"0.25s\" dur=\"1s\" values=\"10;15;20;25;30;35;40;45;50;0;10\" calcMode=\"linear\" repeatCount=\"indefinite\" ><\/rect><rect x=\"60\" width=\"15\" height=\"140\" rx=\"6\"><animate attributeName=\"height\" begin=\"0s\" dur=\"1s\" values=\"120;110;100;90;80;70;60;50;40;140;120\" calcMode=\"linear\" repeatCount=\"indefinite\" ><animate attributeName=\"y\" begin=\"0s\" dur=\"1s\" values=\"10;15;20;25;30;35;40;45;50;0;10\" calcMode=\"linear\" repeatCount=\"indefinite\" ><\/rect><rect x=\"90\" y=\"10\" width=\"15\" height=\"120\" rx=\"6\"><animate attributeName=\"height\" begin=\"0.25s\" dur=\"1s\" values=\"120;110;100;90;80;70;60;50;40;140;120\" calcMode=\"linear\" repeatCount=\"indefinite\" ><animate attributeName=\"y\" begin=\"0.25s\" dur=\"1s\" values=\"10;15;20;25;30;35;40;45;50;0;10\" calcMode=\"linear\" repeatCount=\"indefinite\" ><\/rect><rect x=\"120\" y=\"10\" width=\"15\" height=\"120\" rx=\"6\"><animate attributeName=\"height\" begin=\"0.5s\" dur=\"1s\" values=\"120;110;100;90;80;70;60;50;40;140;120\" calcMode=\"linear\" repeatCount=\"indefinite\" ><animate attributeName=\"y\" begin=\"0.5s\" dur=\"1s\" values=\"10;15;20;25;30;35;40;45;50;0;10\" calcMode=\"linear\" repeatCount=\"indefinite\" ><\/rect><\/svg><input type=\"hidden\" id=\"wppa-nonce-0-1\" name=\"wppa-nonce\" value=\"0475ef741e\" ><div id=\"wppa-albumlist-1\" style=\"overflow:auto;\" class=\"albumlist\"><div id=\"album-17-1\" title=\"Zeige die Galerie Oetz 2014\/15\" style=\"width:100%;clear:both;cursor:pointer;\" class=\"wppa-album-cover-standard album wppa-box wppa-cover-box wppa-cover-box-mcr-1\" onclick=\"wppaDoAjaxRender(event, 1, &#039;https:\/\/kruse.sh\/portal\/wp-json\/wp-photo-album-plus\/endPoint?action=wppa&wppa-action=render&wppa-size=640&occur=1&wppa-fromp=635&lang=de&album=bda752f3516bd720&cover=0&data-alb=17&#039;, &#039;https:\/\/kruse.sh\/portal\/galerie\/galeriekrusepic\/oetz\/?occur=1&lang=de&cover=0&album=bda752f3516bd720&data-alb=17&#039; )\"><div id=\"covertext_frame_17_1\" style=\"width:429px; float:left\" class=\"wppa-text-frame-1 wppa-text-frame wppa-cover-text-frame wppa-asym-text-frame-mcr-1\"><h2 style=\"clear:none\" class=\"wppa-title\"><a title=\"Zeige die Galerie Oetz 2014\/15\" style=\"cursor:pointer\" class=\"wppa-title\" onclick=\"wppaDoAjaxRender(event, 1, &#039;https:\/\/kruse.sh\/portal\/wp-json\/wp-photo-album-plus\/endPoint?action=wppa&wppa-action=render&wppa-size=640&occur=1&wppa-fromp=635&lang=de&album=bda752f3516bd720&cover=0&data-alb=17&#039;, &#039;https:\/\/kruse.sh\/portal\/galerie\/galeriekrusepic\/oetz\/?occur=1&lang=de&cover=0&album=bda752f3516bd720&data-alb=17&#039; )\">Oetz 2014\/15<\/a><\/h2><span title=\"Anzahl der Elemente\" style=\"cursor:pointer;\" class=\"wppa-cover-pcount\" onclick=\"wppaStopProp(event);\"> (105)<\/span><div style=\"min-height:54px;\" class=\"wppa-box-text wppa-black wppa-box-text-desc\">Winterurlaub in Hochoetz 2014\/15, untergebraucht im Waldhotel in Habichen (www.waldhotel.at)<\/div><div class=\"wppa-box-text wppa-black wppa-info wppa-slideshow-browse-link wppa-album-cover-link\"><a title=\"Diashow\" style=\"cursor:pointer\" class=\"wppa-album-cover-link\" onclick=\"wppaDoAjaxRender(event, 1, &#039;https:\/\/kruse.sh\/portal\/wp-json\/wp-photo-album-plus\/endPoint?action=wppa&wppa-action=render&wppa-size=640&occur=1&wppa-fromp=635&lang=de&slide=1&album=bda752f3516bd720&#039;, &#039;https:\/\/kruse.sh\/portal\/galerie\/galeriekrusepic\/oetz\/?occur=1&lang=de&slide=1&album=bda752f3516bd720&#039; )\">Diashow<\/a><\/div><div class=\"wppa-box-text wppa-black wppa-info wppa-viewlink wppa-album-cover-link\"><a title=\"Zeige die Galerie Oetz 2014\/15\" style=\"cursor:pointer;\" class=\"wppa-album-cover-link\" onclick=\"wppaDoAjaxRender(event, 1, &#039;https:\/\/kruse.sh\/portal\/wp-json\/wp-photo-album-plus\/endPoint?action=wppa&wppa-action=render&wppa-size=640&occur=1&wppa-fromp=635&lang=de&album=bda752f3516bd720&cover=0&data-alb=17&#039;, &#039;https:\/\/kruse.sh\/portal\/galerie\/galeriekrusepic\/oetz\/?occur=1&lang=de&cover=0&album=bda752f3516bd720&data-alb=17&#039; )\">105&nbsp;Fotos&nbsp;anzeigen<\/a><\/div><\/div><div id=\"coverphoto_frame_17_1\" style=\"float:right; margin-left:5px;width:190px;\" class=\"coverphoto-frame\"><div title=\" \" style=\"display:inline-block;margin:0 4px;\" onclick=\"wppaStopProp(event)\"><a title=\"Zeige die Galerie Oetz 2014\/15\" style=\"border:0;color:transparent;cursor:pointer;\" target=\"_self\" onclick=\"wppaDoAjaxRender(event, 1, &#039;https:\/\/kruse.sh\/portal\/wp-json\/wp-photo-album-plus\/endPoint?action=wppa&wppa-action=render&wppa-size=640&occur=1&wppa-fromp=635&lang=de&album=bda752f3516bd720&cover=0&data-alb=17&#039;, &#039;https:\/\/kruse.sh\/portal\/galerie\/galeriekrusepic\/oetz\/?occur=1&lang=de&cover=0&album=bda752f3516bd720&data-alb=17&#039; )\"><img style=\"border-width:0px;width:180px;height:102px;opacity:0.85;display:inline;\" alt=\"916\" class=\"image wppa-img\" onload=\"wppaLazyLoaded++;wppaMakeLazyVisible(&#039;onload&#039;);\" onerror=\"wppaLazyLoaded++;\" onmouseover=\"jQuery(this).fadeTo(400, 1.0)\" onmouseout=\"jQuery(this).fadeTo(400,0.85)\" decoding=\"async\" data-src=\"https:\/\/kruse.sh\/portal\/wp-content\/uploads\/wppa\/thumbs\/916.jpg?ver=68\"><\/a><\/div><div title=\"Anzahl der Fotoansichten in diesem Galerie\" style=\"cursor:pointer\" class=\"wppa-album-cover-viewcount\">Anzeigen: 8604<\/div><\/div><div title=\" \" onclick=\"wppaStopProp(event);\"><\/div><div style=\"clear:both;\"><\/div><\/div><div id=\"album-9-1\" title=\"Zeige die Galerie Urlaub in Oetz 2012\" style=\"width:100%;float:right;cursor:pointer;\" class=\"wppa-album-cover-standard album wppa-box wppa-cover-box wppa-cover-box-mcr-1\" onclick=\"wppaDoAjaxRender(event, 1, &#039;https:\/\/kruse.sh\/portal\/wp-json\/wp-photo-album-plus\/endPoint?action=wppa&wppa-action=render&wppa-size=640&occur=1&wppa-fromp=635&lang=de&album=e5c670e94a23558e&cover=0&data-alb=9&#039;, &#039;https:\/\/kruse.sh\/portal\/galerie\/galeriekrusepic\/oetz\/?occur=1&lang=de&cover=0&album=e5c670e94a23558e&data-alb=9&#039; )\"><div id=\"covertext_frame_9_1\" style=\"width:429px; float:left\" class=\"wppa-text-frame-1 wppa-text-frame wppa-cover-text-frame wppa-asym-text-frame-mcr-1\"><h2 style=\"clear:none\" class=\"wppa-title\"><a title=\"Zeige die Galerie Urlaub in Oetz 2012\" style=\"cursor:pointer\" class=\"wppa-title\" onclick=\"wppaDoAjaxRender(event, 1, &#039;https:\/\/kruse.sh\/portal\/wp-json\/wp-photo-album-plus\/endPoint?action=wppa&wppa-action=render&wppa-size=640&occur=1&wppa-fromp=635&lang=de&album=e5c670e94a23558e&cover=0&data-alb=9&#039;, &#039;https:\/\/kruse.sh\/portal\/galerie\/galeriekrusepic\/oetz\/?occur=1&lang=de&cover=0&album=e5c670e94a23558e&data-alb=9&#039; )\">Urlaub in Oetz 2012<\/a><\/h2><span title=\"Anzahl der Elemente\" style=\"cursor:pointer;\" class=\"wppa-cover-pcount\" onclick=\"wppaStopProp(event);\"> (32)<\/span><div style=\"min-height:54px;\" class=\"wppa-box-text wppa-black wppa-box-text-desc\">Unser Ski-Urlaub 2012 in Hochoetz\/Oetz (\u00d6sterreich)<\/div><div class=\"wppa-box-text wppa-black wppa-info wppa-slideshow-browse-link wppa-album-cover-link\"><a title=\"Diashow\" style=\"cursor:pointer\" class=\"wppa-album-cover-link\" onclick=\"wppaDoAjaxRender(event, 1, &#039;https:\/\/kruse.sh\/portal\/wp-json\/wp-photo-album-plus\/endPoint?action=wppa&wppa-action=render&wppa-size=640&occur=1&wppa-fromp=635&lang=de&slide=1&album=e5c670e94a23558e&#039;, &#039;https:\/\/kruse.sh\/portal\/galerie\/galeriekrusepic\/oetz\/?occur=1&lang=de&slide=1&album=e5c670e94a23558e&#039; )\">Diashow<\/a><\/div><div class=\"wppa-box-text wppa-black wppa-info wppa-viewlink wppa-album-cover-link\"><a title=\"Zeige die Galerie Urlaub in Oetz 2012\" style=\"cursor:pointer;\" class=\"wppa-album-cover-link\" onclick=\"wppaDoAjaxRender(event, 1, &#039;https:\/\/kruse.sh\/portal\/wp-json\/wp-photo-album-plus\/endPoint?action=wppa&wppa-action=render&wppa-size=640&occur=1&wppa-fromp=635&lang=de&album=e5c670e94a23558e&cover=0&data-alb=9&#039;, &#039;https:\/\/kruse.sh\/portal\/galerie\/galeriekrusepic\/oetz\/?occur=1&lang=de&cover=0&album=e5c670e94a23558e&data-alb=9&#039; )\">32&nbsp;Fotos&nbsp;anzeigen<\/a><\/div><\/div><div id=\"coverphoto_frame_9_1\" style=\"float:right; margin-left:5px;width:190px;\" class=\"coverphoto-frame\"><div title=\" \" style=\"display:inline-block;margin:0 4px;\" onclick=\"wppaStopProp(event)\"><a title=\"Zeige die Galerie Urlaub in Oetz 2012\" style=\"border:0;color:transparent;cursor:pointer;\" target=\"_self\" onclick=\"wppaDoAjaxRender(event, 1, &#039;https:\/\/kruse.sh\/portal\/wp-json\/wp-photo-album-plus\/endPoint?action=wppa&wppa-action=render&wppa-size=640&occur=1&wppa-fromp=635&lang=de&album=e5c670e94a23558e&cover=0&data-alb=9&#039;, &#039;https:\/\/kruse.sh\/portal\/galerie\/galeriekrusepic\/oetz\/?occur=1&lang=de&cover=0&album=e5c670e94a23558e&data-alb=9&#039; )\"><img style=\"border-width:0px;width:180px;height:101px;opacity:0.85;display:inline;\" alt=\"364\" class=\"image wppa-img\" onload=\"wppaLazyLoaded++;wppaMakeLazyVisible(&#039;onload&#039;);\" onerror=\"wppaLazyLoaded++;\" onmouseover=\"jQuery(this).fadeTo(400, 1.0)\" onmouseout=\"jQuery(this).fadeTo(400,0.85)\" decoding=\"async\" data-src=\"https:\/\/kruse.sh\/portal\/wp-content\/uploads\/wppa\/thumbs\/364.jpg?ver=68\"><\/a><\/div><div title=\"Anzahl der Fotoansichten in diesem Galerie\" style=\"cursor:pointer\" class=\"wppa-album-cover-viewcount\">Anzeigen: 574<\/div><\/div><div title=\" \" onclick=\"wppaStopProp(event);\"><\/div><div style=\"clear:both;\"><\/div><\/div><\/div><div style=\"clear:both;\"><\/div><div id=\"wppa-container-1-end\"><\/div><\/div><\/div>\n<!-- End [wppa type=\"album\" album=\"32\"] \/portal\/wp-json\/wp\/v2\/pages\/635 oc 1 27 queries in 66.5 ms. at 07:41. Max mem: 138.00 Mb. --><\/p>\n","protected":false},"excerpt":{"rendered":"<p>Ski-Urlaub in Hochoetz\/Oetz (\u00d6sterreich)<\/p>\n","protected":false},"author":2,"featured_media":0,"parent":112,"menu_order":9,"comment_status":"closed","ping_status":"closed","template":"onecolumn-page.php","meta":{"footnotes":""},"class_list":["post-635","page","type-page","status-publish","hentry"],"jetpack_shortlink":"https:\/\/wp.me\/P3OebG-af","jetpack-related-posts":[{"id":1416,"url":"https:\/\/kruse.sh\/portal\/galerie\/oetz-201415\/","url_meta":{"origin":635,"position":0},"title":"Oetz 2014\/15","author":"Andreas","date":"5. Januar 2015","format":false,"excerpt":"Unser Ski-Urlaub 2014\/15 in Hochoetz\/Oetz (\u00d6sterreich)","rel":"","context":"\u00c4hnlicher Beitrag","block_context":{"text":"\u00c4hnlicher Beitrag","link":""},"img":{"alt_text":"","src":"","width":0,"height":0},"classes":[]},{"id":495,"url":"https:\/\/kruse.sh\/portal\/galerie\/galeriekrusepic\/spiekeroog-2009\/","url_meta":{"origin":635,"position":1},"title":"Spiekeroog","author":"Andreas","date":"18. Juli 2013","format":false,"excerpt":"Urlaub auf der wundersch\u00f6nen ostfriesischen Insel Spiegeroog","rel":"","context":"\u00c4hnlicher Beitrag","block_context":{"text":"\u00c4hnlicher Beitrag","link":""},"img":{"alt_text":"","src":"","width":0,"height":0},"classes":[]},{"id":869,"url":"https:\/\/kruse.sh\/portal\/skigebiet-hochoetz\/skigebiet-hochoetz-webcam-oetz-piburger-see\/","url_meta":{"origin":635,"position":2},"title":"Skigebiet Hochoetz | Webcam Oetz Piburger See","author":"Andreas","date":"11. Oktober 2013","format":false,"excerpt":"Quelle: Webcam Bergbahn-Hochoetz und www.oetz.com","rel":"","context":"\u00c4hnlicher Beitrag","block_context":{"text":"\u00c4hnlicher Beitrag","link":""},"img":{"alt_text":"","src":"","width":0,"height":0},"classes":[]},{"id":682,"url":"https:\/\/kruse.sh\/portal\/galerie\/galeriekrusepic\/bootstouren\/","url_meta":{"origin":635,"position":3},"title":"Bootstouren","author":"Andreas","date":"23. August 2013","format":false,"excerpt":"","rel":"","context":"\u00c4hnlicher Beitrag","block_context":{"text":"\u00c4hnlicher Beitrag","link":""},"img":{"alt_text":"","src":"","width":0,"height":0},"classes":[]},{"id":127,"url":"https:\/\/kruse.sh\/portal\/galerie\/galeriekrusepic\/sorbenweg6\/","url_meta":{"origin":635,"position":4},"title":"Sorbenweg 6","author":"Andreas","date":"30. Mai 2013","format":false,"excerpt":"","rel":"","context":"\u00c4hnlicher Beitrag","block_context":{"text":"\u00c4hnlicher Beitrag","link":""},"img":{"alt_text":"","src":"","width":0,"height":0},"classes":[]},{"id":497,"url":"https:\/\/kruse.sh\/portal\/galerie\/galeriekrusepic\/heiligenhafen\/","url_meta":{"origin":635,"position":5},"title":"Heiligenhafen","author":"Andreas","date":"18. Juli 2013","format":false,"excerpt":"Heiligenhafen ist unsere zweite Heimat.","rel":"","context":"\u00c4hnlicher Beitrag","block_context":{"text":"\u00c4hnlicher Beitrag","link":""},"img":{"alt_text":"","src":"","width":0,"height":0},"classes":[]}],"jetpack_sharing_enabled":true,"_links":{"self":[{"href":"https:\/\/kruse.sh\/portal\/wp-json\/wp\/v2\/pages\/635","targetHints":{"allow":["GET"]}}],"collection":[{"href":"https:\/\/kruse.sh\/portal\/wp-json\/wp\/v2\/pages"}],"about":[{"href":"https:\/\/kruse.sh\/portal\/wp-json\/wp\/v2\/types\/page"}],"author":[{"embeddable":true,"href":"https:\/\/kruse.sh\/portal\/wp-json\/wp\/v2\/users\/2"}],"replies":[{"embeddable":true,"href":"https:\/\/kruse.sh\/portal\/wp-json\/wp\/v2\/comments?post=635"}],"version-history":[{"count":0,"href":"https:\/\/kruse.sh\/portal\/wp-json\/wp\/v2\/pages\/635\/revisions"}],"up":[{"embeddable":true,"href":"https:\/\/kruse.sh\/portal\/wp-json\/wp\/v2\/pages\/112"}],"wp:attachment":[{"href":"https:\/\/kruse.sh\/portal\/wp-json\/wp\/v2\/media?parent=635"}],"curies":[{"name":"wp","href":"https:\/\/api.w.org\/{rel}","templated":true}]}}