{"id":497,"date":"2013-07-18T00:59:22","date_gmt":"2013-07-17T22:59:22","guid":{"rendered":"http:\/\/www.kruse.sh\/portal\/?page_id=497"},"modified":"2020-11-23T21:14:46","modified_gmt":"2020-11-23T20:14:46","slug":"heiligenhafen","status":"publish","type":"page","link":"https:\/\/kruse.sh\/portal\/galerie\/galeriekrusepic\/heiligenhafen\/","title":{"rendered":"Heiligenhafen"},"content":{"rendered":"<p>Heiligenhafen ist unsere zweite Heimat.<br \/>\n \n<!-- Start container 1 --><div id=\"wppa-modal-container-1\" class=\"wppa-modal-container\" style=\"position:relative;z-index:100000;\" data-wppa=\"yes\" ontouchmove=\"event.stopPropagation();\"><\/div><div id=\"wppa-container-wrapper-1\" class=\"alignnone wppa-container-wrapper \" style=\"width:100%;clear:both;padding:0;position:relative;\"><div id=\"wppa-container-1\" style=\"width:100%;\" class=\"wppa-container wppa-container-1 wppa-rev-9112007 wppa-prevrev-9111001 wppa-theme-9.1.12.007 wppa-api-9.1.12.007\"><svg id=\"wppa-ajax-spin-1\" class=\"wppa-ajax-spin uil-default\" width=\"116px\" height=\"120px\" viewBox=\"0 0 135 140\" preserveAspectRatio=\"xMidYMid\" stroke=\"#666666\" style=\"width:116px; height:120px; position:fixed; top:50%; margin-top:-60px; left:50%; margin-left:-60px; opacity:1; display:none; fill:#666666; background-color:#dddddd; border-radius:60px;\"><rect y=\"10\" width=\"15\" height=\"120\" rx=\"6\"><animate attributeName=\"height\" begin=\"0.5s\" dur=\"1s\" values=\"120;110;100;90;80;70;60;50;40;140;120\" calcMode=\"linear\" repeatCount=\"indefinite\" ><animate attributeName=\"y\" begin=\"0.5s\" dur=\"1s\" values=\"10;15;20;25;30;35;40;45;50;0;10\" calcMode=\"linear\" repeatCount=\"indefinite\" ><\/rect><rect x=\"30\" y=\"10\" width=\"15\" height=\"120\" rx=\"6\"><animate attributeName=\"height\" begin=\"0.25s\" dur=\"1s\" values=\"120;110;100;90;80;70;60;50;40;140;120\" calcMode=\"linear\" repeatCount=\"indefinite\" ><animate attributeName=\"y\" begin=\"0.25s\" dur=\"1s\" values=\"10;15;20;25;30;35;40;45;50;0;10\" calcMode=\"linear\" repeatCount=\"indefinite\" ><\/rect><rect x=\"60\" width=\"15\" height=\"140\" rx=\"6\"><animate attributeName=\"height\" begin=\"0s\" dur=\"1s\" values=\"120;110;100;90;80;70;60;50;40;140;120\" calcMode=\"linear\" repeatCount=\"indefinite\" ><animate attributeName=\"y\" begin=\"0s\" dur=\"1s\" values=\"10;15;20;25;30;35;40;45;50;0;10\" calcMode=\"linear\" repeatCount=\"indefinite\" ><\/rect><rect x=\"90\" y=\"10\" width=\"15\" height=\"120\" rx=\"6\"><animate attributeName=\"height\" begin=\"0.25s\" dur=\"1s\" values=\"120;110;100;90;80;70;60;50;40;140;120\" calcMode=\"linear\" repeatCount=\"indefinite\" ><animate attributeName=\"y\" begin=\"0.25s\" dur=\"1s\" values=\"10;15;20;25;30;35;40;45;50;0;10\" calcMode=\"linear\" repeatCount=\"indefinite\" ><\/rect><rect x=\"120\" y=\"10\" width=\"15\" height=\"120\" rx=\"6\"><animate attributeName=\"height\" begin=\"0.5s\" dur=\"1s\" values=\"120;110;100;90;80;70;60;50;40;140;120\" calcMode=\"linear\" repeatCount=\"indefinite\" ><animate attributeName=\"y\" begin=\"0.5s\" dur=\"1s\" values=\"10;15;20;25;30;35;40;45;50;0;10\" calcMode=\"linear\" repeatCount=\"indefinite\" ><\/rect><\/svg><input type=\"hidden\" id=\"wppa-nonce-0-1\" name=\"wppa-nonce\" value=\"04bbc8bf98\" ><div id=\"wppa-albumlist-1\" style=\"overflow:auto;\" class=\"albumlist\"><div id=\"album-38-1\" title=\"Zeige die Galerie Urlaub in Heiligenhafen 2022\" style=\"width:100%;clear:both;cursor:pointer;\" class=\"wppa-album-cover-imagefactory album wppa-box wppa-cover-box wppa-cover-box-1\" onclick=\"wppaDoAjaxRender(event, 1, &#039;https:\/\/kruse.sh\/portal\/wp-json\/wp-photo-album-plus\/endPoint?action=wppa&wppa-action=render&wppa-size=640&occur=1&wppa-fromp=497&lang=de&slide=1&album=9b153f93d000365c&#039;, &#039;https:\/\/kruse.sh\/portal\/galerie\/galeriekrusepic\/heiligenhafen\/?occur=1&lang=de&slide=1&album=9b153f93d000365c&#039; );return false;\"><div id=\"covertext_frame_38_1\" style=\"text-align:center;\" class=\"wppa-text-frame-1 wppa-text-frame wppa-cover-text-frame\"><h2 style=\"clear:none\" class=\"wppa-title\"><a title=\"Zeige die Galerie Urlaub in Heiligenhafen 2022\" href=\"https:\/\/kruse.sh\/portal\/galerie\/galeriekrusepic\/heiligenhafen\/?occur=1&#038;lang=de&#038;slide=1&#038;album=9b153f93d000365c\" target=\"_self\" class=\"wppa-title\" onclick=\"wppaDoAjaxRender(event, 1, &#039;https:\/\/kruse.sh\/portal\/wp-json\/wp-photo-album-plus\/endPoint?action=wppa&wppa-action=render&wppa-size=640&occur=1&wppa-fromp=497&lang=de&slide=1&album=9b153f93d000365c&#039;, &#039;https:\/\/kruse.sh\/portal\/galerie\/galeriekrusepic\/heiligenhafen\/?occur=1&lang=de&slide=1&album=9b153f93d000365c&#039; );return false;\">Urlaub in Heiligenhafen 2022<\/a><\/h2><span title=\"Anzahl der Elemente\" style=\"cursor:pointer;\" class=\"wppa-cover-pcount\" onclick=\"wppaStopProp(event);\"> (115)<\/span><div style=\"min-height:54px;\" class=\"wppa-box-text wppa-black wppa-box-text-desc\">Urlaub in unserer zweiten Heimat und das erste Mal Ostseewasser f\u00fcr MS Nessy<\/div><div class=\"wppa-box-text wppa-black wppa-info wppa-slideshow-browse-link wppa-album-cover-link\"><a title=\"Diashow\" style=\"cursor:pointer\" class=\"wppa-album-cover-link\" onclick=\"wppaDoAjaxRender(event, 1, &#039;https:\/\/kruse.sh\/portal\/wp-json\/wp-photo-album-plus\/endPoint?action=wppa&wppa-action=render&wppa-size=640&occur=1&wppa-fromp=497&lang=de&slide=1&album=9b153f93d000365c&#039;, &#039;https:\/\/kruse.sh\/portal\/galerie\/galeriekrusepic\/heiligenhafen\/?occur=1&lang=de&slide=1&album=9b153f93d000365c&#039; );return false;\">Diashow<\/a><\/div><div class=\"wppa-box-text wppa-black wppa-info wppa-viewlink-sym wppa-album-cover-link\"><a title=\"Zeige die Galerie Urlaub in Heiligenhafen 2022\" style=\"cursor:pointer;\" class=\"wppa-album-cover-link\" onclick=\"wppaDoAjaxRender(event, 1, &#039;https:\/\/kruse.sh\/portal\/wp-json\/wp-photo-album-plus\/endPoint?action=wppa&wppa-action=render&wppa-size=640&occur=1&wppa-fromp=497&lang=de&album=9b153f93d000365c&cover=0&data-alb=38&#039;, &#039;https:\/\/kruse.sh\/portal\/galerie\/galeriekrusepic\/heiligenhafen\/?occur=1&lang=de&cover=0&album=9b153f93d000365c&data-alb=38&#039; );return false;\">115&nbsp;Fotos&nbsp;anzeigen<\/a><\/div><\/div><div id=\"coverphoto_frame_38_1\" style=\"text-align:center;\" class=\"coverphoto-frame\"><div style=\"display:inline-block;margin:0 4px;\" onclick=\"wppaStopProp(event);\"><a title=\"Zeige die Galerie Urlaub in Heiligenhafen 2022\" style=\"border:0;color:transparent;\" href=\"https:\/\/kruse.sh\/portal\/galerie\/galeriekrusepic\/heiligenhafen\/?occur=1&#038;lang=de&#038;slide=1&#038;album=9b153f93d000365c\" target=\"_self\" onclick=\"wppaDoAjaxRender(event, 1, &#039;https:\/\/kruse.sh\/portal\/wp-json\/wp-photo-album-plus\/endPoint?action=wppa&wppa-action=render&wppa-size=640&occur=1&wppa-fromp=497&lang=de&slide=1&album=9b153f93d000365c&#039;, &#039;https:\/\/kruse.sh\/portal\/galerie\/galeriekrusepic\/heiligenhafen\/?occur=1&lang=de&slide=1&album=9b153f93d000365c&#039; );return false;\"><img style=\"border-width:0px;width:180px;height:102px;opacity:0.85;display:inline;\" width=\"200\" height=\"113\" src=\"https:\/\/kruse.sh\/portal\/wp-content\/uploads\/wppa\/thumbs\/1537.jpg?ver=68\" alt=\"1537\" class=\"image wppa-img\" onmouseover=\"jQuery(this).fadeTo(400, 1.0)\" onmouseout=\"jQuery(this).fadeTo(400,0.85)\" decoding=\"async\" loading=\"lazy\"><\/a><div style=\"position:relative;top:-32px;z-index:10;\"><img decoding=\"async\" title=\"Bronzemedaille\" style=\"right:6px;top:4px;position:absolute;border:none;margin:0;padding:0;box-shadow:none;height:24px;top:6px;\" src=\"https:\/\/kruse.sh\/portal\/wp-content\/uploads\/wppa\/icons\/medal_bronze_3.png\" alt=\"Bronzemedaille\" class=\"nolazy\"><\/div><\/div><\/div><div title=\" \" onclick=\"wppaStopProp(event);\"><\/div><div style=\"clear:both;\"><\/div><\/div><div id=\"album-8-1\" title=\"Zeige die Galerie Urlaub in Heiligenhafen - 2012\" style=\"width:100%;float:right;cursor:pointer;\" class=\"wppa-album-cover-standard album wppa-box wppa-cover-box wppa-cover-box-mcr-1\" onclick=\"wppaDoAjaxRender(event, 1, &#039;https:\/\/kruse.sh\/portal\/wp-json\/wp-photo-album-plus\/endPoint?action=wppa&wppa-action=render&wppa-size=640&occur=1&wppa-fromp=497&lang=de&album=4583e2b08399f249&cover=0&data-alb=8&#039;, &#039;https:\/\/kruse.sh\/portal\/galerie\/galeriekrusepic\/heiligenhafen\/?occur=1&lang=de&cover=0&album=4583e2b08399f249&data-alb=8&#039; );return false;\"><div id=\"covertext_frame_8_1\" style=\"width:429px; float:left\" class=\"wppa-text-frame-1 wppa-text-frame wppa-cover-text-frame wppa-asym-text-frame-mcr-1\"><h2 style=\"clear:none\" class=\"wppa-title\"><a title=\"Zeige die Galerie Urlaub in Heiligenhafen - 2012\" href=\"https:\/\/kruse.sh\/portal\/galerie\/galeriekrusepic\/heiligenhafen\/?occur=1&#038;lang=de&#038;cover=0&#038;album=4583e2b08399f249&#038;data-alb=8\" target=\"_self\" class=\"wppa-title\" onclick=\"wppaDoAjaxRender(event, 1, &#039;https:\/\/kruse.sh\/portal\/wp-json\/wp-photo-album-plus\/endPoint?action=wppa&wppa-action=render&wppa-size=640&occur=1&wppa-fromp=497&lang=de&album=4583e2b08399f249&cover=0&data-alb=8&#039;, &#039;https:\/\/kruse.sh\/portal\/galerie\/galeriekrusepic\/heiligenhafen\/?occur=1&lang=de&cover=0&album=4583e2b08399f249&data-alb=8&#039; );return false;\">Urlaub in Heiligenhafen - 2012<\/a><\/h2><span title=\"Anzahl der Elemente\" style=\"cursor:pointer;\" class=\"wppa-cover-pcount\" onclick=\"wppaStopProp(event);\"> (34)<\/span><div style=\"min-height:54px;\" class=\"wppa-box-text wppa-black wppa-box-text-desc\">Kurzurlaub in Heiligenhafen. Mit Boots\u00fcberf\u00fchrung (Nejade) ins Winterquartier nach Gro\u00dfenbrode<\/div><div class=\"wppa-box-text wppa-black wppa-info wppa-slideshow-browse-link wppa-album-cover-link\"><a title=\"Diashow\" style=\"cursor:pointer\" class=\"wppa-album-cover-link\" onclick=\"wppaDoAjaxRender(event, 1, &#039;https:\/\/kruse.sh\/portal\/wp-json\/wp-photo-album-plus\/endPoint?action=wppa&wppa-action=render&wppa-size=640&occur=1&wppa-fromp=497&lang=de&slide=1&album=4583e2b08399f249&#039;, &#039;https:\/\/kruse.sh\/portal\/galerie\/galeriekrusepic\/heiligenhafen\/?occur=1&lang=de&slide=1&album=4583e2b08399f249&#039; );return false;\">Diashow<\/a><\/div><div class=\"wppa-box-text wppa-black wppa-info wppa-viewlink wppa-album-cover-link\"><a title=\"Zeige die Galerie Urlaub in Heiligenhafen - 2012\" style=\"cursor:pointer;\" class=\"wppa-album-cover-link\" onclick=\"wppaDoAjaxRender(event, 1, &#039;https:\/\/kruse.sh\/portal\/wp-json\/wp-photo-album-plus\/endPoint?action=wppa&wppa-action=render&wppa-size=640&occur=1&wppa-fromp=497&lang=de&album=4583e2b08399f249&cover=0&data-alb=8&#039;, &#039;https:\/\/kruse.sh\/portal\/galerie\/galeriekrusepic\/heiligenhafen\/?occur=1&lang=de&cover=0&album=4583e2b08399f249&data-alb=8&#039; );return false;\">34&nbsp;Fotos&nbsp;anzeigen<\/a><\/div><\/div><div id=\"coverphoto_frame_8_1\" style=\"float:right; margin-left:5px;width:190px;\" class=\"coverphoto-frame\"><div title=\" \" style=\"display:inline-block;margin:0 4px;\" onclick=\"wppaStopProp(event)\"><a title=\"Zeige die Galerie Urlaub in Heiligenhafen - 2012\" style=\"border:0;color:transparent;cursor:pointer;\" href=\"https:\/\/kruse.sh\/portal\/galerie\/galeriekrusepic\/heiligenhafen\/?occur=1&#038;lang=de&#038;cover=0&#038;album=4583e2b08399f249&#038;data-alb=8\" target=\"_self\" onclick=\"return false;\"><img style=\"border-width:0px;width:180px;height:120px;opacity:0.85;display:inline;\" width=\"200\" height=\"133\" src=\"https:\/\/kruse.sh\/portal\/wp-content\/uploads\/wppa\/thumbs\/276.jpg?ver=68\" alt=\"276\" class=\"pietje image wppa-img\" onclick=\"wppaDoAjaxRender(event, 1, &#039;https:\/\/kruse.sh\/portal\/wp-json\/wp-photo-album-plus\/endPoint?action=wppa&wppa-action=render&wppa-size=640&occur=1&wppa-fromp=497&lang=de&album=4583e2b08399f249&cover=0&data-alb=8&#039;, &#039;https:\/\/kruse.sh\/portal\/galerie\/galeriekrusepic\/heiligenhafen\/?occur=1&lang=de&cover=0&album=4583e2b08399f249&data-alb=8&#039; );return false;;return false;\" onmouseover=\"jQuery(this).fadeTo(400, 1.0)\" onmouseout=\"jQuery(this).fadeTo(400,0.85)\" decoding=\"async\" loading=\"lazy\"><\/a><\/div><div title=\"Anzahl der Fotoansichten in diesem Galerie\" style=\"cursor:pointer\" class=\"wppa-album-cover-viewcount\">Anzeigen: 1007<\/div><\/div><div title=\" \" onclick=\"wppaStopProp(event);\"><\/div><div style=\"clear:both;\"><\/div><\/div><\/div><div style=\"clear:both;\"><\/div><div id=\"wppa-container-1-end\"><\/div><\/div><\/div>\n<!-- End [wppa type=\"album\" album=\"31\"] \/portal\/wp-json\/wp\/v2\/pages\/497 oc 1 21 queries in 131.8 ms. at 12:37. Max mem: 144.00 Mb. --><\/p>\n","protected":false},"excerpt":{"rendered":"<p>Heiligenhafen ist unsere zweite Heimat.<\/p>\n","protected":false},"author":2,"featured_media":0,"parent":112,"menu_order":6,"comment_status":"closed","ping_status":"closed","template":"onecolumn-page.php","meta":{"footnotes":""},"class_list":["post-497","page","type-page","status-publish","hentry"],"jetpack_shortlink":"https:\/\/wp.me\/P3OebG-81","jetpack-related-posts":[{"id":1109,"url":"https:\/\/kruse.sh\/portal\/galerie\/galeriekrusepic\/bootsueberfuehrung-2014\/","url_meta":{"origin":497,"position":0},"title":"Boots\u00fcberf\u00fchrung 2014","author":"Andreas","date":"6. Mai 2014","format":false,"excerpt":"Die MS \"Jaya the Cat\" (Sunseeker Portofino 47 - Bj. 2009) haben wir von Neustadt i.H. (Winterquartier) nach Hamburg \u00fcberf\u00fchrt. Die Bootstour startete in Neustart (Holstein) , \u00fcber Heiligenhafen, nach Kiel und durch den\u00a0 Nord-Ostsee-Kanal nach Brunsb\u00fcttel, die Elbe hoch nach Hamburg. Sie dauerte drei Tage. Maximale Geschwindigkeit zwischen Fehmarnsundbr\u00fccke\u2026","rel":"","context":"\u00c4hnlicher Beitrag","block_context":{"text":"\u00c4hnlicher Beitrag","link":""},"img":{"alt_text":"","src":"","width":0,"height":0},"classes":[]},{"id":682,"url":"https:\/\/kruse.sh\/portal\/galerie\/galeriekrusepic\/bootstouren\/","url_meta":{"origin":497,"position":1},"title":"Bootstouren","author":"Andreas","date":"23. August 2013","format":false,"excerpt":"","rel":"","context":"\u00c4hnlicher Beitrag","block_context":{"text":"\u00c4hnlicher Beitrag","link":""},"img":{"alt_text":"","src":"","width":0,"height":0},"classes":[]},{"id":127,"url":"https:\/\/kruse.sh\/portal\/galerie\/galeriekrusepic\/sorbenweg6\/","url_meta":{"origin":497,"position":2},"title":"Sorbenweg 6","author":"Andreas","date":"30. Mai 2013","format":false,"excerpt":"","rel":"","context":"\u00c4hnlicher Beitrag","block_context":{"text":"\u00c4hnlicher Beitrag","link":""},"img":{"alt_text":"","src":"","width":0,"height":0},"classes":[]},{"id":635,"url":"https:\/\/kruse.sh\/portal\/galerie\/galeriekrusepic\/oetz\/","url_meta":{"origin":497,"position":3},"title":"Oetz","author":"Andreas","date":"21. August 2013","format":false,"excerpt":"Ski-Urlaub in Hochoetz\/Oetz (\u00d6sterreich)","rel":"","context":"\u00c4hnlicher Beitrag","block_context":{"text":"\u00c4hnlicher Beitrag","link":""},"img":{"alt_text":"","src":"","width":0,"height":0},"classes":[]},{"id":495,"url":"https:\/\/kruse.sh\/portal\/galerie\/galeriekrusepic\/spiekeroog-2009\/","url_meta":{"origin":497,"position":4},"title":"Spiekeroog","author":"Andreas","date":"18. Juli 2013","format":false,"excerpt":"Urlaub auf der wundersch\u00f6nen ostfriesischen Insel Spiegeroog","rel":"","context":"\u00c4hnlicher Beitrag","block_context":{"text":"\u00c4hnlicher Beitrag","link":""},"img":{"alt_text":"","src":"","width":0,"height":0},"classes":[]},{"id":1416,"url":"https:\/\/kruse.sh\/portal\/galerie\/oetz-201415\/","url_meta":{"origin":497,"position":5},"title":"Oetz 2014\/15","author":"Andreas","date":"5. Januar 2015","format":false,"excerpt":"Unser Ski-Urlaub 2014\/15 in Hochoetz\/Oetz (\u00d6sterreich)","rel":"","context":"\u00c4hnlicher Beitrag","block_context":{"text":"\u00c4hnlicher Beitrag","link":""},"img":{"alt_text":"","src":"","width":0,"height":0},"classes":[]}],"jetpack_sharing_enabled":true,"_links":{"self":[{"href":"https:\/\/kruse.sh\/portal\/wp-json\/wp\/v2\/pages\/497","targetHints":{"allow":["GET"]}}],"collection":[{"href":"https:\/\/kruse.sh\/portal\/wp-json\/wp\/v2\/pages"}],"about":[{"href":"https:\/\/kruse.sh\/portal\/wp-json\/wp\/v2\/types\/page"}],"author":[{"embeddable":true,"href":"https:\/\/kruse.sh\/portal\/wp-json\/wp\/v2\/users\/2"}],"replies":[{"embeddable":true,"href":"https:\/\/kruse.sh\/portal\/wp-json\/wp\/v2\/comments?post=497"}],"version-history":[{"count":0,"href":"https:\/\/kruse.sh\/portal\/wp-json\/wp\/v2\/pages\/497\/revisions"}],"up":[{"embeddable":true,"href":"https:\/\/kruse.sh\/portal\/wp-json\/wp\/v2\/pages\/112"}],"wp:attachment":[{"href":"https:\/\/kruse.sh\/portal\/wp-json\/wp\/v2\/media?parent=497"}],"curies":[{"name":"wp","href":"https:\/\/api.w.org\/{rel}","templated":true}]}}