{"id":47,"date":"2013-05-29T11:38:27","date_gmt":"2013-05-29T09:38:27","guid":{"rendered":"http:\/\/www.kruse.sh\/portal\/?page_id=47"},"modified":"2014-12-10T16:50:29","modified_gmt":"2014-12-10T15:50:29","slug":"was-bedeutet-sh","status":"publish","type":"page","link":"https:\/\/kruse.sh\/portal\/infobox\/was-bedeutet-sh\/","title":{"rendered":"Was bedeutet .SH?"},"content":{"rendered":"<p>&#8222;.SH&#8220; ist nicht die Top-Level Domain von Schleswig-Holstein, sondern von dem Inselstaat St. Helena.<\/p>\n<p><img loading=\"lazy\" decoding=\"async\" src=\"https:\/\/www.kruse.sh\/portal\/va-stuff\/bilder\/content\/150px-Flag_of_Saint_Helena.svg.png\" alt=\"\" width=\"150\" height=\"75\" align=\"right\" \/><\/p>\n<p>St. Helena hatte aufgrund ihrer Abgeschiedenheit und ihrer <a title=\"Steilk\u00fcste\" href=\"http:\/\/de.wikipedia.org\/wiki\/Steilk%C3%BCste\">Steilk\u00fcsten<\/a> nie eine eingeborene Bev\u00f6lkerung und blieb bis ins 16.&nbsp;Jahrhundert unbewohnt. Erst am 21.&nbsp;Mai 1502 kam der Portugiese <a title=\"Jo\u00e3o da Nova\" href=\"http:\/\/de.wikipedia.org\/wiki\/Jo%C3%A3o_da_Nova\">Jo\u00e3o da Nova<\/a> auf die Insel und benannte sie nach <a class=\"mw-redirect\" title=\"Flavia Iulia Helena Augusta\" href=\"http:\/\/de.wikipedia.org\/wiki\/Flavia_Iulia_Helena_Augusta\">Helena<\/a>, der Mutter Kaiser <a title=\"Konstantin der Gro\u00dfe\" href=\"http:\/\/de.wikipedia.org\/wiki\/Konstantin_der_Gro%C3%9Fe\">Konstantins<\/a>, da der Tag ihrer Entdeckung ihr Namenstag war. Die Portugiesen importierten Fr\u00fcchte und bauten einige H\u00e4user und eine Kapelle. Als sie weitersegelten, lie\u00dfen sie ihre Kranken auf der Insel zur\u00fcck, gr\u00fcndeten aber keine dauerhafte Siedlung. Die Portugiesen hielten die Existenz der Insel geheim, um ihre strategische Bedeutung zu sichern. Der erste l\u00e4ngerfristige Bewohner der Insel war Fern\u00e3o Lopez, der vom Gouverneur von <a title=\"Goa\" href=\"http:\/\/de.wikipedia.org\/wiki\/Goa\">Goa<\/a> verbannt worden war, aber nicht nach Portugal zur\u00fcckkehren wollte. Lopez starb 1530 auf St. Helena.<\/p>\n<p><img loading=\"lazy\" decoding=\"async\" src=\"https:\/\/www.kruse.sh\/portal\/va-stuff\/bilder\/content\/Saint_Helena_coa.gif\" alt=\"\" width=\"184\" height=\"280\" align=\"left\" \/><\/p>\n<p>1584 landeten zwei <a title=\"Japan\" href=\"http:\/\/de.wikipedia.org\/wiki\/Japan\">japanische<\/a> Botschafter auf ihrer Reise nach Rom auf St. Helena. Die ersten Engl\u00e4nder, die ihren Fu\u00df auf die Insel setzten, waren <a title=\"Thomas Cavendish\" href=\"http:\/\/de.wikipedia.org\/wiki\/Thomas_Cavendish\">Thomas Cavendish<\/a> und <a title=\"James Lancaster\" href=\"http:\/\/de.wikipedia.org\/wiki\/James_Lancaster\">James Lancaster<\/a>. Um 1600 gaben die Portugiesen St. Helena auf, das sofort danach von den <a title=\"Niederlande\" href=\"http:\/\/de.wikipedia.org\/wiki\/Niederlande\">Holl\u00e4ndern<\/a> \u2013 die Existenz der Insel schien nun kein Geheimnis mehr zu sein \u2013 besetzt wurde. Die holl\u00e4ndische Besetzung dauerte bis 1651. 1659 nahm die <a class=\"mw-redirect\" title=\"Britische Ostindien-Kompagnie\" href=\"http:\/\/de.wikipedia.org\/wiki\/Britische_Ostindien-Kompagnie\">Britische Ostindien-Kompagnie<\/a> die Insel in Besitz und errichtete auf ihr ein Fort (Jamestown) sowie eine Garnison. 1673 besetzten die Holl\u00e4nder St. Helena erneut, wurden jedoch bald von den Engl\u00e4ndern vertrieben. Die Kompanie, die ab dieser Zeit die Insel offiziell besa\u00df, baute gro\u00dfe Farmen auf, auf denen viele Schwarze und Chinesen arbeiteten. Der Reichtum St. Helenas vergr\u00f6\u00dferte sich, denn durch die sichere Lage wurden gro\u00dfe Mengen von Gold aufbewahrt und reiche Kaufleute residierten auf der Insel. Unter den Gouverneuren gab es auch Hugenotten, wie <a class=\"new\" title=\"St\u00e9phane Poirier (Seite nicht vorhanden)\" href=\"http:\/\/de.wikipedia.org\/w\/index.php?title=St%C3%A9phane_Poirier&amp;action=edit&amp;redlink=1\">St\u00e9phane Poirier<\/a>, der vergeblich versuchte, Wein anzubauen. Der ber\u00fchmte Astronom <a title=\"Edmond Halley\" href=\"http:\/\/de.wikipedia.org\/wiki\/Edmond_Halley\">Edmond Halley<\/a> besuchte die Insel in dieser Zeit. Nach ihm wurde Halley&#8217;s Mount benannt.<\/p>\n<p>1815 w\u00e4hlte die britische Regierung St. Helena als Verbannungsort <a title=\"Napol\u00e9on Bonaparte\" href=\"http:\/\/de.wikipedia.org\/wiki\/Napol%C3%A9on_Bonaparte\">Napoleons<\/a> aus, der im Oktober 1815 deportiert wurde und bis zu seinem Tod am 5. Mai 1821 in Longwood residierte. W\u00e4hrend Napoleons Verbannung wurde die Insel vollst\u00e4ndig von England verwaltet und auch der Gouverneur <a title=\"Hudson Lowe\" href=\"http:\/\/de.wikipedia.org\/wiki\/Hudson_Lowe\">Hudson Lowe<\/a> wurde von der Krone ernannt. Danach wurde St. Helena wieder an die britische Ost-Indische Kompanie zur\u00fcckgegeben. 1833 ging St. Helena in den Besitz der britischen Krone \u00fcber.<\/p>\n<p><img loading=\"lazy\" decoding=\"async\" src=\"https:\/\/www.kruse.sh\/portal\/va-stuff\/bilder\/content\/St_Helena-Pos.png\" alt=\"\" width=\"330\" height=\"299\" align=\"right\" \/><\/p>\n<p>In den letzten Jahren war immer \u00f6fter von einer Unabh\u00e4ngigkeit St. Helenas die Rede, da die britische K\u00f6nigin signalisiert hatte, im Falle einer Unabh\u00e4ngigkeitserkl\u00e4rung diese zu gew\u00e4hren. Die Bev\u00f6lkerung hat sich nach einer mehrj\u00e4hrigen Beratungsphase in einer Volksabstimmung letztendlich gegen Unabh\u00e4ngigkeitsbestrebungen ausgesprochen, da sie dann auf die finanzielle Unterst\u00fctzung Gro\u00dfbritanniens verzichten m\u00fcsste.<\/p>\n<p>(Ein Auszug aus der deutschen WIKIPEDIA-Seite:)<\/p>\n<p>Quellenverweis (02.12.2008):<\/p>\n<p>http:\/\/de.wikipedia.org\/wiki\/St._Helena_(Insel)<\/p>\n<p>[xyz-ips snippet=&#8220;analyticstracking&#8220;]<\/p>\n","protected":false},"excerpt":{"rendered":"<p>&#8222;.SH&#8220; ist nicht die Top-Level Domain von Schleswig-Holstein, sondern von dem Inselstaat St. Helena. St. Helena hatte aufgrund ihrer Abgeschiedenheit und ihrer Steilk\u00fcsten nie eine eingeborene Bev\u00f6lkerung und blieb bis ins 16.&nbsp;Jahrhundert unbewohnt. Erst am 21.&nbsp;Mai 1502 kam der Portugiese &hellip; <a href=\"https:\/\/kruse.sh\/portal\/infobox\/was-bedeutet-sh\/\">Weiterlesen <span class=\"meta-nav\">&rarr;<\/span><\/a><\/p>\n","protected":false},"author":2,"featured_media":0,"parent":52,"menu_order":0,"comment_status":"closed","ping_status":"closed","template":"onecolumn-page.php","meta":{"footnotes":""},"class_list":["post-47","page","type-page","status-publish","hentry"],"jetpack_shortlink":"https:\/\/wp.me\/P3OebG-L","jetpack-related-posts":[{"id":2590,"url":"https:\/\/kruse.sh\/portal\/gaeste-wlan\/","url_meta":{"origin":47,"position":0},"title":"Nutzungsbedingungen G\u00e4ste-WLAN &#8222;Swattenbeek.de&#8220;","author":"Andreas","date":"6. September 2024","format":false,"excerpt":"1. Gegenstand und Geltungsbereich dieser Nutzungsbedingungen Diese Nutzungsbedingungen regeln Ihre und unsere Rechte und Pflichten im Zusammenhang mit der Nutzung unseres G\u00e4ste-WLAN-Zugangs. 2. Unsere Leistungen (1) Wir stellen Ihnen in unseren Gesch\u00e4ftsr\u00e4umen einen Zugang zum Internet in Form eines WLAN-Zugangs (\u201eHotspot\u201c) zur kostenlosen Nutzung zur Verf\u00fcgung. (2) Die Bereitstellung des\u2026","rel":"","context":"\u00c4hnlicher Beitrag","block_context":{"text":"\u00c4hnlicher Beitrag","link":""},"img":{"alt_text":"","src":"","width":0,"height":0},"classes":[]},{"id":1544,"url":"https:\/\/kruse.sh\/portal\/datenschutzerklaerung\/","url_meta":{"origin":47,"position":1},"title":"Datenschutzerkl\u00e4rung","author":"Andreas","date":"26. Juni 2018","format":false,"excerpt":"Diese Datenschutzerkl\u00e4rung kl\u00e4rt Sie \u00fcber die Art, den Umfang und Zweck der Verarbeitung von personenbezogenen Daten (nachfolgend kurz \u201eDaten\u201c) innerhalb unseres Onlineangebotes und der mit ihm verbundenen Webseiten, Funktionen und Inhalte sowie externen Onlinepr\u00e4senzen, wie z.B. unser Social Media Profile auf (nachfolgend gemeinsam bezeichnet als \u201eOnlineangebot\u201c). Im Hinblick auf die\u2026","rel":"","context":"\u00c4hnlicher Beitrag","block_context":{"text":"\u00c4hnlicher Beitrag","link":""},"img":{"alt_text":"","src":"","width":0,"height":0},"classes":[]},{"id":248,"url":"https:\/\/kruse.sh\/portal\/impressum\/","url_meta":{"origin":47,"position":2},"title":"Impressum","author":"Andreas","date":"30. Mai 2013","format":false,"excerpt":"Verantwortlich f\u00fcr Inhalt, Konzeption & Realisierung des Onlineportals: KRUSE.SH Familie Kruse c\/o A. Kruse Sorbenweg 6 D-21493 Schwarzenbek\/SH \u00a0 Fon: +49-4151-8979699 Fax: +49-4151-8979501 Navi: 53\u00b0 30' 55.49\" N 10\u00b0 28' 40.98\" E Kontaktformular Gew\u00e4hrleistung Die Familie Kruse\u00a0bem\u00fchen uns um m\u00f6glichst korrekte und aktuelle Information. Trotzdem k\u00f6nnen Fehler auftreten. Die Inhalte\u2026","rel":"","context":"\u00c4hnlicher Beitrag","block_context":{"text":"\u00c4hnlicher Beitrag","link":""},"img":{"alt_text":"","src":"","width":0,"height":0},"classes":[]},{"id":351,"url":"https:\/\/kruse.sh\/portal\/wetterstation\/","url_meta":{"origin":47,"position":3},"title":"Wetterstation im Internet","author":"Andreas","date":"14. Juli 2013","format":false,"excerpt":"Erste professionelle Wetterstation in Schwarzenbek ... Unsere neue Wetterstation\u00a0wurde am 12. Juli 2013 in Betrieb genommen. Die \"Davis Vantage\u00a0Pro 2\"\u00a0l\u00f6st die alte, teilweise defekte,\u00a0\u00a0TFA\u00a0Sirus\u00a0WS28oo-IT ab. Diese\u00a0hatte seit 2007\u00a0die Wetteraufzeichnungen\u00a0auf unsere Seiten publiziert, leider \"verlor\" Sie neben dem Regen- auch den Windmesser. Unsere neue professionelle Wetterstation ist mit Wind-, Regen-, Temperatur-,\u2026","rel":"","context":"\u00c4hnlicher Beitrag","block_context":{"text":"\u00c4hnlicher Beitrag","link":""},"img":{"alt_text":"","src":"https:\/\/i0.wp.com\/www.kruse.sh\/portal\/wp-content\/uploads\/2013\/07\/DSC_0470-150x150.jpg?resize=350%2C200","width":350,"height":200},"classes":[]},{"id":899,"url":"https:\/\/kruse.sh\/portal\/wetterstation\/wetterstation-boden-und-blatt-sensoren-alt\/","url_meta":{"origin":47,"position":4},"title":"Wetterstation | Boden- und Blattsensoren | ALT","author":"Andreas","date":"16. Oktober 2013","format":false,"excerpt":"[xyz-ips snippet=\"wetterdaten-boden-blatt-sensoren-content\"] Blattfeuchte: Die Blattfeuchte gibt den Zustand, die Oberfl\u00e4chenfeuchte der Vegetation und der Bl\u00e4tter wieder. Gemessen wir bei Blattfeuchte mit einem Blattfeuchtesensor, der den Zustand der Blattoberfl\u00e4che simuliert. Die Messwerte sind ein Indikator f\u00fcr die Beurteilung der Pflanzenbew\u00e4sserung. Oder auch f\u00fcr Beobachtungen hinsichtlich Waldbrandgefahr und Pflanzenkrankheiten. Die Blattfeuchte wird\u2026","rel":"","context":"\u00c4hnlicher Beitrag","block_context":{"text":"\u00c4hnlicher Beitrag","link":""},"img":{"alt_text":"Agramessfeld1","src":"https:\/\/i0.wp.com\/kruse.sh\/portal\/wp-content\/uploads\/2013\/10\/SAM_2161.jpg?resize=350%2C200&ssl=1","width":350,"height":200,"srcset":"https:\/\/i0.wp.com\/kruse.sh\/portal\/wp-content\/uploads\/2013\/10\/SAM_2161.jpg?resize=350%2C200&ssl=1 1x, https:\/\/i0.wp.com\/kruse.sh\/portal\/wp-content\/uploads\/2013\/10\/SAM_2161.jpg?resize=525%2C300&ssl=1 1.5x, https:\/\/i0.wp.com\/kruse.sh\/portal\/wp-content\/uploads\/2013\/10\/SAM_2161.jpg?resize=700%2C400&ssl=1 2x, https:\/\/i0.wp.com\/kruse.sh\/portal\/wp-content\/uploads\/2013\/10\/SAM_2161.jpg?resize=1050%2C600&ssl=1 3x, https:\/\/i0.wp.com\/kruse.sh\/portal\/wp-content\/uploads\/2013\/10\/SAM_2161.jpg?resize=1400%2C800&ssl=1 4x"},"classes":[]},{"id":45,"url":"https:\/\/kruse.sh\/portal\/infobox\/swattenbeek\/","url_meta":{"origin":47,"position":5},"title":"Swattenbeek","author":"Andreas","date":"29. Mai 2013","format":false,"excerpt":"Schwarzenbek bekam im Jahre 1953 von der Landesregierung Schleswig-Holstein die Stadtrechte. Im Jahre 1961 verlieh der Europarat in Stra\u00dfburg der Stadt Schwarzenbek als zweiter Stadt in der Bundesrepublik Deutschland den Europapreis. Die Europastadt Schwarzenbek liegt im S\u00fcd-\u00f6stlichen Schleswig-Holstein, im Kreis Herzogtum Lauenburg. Gr\u00f6\u00dfere KartenansichtNur ca. 30 KM von der Hansestadt\u2026","rel":"","context":"\u00c4hnlicher Beitrag","block_context":{"text":"\u00c4hnlicher Beitrag","link":""},"img":{"alt_text":"","src":"","width":0,"height":0},"classes":[]}],"jetpack_sharing_enabled":true,"_links":{"self":[{"href":"https:\/\/kruse.sh\/portal\/wp-json\/wp\/v2\/pages\/47","targetHints":{"allow":["GET"]}}],"collection":[{"href":"https:\/\/kruse.sh\/portal\/wp-json\/wp\/v2\/pages"}],"about":[{"href":"https:\/\/kruse.sh\/portal\/wp-json\/wp\/v2\/types\/page"}],"author":[{"embeddable":true,"href":"https:\/\/kruse.sh\/portal\/wp-json\/wp\/v2\/users\/2"}],"replies":[{"embeddable":true,"href":"https:\/\/kruse.sh\/portal\/wp-json\/wp\/v2\/comments?post=47"}],"version-history":[{"count":0,"href":"https:\/\/kruse.sh\/portal\/wp-json\/wp\/v2\/pages\/47\/revisions"}],"up":[{"embeddable":true,"href":"https:\/\/kruse.sh\/portal\/wp-json\/wp\/v2\/pages\/52"}],"wp:attachment":[{"href":"https:\/\/kruse.sh\/portal\/wp-json\/wp\/v2\/media?parent=47"}],"curies":[{"name":"wp","href":"https:\/\/api.w.org\/{rel}","templated":true}]}}