{"id":45,"date":"2013-05-29T11:34:30","date_gmt":"2013-05-29T09:34:30","guid":{"rendered":"http:\/\/www.kruse.sh\/portal\/?page_id=45"},"modified":"2014-09-22T15:54:12","modified_gmt":"2014-09-22T14:54:12","slug":"swattenbeek","status":"publish","type":"page","link":"https:\/\/kruse.sh\/portal\/infobox\/swattenbeek\/","title":{"rendered":"Swattenbeek"},"content":{"rendered":"<p>Schwarzenbek bekam im Jahre 1953 von der Landesregierung Schleswig-Holstein die Stadtrechte.<br \/>\nIm Jahre 1961 verlieh der Europarat in Stra\u00dfburg der Stadt Schwarzenbek als zweiter Stadt in der Bundesrepublik Deutschland den Europapreis.<br \/>\nDie Europastadt Schwarzenbek liegt im S\u00fcd-\u00f6stlichen Schleswig-Holstein, im Kreis Herzogtum Lauenburg.<\/p>\n<p><center><iframe loading=\"lazy\" src=\"http:\/\/maps.google.de\/maps?f=q&amp;hl=de&amp;geocode=&amp;q=schwarzenbek&amp;ie=UTF8&amp;ll=53.513776,10.48851&amp;spn=0.045534,0.116043&amp;t=h&amp;z=13&amp;output=embed&amp;s=AARTsJpoiN1XcMx9sJcwjO5FUKgJ3-3gmQ\" width=\"735\" height=\"350\" frameborder=\"0\" marginwidth=\"0\" marginheight=\"0\" scrolling=\"no\"><\/iframe><br \/>\n<small><a style=\"text-align: left; color: #0000ff;\" href=\"http:\/\/maps.google.de\/maps?f=q&amp;hl=de&amp;geocode=&amp;q=schwarzenbek&amp;ie=UTF8&amp;ll=53.513776,10.48851&amp;spn=0.045534,0.116043&amp;t=h&amp;z=13&amp;source=embed\">Gr\u00f6\u00dfere Kartenansicht<\/a><\/small><\/center>Nur ca. 30 KM von der Hansestadt Hamburg entfernt, im Mitten des Sachsenwaldes.<br \/>\nDie Stadt wird durchkreuzt von drei Bundesstra\u00dfen (B 207, B 404, B 209) und der Eisenbahnstrecke Hamburg-Berlin. Des weiteren befindet sich die Bundesautobahn A 24 ca. 5 KM n\u00f6rdlich.<\/p>\n<p>Schwarzenbek z\u00e4hlt mit ca. 15.000 EinwohnerInnen zur dritt gr\u00f6\u00dften Stadt im Kreis Herzogtum Lauenburg (RZ).<\/p>\n<p>[xyz-ips snippet=&#8220;analyticstracking&#8220;]<\/p>\n","protected":false},"excerpt":{"rendered":"<p>Schwarzenbek bekam im Jahre 1953 von der Landesregierung Schleswig-Holstein die Stadtrechte. Im Jahre 1961 verlieh der Europarat in Stra\u00dfburg der Stadt Schwarzenbek als zweiter Stadt in der Bundesrepublik Deutschland den Europapreis. Die Europastadt Schwarzenbek liegt im S\u00fcd-\u00f6stlichen Schleswig-Holstein, im Kreis &hellip; <a href=\"https:\/\/kruse.sh\/portal\/infobox\/swattenbeek\/\">Weiterlesen <span class=\"meta-nav\">&rarr;<\/span><\/a><\/p>\n","protected":false},"author":2,"featured_media":0,"parent":52,"menu_order":0,"comment_status":"closed","ping_status":"closed","template":"onecolumn-page.php","meta":{"footnotes":""},"class_list":["post-45","page","type-page","status-publish","hentry"],"jetpack_shortlink":"https:\/\/wp.me\/P3OebG-J","jetpack-related-posts":[{"id":1842,"url":"https:\/\/kruse.sh\/portal\/","url_meta":{"origin":45,"position":0},"title":"Moin &#8230; \u00af\\_(\u30c4)_\/\u00af &#8230;","author":"Andreas","date":"3. Januar 2020","format":false,"excerpt":"Wir m\u00f6chten Euch hier unsere Familie und Schwarzenbek (Swattenbeek) vorstellen. Erste professionelle Wetterstation (Davis Vantage Pro2 mit ISS) in Schwarzenbek Erste Feinstaub Messstation in Schwarzenbek und s\u00fcdlichem Herzogtum Lauenburg Die aktuelle Wetterlage f\u00fcr Schwarzenbek und Umgebung Seewetter Karte Ostsee, Gewitterkarte Deutschland Verkehrsmeldungen f\u00fcr Schleswig-Holstein Informationen \u00fcber unser Sportboot (Jeanneau Cap\u2026","rel":"","context":"\u00c4hnlicher Beitrag","block_context":{"text":"\u00c4hnlicher Beitrag","link":""},"img":{"alt_text":"","src":"","width":0,"height":0},"classes":[]},{"id":248,"url":"https:\/\/kruse.sh\/portal\/impressum\/","url_meta":{"origin":45,"position":1},"title":"Impressum","author":"Andreas","date":"30. Mai 2013","format":false,"excerpt":"Verantwortlich f\u00fcr Inhalt, Konzeption & Realisierung des Onlineportals: KRUSE.SH Familie Kruse c\/o A. Kruse Sorbenweg 6 D-21493 Schwarzenbek\/SH \u00a0 Fon: +49-4151-8979699 Fax: +49-4151-8979501 Navi: 53\u00b0 30' 55.49\" N 10\u00b0 28' 40.98\" E Kontaktformular Gew\u00e4hrleistung Die Familie Kruse\u00a0bem\u00fchen uns um m\u00f6glichst korrekte und aktuelle Information. Trotzdem k\u00f6nnen Fehler auftreten. Die Inhalte\u2026","rel":"","context":"\u00c4hnlicher Beitrag","block_context":{"text":"\u00c4hnlicher Beitrag","link":""},"img":{"alt_text":"","src":"","width":0,"height":0},"classes":[]},{"id":47,"url":"https:\/\/kruse.sh\/portal\/infobox\/was-bedeutet-sh\/","url_meta":{"origin":45,"position":2},"title":"Was bedeutet .SH?","author":"Andreas","date":"29. Mai 2013","format":false,"excerpt":"\".SH\" ist nicht die Top-Level Domain von Schleswig-Holstein, sondern von dem Inselstaat St. Helena. St. Helena hatte aufgrund ihrer Abgeschiedenheit und ihrer Steilk\u00fcsten nie eine eingeborene Bev\u00f6lkerung und blieb bis ins 16.\u00a0Jahrhundert unbewohnt. Erst am 21.\u00a0Mai 1502 kam der Portugiese Jo\u00e3o da Nova auf die Insel und benannte sie nach\u2026","rel":"","context":"\u00c4hnlicher Beitrag","block_context":{"text":"\u00c4hnlicher Beitrag","link":""},"img":{"alt_text":"","src":"https:\/\/i0.wp.com\/www.kruse.sh\/portal\/va-stuff\/bilder\/content\/150px-Flag_of_Saint_Helena.svg.png?resize=350%2C200&ssl=1","width":350,"height":200},"classes":[]},{"id":1552,"url":"https:\/\/kruse.sh\/portal\/luftdaten\/","url_meta":{"origin":45,"position":3},"title":"Luftdaten (Feinstaub)","author":"Andreas","date":"19. November 2018","format":false,"excerpt":"Wir haben den ersten Feinstaubsensor (OK Lab Stuttgart) in Schwarzenbek und im s\u00fcdlichen Herzogtum Lauenburg (SH) online gestellt. Bei unserem Projekt \"Luftdaten vor der eigenen Haust\u00fcr messen\" geht es nicht darum ein Fahrverbot f\u00fcr unsere Spielstra\u00dfe zu erzwingen ;-) , sondern vielmehr darum einfach mal in einem Wohngebiet - ohne\u2026","rel":"","context":"\u00c4hnlicher Beitrag","block_context":{"text":"\u00c4hnlicher Beitrag","link":""},"img":{"alt_text":"","src":"https:\/\/i0.wp.com\/kruse.sh\/portal\/wp-content\/uploads\/2018\/11\/DSC_9978.jpg?resize=350%2C200&ssl=1","width":350,"height":200,"srcset":"https:\/\/i0.wp.com\/kruse.sh\/portal\/wp-content\/uploads\/2018\/11\/DSC_9978.jpg?resize=350%2C200&ssl=1 1x, https:\/\/i0.wp.com\/kruse.sh\/portal\/wp-content\/uploads\/2018\/11\/DSC_9978.jpg?resize=525%2C300&ssl=1 1.5x, https:\/\/i0.wp.com\/kruse.sh\/portal\/wp-content\/uploads\/2018\/11\/DSC_9978.jpg?resize=700%2C400&ssl=1 2x, https:\/\/i0.wp.com\/kruse.sh\/portal\/wp-content\/uploads\/2018\/11\/DSC_9978.jpg?resize=1050%2C600&ssl=1 3x, https:\/\/i0.wp.com\/kruse.sh\/portal\/wp-content\/uploads\/2018\/11\/DSC_9978.jpg?resize=1400%2C800&ssl=1 4x"},"classes":[]},{"id":32,"url":"https:\/\/kruse.sh\/portal\/wir-uber-uns\/nachname-heigrodt\/","url_meta":{"origin":45,"position":4},"title":"Nachname: Heigrodt","author":"Andreas","date":"28. Mai 2013","format":false,"excerpt":"Der Name Heigrodt kommt insgesamt 14 Mal in 9 Landkreisen vor. Es gibt sch\u00e4tzungsweise 37 Personen mit diesem Nachnamen. Dies liegt unter dem Durchschnitt f\u00fcr alle deutschen Familiennamen. Ungen\u00fcgend statistische Daten f\u00fcr diesen Namen. Die Ergebnisse sind u. U. nicht von Nutzen. Er liegt damit an 160273. Stelle der h\u00e4ufigsten\u2026","rel":"","context":"\u00c4hnlicher Beitrag","block_context":{"text":"\u00c4hnlicher Beitrag","link":""},"img":{"alt_text":"Familiennamenverteilung Heigrodt","src":"https:\/\/i0.wp.com\/www.kruse.sh\/portal\/va-stuff\/bilder\/content\/MAP-Verteilung-HEIGRODT.png?resize=350%2C200&ssl=1","width":350,"height":200},"classes":[]},{"id":29,"url":"https:\/\/kruse.sh\/portal\/wir-uber-uns\/nachname-kruse\/","url_meta":{"origin":45,"position":5},"title":"Nachname: Kruse","author":"Andreas","date":"28. Mai 2013","format":false,"excerpt":"Der Name Kruse kommt insgesamt 13737 Mal in 407 Landkreisen vor. Es gibt sch\u00e4tzungsweise 36632 Personen mit diesem Nachnamen. Dies liegt \u00fcber dem Durchschnitt f\u00fcr alle deutschen Familiennamen. Er liegt damit an 129. Stelle der h\u00e4ufigsten Namen. Die meisten Personen mit dem Familiennamen Kruse wurden in Kreisfreie Stadt Hamburg gefunden;\u2026","rel":"","context":"\u00c4hnlicher Beitrag","block_context":{"text":"\u00c4hnlicher Beitrag","link":""},"img":{"alt_text":"Familiennamenverteilung KRUSE","src":"https:\/\/i0.wp.com\/www.kruse.sh\/portal\/va-stuff\/bilder\/content\/MAP-Verteilung-KRUSE.png?resize=350%2C200&ssl=1","width":350,"height":200},"classes":[]}],"jetpack_sharing_enabled":true,"_links":{"self":[{"href":"https:\/\/kruse.sh\/portal\/wp-json\/wp\/v2\/pages\/45","targetHints":{"allow":["GET"]}}],"collection":[{"href":"https:\/\/kruse.sh\/portal\/wp-json\/wp\/v2\/pages"}],"about":[{"href":"https:\/\/kruse.sh\/portal\/wp-json\/wp\/v2\/types\/page"}],"author":[{"embeddable":true,"href":"https:\/\/kruse.sh\/portal\/wp-json\/wp\/v2\/users\/2"}],"replies":[{"embeddable":true,"href":"https:\/\/kruse.sh\/portal\/wp-json\/wp\/v2\/comments?post=45"}],"version-history":[{"count":0,"href":"https:\/\/kruse.sh\/portal\/wp-json\/wp\/v2\/pages\/45\/revisions"}],"up":[{"embeddable":true,"href":"https:\/\/kruse.sh\/portal\/wp-json\/wp\/v2\/pages\/52"}],"wp:attachment":[{"href":"https:\/\/kruse.sh\/portal\/wp-json\/wp\/v2\/media?parent=45"}],"curies":[{"name":"wp","href":"https:\/\/api.w.org\/{rel}","templated":true}]}}