{"id":366,"date":"2013-07-14T20:40:34","date_gmt":"2013-07-14T18:40:34","guid":{"rendered":"http:\/\/www.kruse.sh\/portal\/?page_id=366"},"modified":"2022-11-05T20:08:31","modified_gmt":"2022-11-05T19:08:31","slug":"wetterstation-der-monat","status":"publish","type":"page","link":"https:\/\/kruse.sh\/portal\/wetterstation\/wetterstation-der-monat\/","title":{"rendered":"Wetterstation | Der Monat"},"content":{"rendered":"<p><iframe loading=\"lazy\" src=\"https:\/\/www.kruse-cloud.de\/ks-stuff\/wetter\/davis_vantage-pro\/web\/thismonth.htm\" scrolling=\"no\" width=\"780\" height=\"850\" frameborder=\"0\"><\/iframe><\/p>\n","protected":false},"excerpt":{"rendered":"","protected":false},"author":2,"featured_media":0,"parent":351,"menu_order":60,"comment_status":"closed","ping_status":"closed","template":"onecolumn-page.php","meta":{"footnotes":""},"class_list":["post-366","page","type-page","status-publish","hentry"],"jetpack_shortlink":"https:\/\/wp.me\/P3OebG-5U","jetpack-related-posts":[{"id":942,"url":"https:\/\/kruse.sh\/portal\/wetterapp\/wetterstation-der-monat-pda\/","url_meta":{"origin":366,"position":0},"title":"WetterAPP | Der Monat","author":"Andreas","date":"22. Oktober 2013","format":false,"excerpt":"[xyz-ips snippet=\"wetterdaten-dermonat-mobil\"] [xyz-ips snippet=\"analyticstracking\"]","rel":"","context":"\u00c4hnlicher Beitrag","block_context":{"text":"\u00c4hnlicher Beitrag","link":""},"img":{"alt_text":"","src":"","width":0,"height":0},"classes":[]},{"id":363,"url":"https:\/\/kruse.sh\/portal\/wetterstation\/wetterstation-der-tag\/","url_meta":{"origin":366,"position":1},"title":"Wetterstation | Der Tag","author":"Andreas","date":"14. Juli 2013","format":false,"excerpt":"","rel":"","context":"\u00c4hnlicher Beitrag","block_context":{"text":"\u00c4hnlicher Beitrag","link":""},"img":{"alt_text":"","src":"","width":0,"height":0},"classes":[]},{"id":354,"url":"https:\/\/kruse.sh\/portal\/wetterstation\/wetterstation-aktuell\/","url_meta":{"origin":366,"position":2},"title":"Wetterstation | Aktuell","author":"Andreas","date":"14. Juli 2013","format":false,"excerpt":"","rel":"","context":"\u00c4hnlicher Beitrag","block_context":{"text":"\u00c4hnlicher Beitrag","link":""},"img":{"alt_text":"Wetterstation der Familie Kruse","src":"https:\/\/i0.wp.com\/kruse.sh\/portal\/wp-content\/uploads\/2013\/07\/DSC_0470.jpg?resize=350%2C200&ssl=1","width":350,"height":200,"srcset":"https:\/\/i0.wp.com\/kruse.sh\/portal\/wp-content\/uploads\/2013\/07\/DSC_0470.jpg?resize=350%2C200&ssl=1 1x, https:\/\/i0.wp.com\/kruse.sh\/portal\/wp-content\/uploads\/2013\/07\/DSC_0470.jpg?resize=525%2C300&ssl=1 1.5x, https:\/\/i0.wp.com\/kruse.sh\/portal\/wp-content\/uploads\/2013\/07\/DSC_0470.jpg?resize=700%2C400&ssl=1 2x, https:\/\/i0.wp.com\/kruse.sh\/portal\/wp-content\/uploads\/2013\/07\/DSC_0470.jpg?resize=1050%2C600&ssl=1 3x, https:\/\/i0.wp.com\/kruse.sh\/portal\/wp-content\/uploads\/2013\/07\/DSC_0470.jpg?resize=1400%2C800&ssl=1 4x"},"classes":[]},{"id":741,"url":"https:\/\/kruse.sh\/portal\/wetterapp\/wetterstation-der-tag-pda\/","url_meta":{"origin":366,"position":3},"title":"WetterAPP | Der Tag","author":"Andreas","date":"16. September 2013","format":false,"excerpt":"[xyz-ips snippet=\"wetterdaten-dertag-mobil\"] [xyz-ips snippet=\"analyticstracking\"]","rel":"","context":"\u00c4hnlicher Beitrag","block_context":{"text":"\u00c4hnlicher Beitrag","link":""},"img":{"alt_text":"","src":"","width":0,"height":0},"classes":[]},{"id":899,"url":"https:\/\/kruse.sh\/portal\/wetterstation\/wetterstation-boden-und-blatt-sensoren-alt\/","url_meta":{"origin":366,"position":4},"title":"Wetterstation | Boden- und Blattsensoren | ALT","author":"Andreas","date":"16. Oktober 2013","format":false,"excerpt":"[xyz-ips snippet=\"wetterdaten-boden-blatt-sensoren-content\"] Blattfeuchte: Die Blattfeuchte gibt den Zustand, die Oberfl\u00e4chenfeuchte der Vegetation und der Bl\u00e4tter wieder. Gemessen wir bei Blattfeuchte mit einem Blattfeuchtesensor, der den Zustand der Blattoberfl\u00e4che simuliert. Die Messwerte sind ein Indikator f\u00fcr die Beurteilung der Pflanzenbew\u00e4sserung. Oder auch f\u00fcr Beobachtungen hinsichtlich Waldbrandgefahr und Pflanzenkrankheiten. Die Blattfeuchte wird\u2026","rel":"","context":"\u00c4hnlicher Beitrag","block_context":{"text":"\u00c4hnlicher Beitrag","link":""},"img":{"alt_text":"Agramessfeld1","src":"https:\/\/i0.wp.com\/kruse.sh\/portal\/wp-content\/uploads\/2013\/10\/SAM_2161.jpg?resize=350%2C200&ssl=1","width":350,"height":200,"srcset":"https:\/\/i0.wp.com\/kruse.sh\/portal\/wp-content\/uploads\/2013\/10\/SAM_2161.jpg?resize=350%2C200&ssl=1 1x, https:\/\/i0.wp.com\/kruse.sh\/portal\/wp-content\/uploads\/2013\/10\/SAM_2161.jpg?resize=525%2C300&ssl=1 1.5x, https:\/\/i0.wp.com\/kruse.sh\/portal\/wp-content\/uploads\/2013\/10\/SAM_2161.jpg?resize=700%2C400&ssl=1 2x, https:\/\/i0.wp.com\/kruse.sh\/portal\/wp-content\/uploads\/2013\/10\/SAM_2161.jpg?resize=1050%2C600&ssl=1 3x, https:\/\/i0.wp.com\/kruse.sh\/portal\/wp-content\/uploads\/2013\/10\/SAM_2161.jpg?resize=1400%2C800&ssl=1 4x"},"classes":[]},{"id":739,"url":"https:\/\/kruse.sh\/portal\/wetterapp\/wetterstation-aktuell-pda\/","url_meta":{"origin":366,"position":5},"title":"WetterAPP | Aktuell","author":"Andreas","date":"16. September 2013","format":false,"excerpt":"[xyz-ips snippet=\"wetterdaten-aktuell-mobil\"] [xyz-ips snippet=\"analyticstracking\"]","rel":"","context":"\u00c4hnlicher Beitrag","block_context":{"text":"\u00c4hnlicher Beitrag","link":""},"img":{"alt_text":"Wetterstation der Familie Kruse","src":"https:\/\/i0.wp.com\/kruse.sh\/portal\/wp-content\/uploads\/2013\/07\/DSC_0470.jpg?resize=350%2C200&ssl=1","width":350,"height":200,"srcset":"https:\/\/i0.wp.com\/kruse.sh\/portal\/wp-content\/uploads\/2013\/07\/DSC_0470.jpg?resize=350%2C200&ssl=1 1x, https:\/\/i0.wp.com\/kruse.sh\/portal\/wp-content\/uploads\/2013\/07\/DSC_0470.jpg?resize=525%2C300&ssl=1 1.5x, https:\/\/i0.wp.com\/kruse.sh\/portal\/wp-content\/uploads\/2013\/07\/DSC_0470.jpg?resize=700%2C400&ssl=1 2x, https:\/\/i0.wp.com\/kruse.sh\/portal\/wp-content\/uploads\/2013\/07\/DSC_0470.jpg?resize=1050%2C600&ssl=1 3x, https:\/\/i0.wp.com\/kruse.sh\/portal\/wp-content\/uploads\/2013\/07\/DSC_0470.jpg?resize=1400%2C800&ssl=1 4x"},"classes":[]}],"jetpack_sharing_enabled":true,"_links":{"self":[{"href":"https:\/\/kruse.sh\/portal\/wp-json\/wp\/v2\/pages\/366","targetHints":{"allow":["GET"]}}],"collection":[{"href":"https:\/\/kruse.sh\/portal\/wp-json\/wp\/v2\/pages"}],"about":[{"href":"https:\/\/kruse.sh\/portal\/wp-json\/wp\/v2\/types\/page"}],"author":[{"embeddable":true,"href":"https:\/\/kruse.sh\/portal\/wp-json\/wp\/v2\/users\/2"}],"replies":[{"embeddable":true,"href":"https:\/\/kruse.sh\/portal\/wp-json\/wp\/v2\/comments?post=366"}],"version-history":[{"count":1,"href":"https:\/\/kruse.sh\/portal\/wp-json\/wp\/v2\/pages\/366\/revisions"}],"predecessor-version":[{"id":2537,"href":"https:\/\/kruse.sh\/portal\/wp-json\/wp\/v2\/pages\/366\/revisions\/2537"}],"up":[{"embeddable":true,"href":"https:\/\/kruse.sh\/portal\/wp-json\/wp\/v2\/pages\/351"}],"wp:attachment":[{"href":"https:\/\/kruse.sh\/portal\/wp-json\/wp\/v2\/media?parent=366"}],"curies":[{"name":"wp","href":"https:\/\/api.w.org\/{rel}","templated":true}]}}