{"id":34,"date":"2013-05-28T14:03:54","date_gmt":"2013-05-28T12:03:54","guid":{"rendered":"http:\/\/www.kruse.sh\/portal\/?page_id=34"},"modified":"2014-09-22T19:17:33","modified_gmt":"2014-09-22T18:17:33","slug":"ursprung-des-familiennamens-kruse","status":"publish","type":"page","link":"https:\/\/kruse.sh\/portal\/wir-uber-uns\/ursprung-des-familiennamens-kruse\/","title":{"rendered":"Ursprung des Familiennamens Kruse"},"content":{"rendered":"<p>Ursprung und Geschichte des Familiennamens<br \/>\n1) Berufs\u00fcbername zu mhd. kruse, mnd. krus &gt;Krug, Kanne&lt; f\u00fcr den T\u00f6pfer.<\/p>\n<p>2) \u00dcbername zu mhd., mnd. krus &gt;kraus; gelockt&lt; bzw. mhd. kruse &gt;krauses Haar&lt;.<br \/>\nBekannte Namenstr\u00e4gerin: K\u00e4the Kruse, deutsche Kunsthandwerkerin (19.\/20. Jh.), die die \u00bbK\u00e4the-Kruse-Puppe\u00ab gestaltete.<br \/>\n\u00a9 2006 Brockhaus Duden Neue Medien GmbH, Mannheim<\/p>\n<p>[xyz-ips snippet=&#8220;analyticstracking&#8220;]<\/p>\n","protected":false},"excerpt":{"rendered":"<p>Ursprung und Geschichte des Familiennamens 1) Berufs\u00fcbername zu mhd. kruse, mnd. krus &gt;Krug, Kanne&lt; f\u00fcr den T\u00f6pfer. 2) \u00dcbername zu mhd., mnd. krus &gt;kraus; gelockt&lt; bzw. mhd. kruse &gt;krauses Haar&lt;. Bekannte Namenstr\u00e4gerin: K\u00e4the Kruse, deutsche Kunsthandwerkerin (19.\/20. Jh.), die die &hellip; <a href=\"https:\/\/kruse.sh\/portal\/wir-uber-uns\/ursprung-des-familiennamens-kruse\/\">Weiterlesen <span class=\"meta-nav\">&rarr;<\/span><\/a><\/p>\n","protected":false},"author":2,"featured_media":0,"parent":2,"menu_order":4,"comment_status":"closed","ping_status":"closed","template":"","meta":{"footnotes":""},"class_list":["post-34","page","type-page","status-publish","hentry"],"jetpack_shortlink":"https:\/\/wp.me\/P3OebG-y","jetpack-related-posts":[{"id":29,"url":"https:\/\/kruse.sh\/portal\/wir-uber-uns\/nachname-kruse\/","url_meta":{"origin":34,"position":0},"title":"Nachname: Kruse","author":"Andreas","date":"28. Mai 2013","format":false,"excerpt":"Der Name Kruse kommt insgesamt 13737 Mal in 407 Landkreisen vor. Es gibt sch\u00e4tzungsweise 36632 Personen mit diesem Nachnamen. Dies liegt \u00fcber dem Durchschnitt f\u00fcr alle deutschen Familiennamen. Er liegt damit an 129. Stelle der h\u00e4ufigsten Namen. Die meisten Personen mit dem Familiennamen Kruse wurden in Kreisfreie Stadt Hamburg gefunden;\u2026","rel":"","context":"\u00c4hnlicher Beitrag","block_context":{"text":"\u00c4hnlicher Beitrag","link":""},"img":{"alt_text":"Familiennamenverteilung KRUSE","src":"https:\/\/i0.wp.com\/www.kruse.sh\/portal\/va-stuff\/bilder\/content\/MAP-Verteilung-KRUSE.png?resize=350%2C200&ssl=1","width":350,"height":200},"classes":[]},{"id":13,"url":"https:\/\/kruse.sh\/portal\/wir-uber-uns\/familie-kruse\/","url_meta":{"origin":34,"position":1},"title":"Familie Kruse","author":"Andreas","date":"28. Mai 2013","format":false,"excerpt":"Die Familie Kruse setzt sich zusammen aus: Andreas Vanessa Fynn Helen Zwischen 2002-2008 wohnten Vanessa und Andreas zusammen im Forsthof in Swattenbeek. Am 06.08.2005\u00a0haben Vanessa und Andreas im Amtsrichterhaus zu Swattenbeek geheiratet. Das Gl\u00fcck nahm seinen Lauf, am 14.11.2005 wurde Fynn in Hamburg geboren. Er wog 3910 g und war\u2026","rel":"","context":"\u00c4hnlicher Beitrag","block_context":{"text":"\u00c4hnlicher Beitrag","link":""},"img":{"alt_text":"","src":"","width":0,"height":0},"classes":[]},{"id":248,"url":"https:\/\/kruse.sh\/portal\/impressum\/","url_meta":{"origin":34,"position":2},"title":"Impressum","author":"Andreas","date":"30. Mai 2013","format":false,"excerpt":"Verantwortlich f\u00fcr Inhalt, Konzeption & Realisierung des Onlineportals: KRUSE.SH Familie Kruse c\/o A. Kruse Sorbenweg 6 D-21493 Schwarzenbek\/SH \u00a0 Fon: +49-4151-8979699 Fax: +49-4151-8979501 Navi: 53\u00b0 30' 55.49\" N 10\u00b0 28' 40.98\" E Kontaktformular Gew\u00e4hrleistung Die Familie Kruse\u00a0bem\u00fchen uns um m\u00f6glichst korrekte und aktuelle Information. Trotzdem k\u00f6nnen Fehler auftreten. Die Inhalte\u2026","rel":"","context":"\u00c4hnlicher Beitrag","block_context":{"text":"\u00c4hnlicher Beitrag","link":""},"img":{"alt_text":"","src":"","width":0,"height":0},"classes":[]},{"id":1332,"url":"https:\/\/kruse.sh\/portal\/nav2us\/","url_meta":{"origin":34,"position":3},"title":"Familie Kruse | Nav2Us","author":"Andreas","date":"6. November 2014","format":false,"excerpt":"So findet Ihr die Familie Kruse in Schwarzenbek: [nav2me id=1]","rel":"","context":"\u00c4hnlicher Beitrag","block_context":{"text":"\u00c4hnlicher Beitrag","link":""},"img":{"alt_text":"","src":"","width":0,"height":0},"classes":[]},{"id":2635,"url":"https:\/\/kruse.sh\/portal\/familie-kruse-bei-bluesky\/","url_meta":{"origin":34,"position":4},"title":"Familie Kruse bei Bluesky","author":"Andreas","date":"17. November 2025","format":false,"excerpt":"","rel":"","context":"\u00c4hnlicher Beitrag","block_context":{"text":"\u00c4hnlicher Beitrag","link":""},"img":{"alt_text":"","src":"","width":0,"height":0},"classes":[]},{"id":311,"url":"https:\/\/kruse.sh\/portal\/krusecam\/wettercam\/","url_meta":{"origin":34,"position":5},"title":"WetterCam","author":"Andreas","date":"12. Juni 2013","format":false,"excerpt":"Webcam: Wetter (\"Live\" aus Swattenbeek) Jedwede Verwendung des Webcam-Bildes au\u00dferhalb dieser Website bedarf der schriftlichen Genehmigung durch die Familie Kruse","rel":"","context":"\u00c4hnlicher Beitrag","block_context":{"text":"\u00c4hnlicher Beitrag","link":""},"img":{"alt_text":"","src":"","width":0,"height":0},"classes":[]}],"jetpack_sharing_enabled":true,"_links":{"self":[{"href":"https:\/\/kruse.sh\/portal\/wp-json\/wp\/v2\/pages\/34","targetHints":{"allow":["GET"]}}],"collection":[{"href":"https:\/\/kruse.sh\/portal\/wp-json\/wp\/v2\/pages"}],"about":[{"href":"https:\/\/kruse.sh\/portal\/wp-json\/wp\/v2\/types\/page"}],"author":[{"embeddable":true,"href":"https:\/\/kruse.sh\/portal\/wp-json\/wp\/v2\/users\/2"}],"replies":[{"embeddable":true,"href":"https:\/\/kruse.sh\/portal\/wp-json\/wp\/v2\/comments?post=34"}],"version-history":[{"count":0,"href":"https:\/\/kruse.sh\/portal\/wp-json\/wp\/v2\/pages\/34\/revisions"}],"up":[{"embeddable":true,"href":"https:\/\/kruse.sh\/portal\/wp-json\/wp\/v2\/pages\/2"}],"wp:attachment":[{"href":"https:\/\/kruse.sh\/portal\/wp-json\/wp\/v2\/media?parent=34"}],"curies":[{"name":"wp","href":"https:\/\/api.w.org\/{rel}","templated":true}]}}