{"id":2485,"date":"2022-05-19T17:56:29","date_gmt":"2022-05-19T15:56:29","guid":{"rendered":"https:\/\/www.kruse.sh\/portal\/projekt-gartenpool\/"},"modified":"2022-05-19T17:56:29","modified_gmt":"2022-05-19T15:56:29","slug":"projekt-gartenpool","status":"publish","type":"page","link":"https:\/\/kruse.sh\/portal\/projekt-gartenpool\/","title":{"rendered":"Projekt-GartenPool"},"content":{"rendered":" \n<!-- Start container 1 --><div id=\"wppa-modal-container-1\" class=\"wppa-modal-container\" style=\"position:relative;z-index:100000;\" data-wppa=\"yes\" ontouchmove=\"event.stopPropagation();\"><\/div><div id=\"wppa-container-wrapper-1\" class=\"aligncenter wppa-container-wrapper \" style=\"width:100%;clear:both;display:block;margin-left:auto;margin-right:auto;padding:0;position:relative;\"><div id=\"wppa-container-1\" style=\"width:100%;\" class=\"wppa-container wppa-container-1 wppa-rev-9111001 wppa-prevrev-9110011 wppa-theme-9.1.11.001 wppa-api-9.1.11.001\"><svg id=\"wppa-ajax-spin-1\" class=\"wppa-ajax-spin uil-default\" width=\"116px\" height=\"120px\" viewBox=\"0 0 135 140\" preserveAspectRatio=\"xMidYMid\" stroke=\"#666666\" style=\"width:116px; height:120px; position:fixed; top:50%; margin-top:-60px; left:50%; margin-left:-60px; opacity:1; display:none; fill:#666666; background-color:#dddddd; border-radius:60px;\"><rect y=\"10\" width=\"15\" height=\"120\" rx=\"6\"><animate attributeName=\"height\" begin=\"0.5s\" dur=\"1s\" values=\"120;110;100;90;80;70;60;50;40;140;120\" calcMode=\"linear\" repeatCount=\"indefinite\" ><animate attributeName=\"y\" begin=\"0.5s\" dur=\"1s\" values=\"10;15;20;25;30;35;40;45;50;0;10\" calcMode=\"linear\" repeatCount=\"indefinite\" ><\/rect><rect x=\"30\" y=\"10\" width=\"15\" height=\"120\" rx=\"6\"><animate attributeName=\"height\" begin=\"0.25s\" dur=\"1s\" values=\"120;110;100;90;80;70;60;50;40;140;120\" calcMode=\"linear\" repeatCount=\"indefinite\" ><animate attributeName=\"y\" begin=\"0.25s\" dur=\"1s\" values=\"10;15;20;25;30;35;40;45;50;0;10\" calcMode=\"linear\" repeatCount=\"indefinite\" ><\/rect><rect x=\"60\" width=\"15\" height=\"140\" rx=\"6\"><animate attributeName=\"height\" begin=\"0s\" dur=\"1s\" values=\"120;110;100;90;80;70;60;50;40;140;120\" calcMode=\"linear\" repeatCount=\"indefinite\" ><animate attributeName=\"y\" begin=\"0s\" dur=\"1s\" values=\"10;15;20;25;30;35;40;45;50;0;10\" calcMode=\"linear\" repeatCount=\"indefinite\" ><\/rect><rect x=\"90\" y=\"10\" width=\"15\" height=\"120\" rx=\"6\"><animate attributeName=\"height\" begin=\"0.25s\" dur=\"1s\" values=\"120;110;100;90;80;70;60;50;40;140;120\" calcMode=\"linear\" repeatCount=\"indefinite\" ><animate attributeName=\"y\" begin=\"0.25s\" dur=\"1s\" values=\"10;15;20;25;30;35;40;45;50;0;10\" calcMode=\"linear\" repeatCount=\"indefinite\" ><\/rect><rect x=\"120\" y=\"10\" width=\"15\" height=\"120\" rx=\"6\"><animate attributeName=\"height\" begin=\"0.5s\" dur=\"1s\" values=\"120;110;100;90;80;70;60;50;40;140;120\" calcMode=\"linear\" repeatCount=\"indefinite\" ><animate attributeName=\"y\" begin=\"0.5s\" dur=\"1s\" values=\"10;15;20;25;30;35;40;45;50;0;10\" calcMode=\"linear\" repeatCount=\"indefinite\" ><\/rect><\/svg><input type=\"hidden\" id=\"wppa-nonce-0-1\" name=\"wppa-nonce\" value=\"694163d98b\" ><div id=\"wppa-albumlist-1\" style=\"overflow:auto;\" class=\"albumlist\"><div id=\"album-37-1\" title=\"Link zu Projekt-GartenPool\" style=\"width:100%;clear:both;cursor:pointer;\" class=\"wppa-album-cover-standard album wppa-box wppa-cover-box wppa-cover-box-mcr-1\"><div id=\"covertext_frame_37_1\" style=\"width:429px; float:left\" class=\"wppa-text-frame-1 wppa-text-frame wppa-cover-text-frame wppa-asym-text-frame-mcr-1\"><h2 style=\"clear:none\" class=\"wppa-title\"><a title=\"Link zu Projekt-GartenPool\" href=\"https:\/\/kruse.sh\/portal\/projekt-gartenpool\/?occur=1&#038;lang=de&#038;cover=0&#038;album=761e83a630a9d752&#038;data-alb=37\" target=\"_self\" class=\"wppa-title\">Projekt: GartenPool 2022<\/a><\/h2><span title=\"Anzahl der Elemente\" style=\"cursor:pointer;\" class=\"wppa-cover-pcount\" onclick=\"wppaStopProp(event);\"> (128)<\/span><div style=\"min-height:54px;\" class=\"wppa-box-text wppa-black wppa-box-text-desc\"><\/div><div class=\"wppa-box-text wppa-black wppa-info wppa-slideshow-browse-link wppa-album-cover-link\">a<\/div><div class=\"wppa-box-text wppa-black wppa-info wppa-viewlink wppa-album-cover-link\"><a title=\"Zeige die Galerie Projekt: GartenPool 2022\" style=\"cursor:pointer;\" href=\"https:\/\/kruse.sh\/portal\/projekt-gartenpool\/?occur=1&#038;lang=de&#038;cover=0&#038;album=761e83a630a9d752&#038;data-alb=37\" target=\"_self\" class=\"wppa-album-cover-link\">128&nbsp;Fotos&nbsp;anzeigen<\/a><\/div><\/div><div id=\"coverphoto_frame_37_1\" style=\"float:right; margin-left:5px;width:190px;\" class=\"coverphoto-frame\"><div title=\" \" style=\"display:inline-block;margin:0 4px;\" onclick=\"wppaStopProp(event)\"><a title=\"Link zu Projekt-GartenPool\" style=\"border:0;color:transparent;cursor:pointer;\" href=\"https:\/\/kruse.sh\/portal\/projekt-gartenpool\/?occur=1&#038;lang=de&#038;cover=0&#038;album=761e83a630a9d752&#038;data-alb=37\" target=\"_self\"><img style=\"border-width:0px;width:180px;height:102px;opacity:0.85;display:inline;\" alt=\"1390\" class=\"image wppa-img\" onload=\"wppaLazyLoaded++;wppaMakeLazyVisible(&#039;onload&#039;);\" onerror=\"wppaLazyLoaded++;\" onmouseover=\"jQuery(this).fadeTo(400, 1.0)\" onmouseout=\"jQuery(this).fadeTo(400,0.85)\" decoding=\"async\" data-src=\"https:\/\/kruse.sh\/portal\/wp-content\/uploads\/wppa\/thumbs\/1390.jpg?ver=68\"><\/a><div style=\"position:relative;top:-32px;z-index:10;\"><img decoding=\"async\" title=\"Bronzemedaille\" style=\"right:6px;top:4px;position:absolute;border:none;margin:0;padding:0;box-shadow:none;height:24px;top:6px;\" src=\"https:\/\/kruse.sh\/portal\/wp-content\/uploads\/wppa\/icons\/medal_bronze_3.png\" alt=\"Bronzemedaille\" class=\"nolazy\"><\/div><\/div><div title=\"Anzahl der Fotoansichten in diesem Galerie\" style=\"cursor:pointer\" class=\"wppa-album-cover-viewcount\">Anzeigen: 4169<\/div><\/div><div title=\" \" onclick=\"wppaStopProp(event);\"><\/div><div style=\"clear:both;\"><\/div><\/div><\/div><div style=\"clear:both;\"><\/div><div id=\"wppa-container-1-end\"><\/div><\/div><\/div>\n<!-- End [wppa type=\"cover\" album=\"37\" align=\"center\"] \/portal\/wp-json\/wp\/v2\/pages\/2485 oc 1 12 queries in 36.7 ms. at 13:29. Max mem: 22.00 Mb. -->\n","protected":false},"excerpt":{"rendered":"","protected":false},"author":2,"featured_media":0,"parent":0,"menu_order":0,"comment_status":"closed","ping_status":"closed","template":"","meta":{"footnotes":""},"class_list":["post-2485","page","type-page","status-publish","hentry"],"jetpack_shortlink":"https:\/\/wp.me\/P3OebG-E5","jetpack-related-posts":[{"id":682,"url":"https:\/\/kruse.sh\/portal\/galerie\/galeriekrusepic\/bootstouren\/","url_meta":{"origin":2485,"position":0},"title":"Bootstouren","author":"Andreas","date":"23. August 2013","format":false,"excerpt":"","rel":"","context":"\u00c4hnlicher Beitrag","block_context":{"text":"\u00c4hnlicher Beitrag","link":""},"img":{"alt_text":"","src":"","width":0,"height":0},"classes":[]},{"id":127,"url":"https:\/\/kruse.sh\/portal\/galerie\/galeriekrusepic\/sorbenweg6\/","url_meta":{"origin":2485,"position":1},"title":"Sorbenweg 6","author":"Andreas","date":"30. Mai 2013","format":false,"excerpt":"","rel":"","context":"\u00c4hnlicher Beitrag","block_context":{"text":"\u00c4hnlicher Beitrag","link":""},"img":{"alt_text":"","src":"","width":0,"height":0},"classes":[]},{"id":497,"url":"https:\/\/kruse.sh\/portal\/galerie\/galeriekrusepic\/heiligenhafen\/","url_meta":{"origin":2485,"position":2},"title":"Heiligenhafen","author":"Andreas","date":"18. Juli 2013","format":false,"excerpt":"Heiligenhafen ist unsere zweite Heimat.","rel":"","context":"\u00c4hnlicher Beitrag","block_context":{"text":"\u00c4hnlicher Beitrag","link":""},"img":{"alt_text":"","src":"","width":0,"height":0},"classes":[]},{"id":635,"url":"https:\/\/kruse.sh\/portal\/galerie\/galeriekrusepic\/oetz\/","url_meta":{"origin":2485,"position":3},"title":"Oetz","author":"Andreas","date":"21. August 2013","format":false,"excerpt":"Ski-Urlaub in Hochoetz\/Oetz (\u00d6sterreich)","rel":"","context":"\u00c4hnlicher Beitrag","block_context":{"text":"\u00c4hnlicher Beitrag","link":""},"img":{"alt_text":"","src":"","width":0,"height":0},"classes":[]},{"id":495,"url":"https:\/\/kruse.sh\/portal\/galerie\/galeriekrusepic\/spiekeroog-2009\/","url_meta":{"origin":2485,"position":4},"title":"Spiekeroog","author":"Andreas","date":"18. Juli 2013","format":false,"excerpt":"Urlaub auf der wundersch\u00f6nen ostfriesischen Insel Spiegeroog","rel":"","context":"\u00c4hnlicher Beitrag","block_context":{"text":"\u00c4hnlicher Beitrag","link":""},"img":{"alt_text":"","src":"","width":0,"height":0},"classes":[]},{"id":1416,"url":"https:\/\/kruse.sh\/portal\/galerie\/oetz-201415\/","url_meta":{"origin":2485,"position":5},"title":"Oetz 2014\/15","author":"Andreas","date":"5. Januar 2015","format":false,"excerpt":"Unser Ski-Urlaub 2014\/15 in Hochoetz\/Oetz (\u00d6sterreich)","rel":"","context":"\u00c4hnlicher Beitrag","block_context":{"text":"\u00c4hnlicher Beitrag","link":""},"img":{"alt_text":"","src":"","width":0,"height":0},"classes":[]}],"jetpack_sharing_enabled":true,"_links":{"self":[{"href":"https:\/\/kruse.sh\/portal\/wp-json\/wp\/v2\/pages\/2485","targetHints":{"allow":["GET"]}}],"collection":[{"href":"https:\/\/kruse.sh\/portal\/wp-json\/wp\/v2\/pages"}],"about":[{"href":"https:\/\/kruse.sh\/portal\/wp-json\/wp\/v2\/types\/page"}],"author":[{"embeddable":true,"href":"https:\/\/kruse.sh\/portal\/wp-json\/wp\/v2\/users\/2"}],"replies":[{"embeddable":true,"href":"https:\/\/kruse.sh\/portal\/wp-json\/wp\/v2\/comments?post=2485"}],"version-history":[{"count":0,"href":"https:\/\/kruse.sh\/portal\/wp-json\/wp\/v2\/pages\/2485\/revisions"}],"wp:attachment":[{"href":"https:\/\/kruse.sh\/portal\/wp-json\/wp\/v2\/media?parent=2485"}],"curies":[{"name":"wp","href":"https:\/\/api.w.org\/{rel}","templated":true}]}}