{"id":2193,"date":"2020-11-10T20:17:26","date_gmt":"2020-11-10T19:17:26","guid":{"rendered":"https:\/\/www.kruse.sh\/portal\/?page_id=2193"},"modified":"2020-11-10T22:38:53","modified_gmt":"2020-11-10T21:38:53","slug":"feinstaubsensorkarte-fuer-schwarzenbek-und-mehr","status":"publish","type":"page","link":"https:\/\/kruse.sh\/portal\/luftdaten\/feinstaubsensorkarte-fuer-schwarzenbek-und-mehr\/","title":{"rendered":"Feinstaubsensoren f\u00fcr Schwarzenbek (&#8230; und mehr)"},"content":{"rendered":"<p><iframe loading=\"lazy\" src=\"https:\/\/maps.sensor.community\/#14\/53.5084\/10.4880\" width=\"640\" height=\"780\" frameborder=\"0\" scrolling=\"no\"><\/iframe><\/p>\n<p>Quelle: maps.sensor.community<\/p>\n","protected":false},"excerpt":{"rendered":"<p>Quelle: maps.sensor.community<\/p>\n","protected":false},"author":2,"featured_media":1565,"parent":1552,"menu_order":0,"comment_status":"closed","ping_status":"closed","template":"","meta":{"footnotes":""},"class_list":["post-2193","page","type-page","status-publish","has-post-thumbnail","hentry"],"jetpack_shortlink":"https:\/\/wp.me\/P3OebG-zn","jetpack-related-posts":[{"id":1786,"url":"https:\/\/kruse.sh\/portal\/luftdaten\/feinstaub-in-schwarzenbek\/","url_meta":{"origin":2193,"position":0},"title":"Feinstaub in Schwarzenbek","author":"Andreas","date":"7. Januar 2019","format":false,"excerpt":"Es gibt zur Zeit vier Feinstaubsensoren in Schwarzenbek, Stand Mai 2020.","rel":"","context":"\u00c4hnlicher Beitrag","block_context":{"text":"\u00c4hnlicher Beitrag","link":""},"img":{"alt_text":"","src":"https:\/\/i0.wp.com\/kruse.sh\/portal\/wp-content\/uploads\/2018\/11\/DSC_9961.jpg?resize=350%2C200&ssl=1","width":350,"height":200,"srcset":"https:\/\/i0.wp.com\/kruse.sh\/portal\/wp-content\/uploads\/2018\/11\/DSC_9961.jpg?resize=350%2C200&ssl=1 1x, https:\/\/i0.wp.com\/kruse.sh\/portal\/wp-content\/uploads\/2018\/11\/DSC_9961.jpg?resize=525%2C300&ssl=1 1.5x, https:\/\/i0.wp.com\/kruse.sh\/portal\/wp-content\/uploads\/2018\/11\/DSC_9961.jpg?resize=700%2C400&ssl=1 2x, https:\/\/i0.wp.com\/kruse.sh\/portal\/wp-content\/uploads\/2018\/11\/DSC_9961.jpg?resize=1050%2C600&ssl=1 3x, https:\/\/i0.wp.com\/kruse.sh\/portal\/wp-content\/uploads\/2018\/11\/DSC_9961.jpg?resize=1400%2C800&ssl=1 4x"},"classes":[]},{"id":1552,"url":"https:\/\/kruse.sh\/portal\/luftdaten\/","url_meta":{"origin":2193,"position":1},"title":"Luftdaten (Feinstaub)","author":"Andreas","date":"19. November 2018","format":false,"excerpt":"Wir haben den ersten Feinstaubsensor (OK Lab Stuttgart) in Schwarzenbek und im s\u00fcdlichen Herzogtum Lauenburg (SH) online gestellt. Bei unserem Projekt \"Luftdaten vor der eigenen Haust\u00fcr messen\" geht es nicht darum ein Fahrverbot f\u00fcr unsere Spielstra\u00dfe zu erzwingen ;-) , sondern vielmehr darum einfach mal in einem Wohngebiet - ohne\u2026","rel":"","context":"\u00c4hnlicher Beitrag","block_context":{"text":"\u00c4hnlicher Beitrag","link":""},"img":{"alt_text":"","src":"https:\/\/i0.wp.com\/kruse.sh\/portal\/wp-content\/uploads\/2018\/11\/DSC_9978.jpg?resize=350%2C200&ssl=1","width":350,"height":200,"srcset":"https:\/\/i0.wp.com\/kruse.sh\/portal\/wp-content\/uploads\/2018\/11\/DSC_9978.jpg?resize=350%2C200&ssl=1 1x, https:\/\/i0.wp.com\/kruse.sh\/portal\/wp-content\/uploads\/2018\/11\/DSC_9978.jpg?resize=525%2C300&ssl=1 1.5x, https:\/\/i0.wp.com\/kruse.sh\/portal\/wp-content\/uploads\/2018\/11\/DSC_9978.jpg?resize=700%2C400&ssl=1 2x, https:\/\/i0.wp.com\/kruse.sh\/portal\/wp-content\/uploads\/2018\/11\/DSC_9978.jpg?resize=1050%2C600&ssl=1 3x, https:\/\/i0.wp.com\/kruse.sh\/portal\/wp-content\/uploads\/2018\/11\/DSC_9978.jpg?resize=1400%2C800&ssl=1 4x"},"classes":[]},{"id":1842,"url":"https:\/\/kruse.sh\/portal\/","url_meta":{"origin":2193,"position":2},"title":"Moin &#8230; \u00af\\_(\u30c4)_\/\u00af &#8230;","author":"Andreas","date":"3. Januar 2020","format":false,"excerpt":"Wir m\u00f6chten Euch hier unsere Familie und Schwarzenbek (Swattenbeek) vorstellen. Erste professionelle Wetterstation (Davis Vantage Pro2 mit ISS) in Schwarzenbek Erste Feinstaub Messstation in Schwarzenbek und s\u00fcdlichem Herzogtum Lauenburg Die aktuelle Wetterlage f\u00fcr Schwarzenbek und Umgebung Seewetter Karte Ostsee, Gewitterkarte Deutschland Verkehrsmeldungen f\u00fcr Schleswig-Holstein Informationen \u00fcber unser Sportboot (Jeanneau Cap\u2026","rel":"","context":"\u00c4hnlicher Beitrag","block_context":{"text":"\u00c4hnlicher Beitrag","link":""},"img":{"alt_text":"","src":"","width":0,"height":0},"classes":[]},{"id":2,"url":"https:\/\/kruse.sh\/portal\/wir-uber-uns\/","url_meta":{"origin":2193,"position":3},"title":"Moinsen &#8230;  \u00af\\_(\u30c4)_\/\u00af","author":"Andreas","date":"27. Mai 2013","format":false,"excerpt":"... wir m\u00f6chten Euch hier unsere Familie vorstellen ... weitere Schwerpunkte sind ... Erste professionelle Wetterstation (Davis Vantage Pro2 mit ISS) in Swattenbeek, zusammengefasste Wetterdaten (Tag, Monat, Jahr) f\u00fcr die Europastadt Schwarzenbek. Erste Feinstaub Messstation (OK Lab Stuttgart - Open Data) in Schwarzenbek und s\u00fcdlichem Herzogtum Lauenburg. Temperatur-, Luftdaten- und\u2026","rel":"","context":"\u00c4hnlicher Beitrag","block_context":{"text":"\u00c4hnlicher Beitrag","link":""},"img":{"alt_text":"","src":"https:\/\/i0.wp.com\/kruse.sh\/portal\/wp-content\/uploads\/2020\/10\/20200718_122411-scaled.jpg?resize=350%2C200&ssl=1","width":350,"height":200,"srcset":"https:\/\/i0.wp.com\/kruse.sh\/portal\/wp-content\/uploads\/2020\/10\/20200718_122411-scaled.jpg?resize=350%2C200&ssl=1 1x, https:\/\/i0.wp.com\/kruse.sh\/portal\/wp-content\/uploads\/2020\/10\/20200718_122411-scaled.jpg?resize=525%2C300&ssl=1 1.5x, https:\/\/i0.wp.com\/kruse.sh\/portal\/wp-content\/uploads\/2020\/10\/20200718_122411-scaled.jpg?resize=700%2C400&ssl=1 2x, https:\/\/i0.wp.com\/kruse.sh\/portal\/wp-content\/uploads\/2020\/10\/20200718_122411-scaled.jpg?resize=1050%2C600&ssl=1 3x"},"classes":[]},{"id":248,"url":"https:\/\/kruse.sh\/portal\/impressum\/","url_meta":{"origin":2193,"position":4},"title":"Impressum","author":"Andreas","date":"30. Mai 2013","format":false,"excerpt":"Verantwortlich f\u00fcr Inhalt, Konzeption & Realisierung des Onlineportals: KRUSE.SH Familie Kruse c\/o A. Kruse Sorbenweg 6 D-21493 Schwarzenbek\/SH \u00a0 Fon: +49-4151-8979699 Fax: +49-4151-8979501 Navi: 53\u00b0 30' 55.49\" N 10\u00b0 28' 40.98\" E Kontaktformular Gew\u00e4hrleistung Die Familie Kruse\u00a0bem\u00fchen uns um m\u00f6glichst korrekte und aktuelle Information. Trotzdem k\u00f6nnen Fehler auftreten. Die Inhalte\u2026","rel":"","context":"\u00c4hnlicher Beitrag","block_context":{"text":"\u00c4hnlicher Beitrag","link":""},"img":{"alt_text":"","src":"","width":0,"height":0},"classes":[]},{"id":351,"url":"https:\/\/kruse.sh\/portal\/wetterstation\/","url_meta":{"origin":2193,"position":5},"title":"Wetterstation im Internet","author":"Andreas","date":"14. Juli 2013","format":false,"excerpt":"Erste professionelle Wetterstation in Schwarzenbek ... Unsere neue Wetterstation\u00a0wurde am 12. Juli 2013 in Betrieb genommen. Die \"Davis Vantage\u00a0Pro 2\"\u00a0l\u00f6st die alte, teilweise defekte,\u00a0\u00a0TFA\u00a0Sirus\u00a0WS28oo-IT ab. Diese\u00a0hatte seit 2007\u00a0die Wetteraufzeichnungen\u00a0auf unsere Seiten publiziert, leider \"verlor\" Sie neben dem Regen- auch den Windmesser. Unsere neue professionelle Wetterstation ist mit Wind-, Regen-, Temperatur-,\u2026","rel":"","context":"\u00c4hnlicher Beitrag","block_context":{"text":"\u00c4hnlicher Beitrag","link":""},"img":{"alt_text":"","src":"https:\/\/i0.wp.com\/www.kruse.sh\/portal\/wp-content\/uploads\/2013\/07\/DSC_0470-150x150.jpg?resize=350%2C200","width":350,"height":200},"classes":[]}],"jetpack_sharing_enabled":true,"_links":{"self":[{"href":"https:\/\/kruse.sh\/portal\/wp-json\/wp\/v2\/pages\/2193","targetHints":{"allow":["GET"]}}],"collection":[{"href":"https:\/\/kruse.sh\/portal\/wp-json\/wp\/v2\/pages"}],"about":[{"href":"https:\/\/kruse.sh\/portal\/wp-json\/wp\/v2\/types\/page"}],"author":[{"embeddable":true,"href":"https:\/\/kruse.sh\/portal\/wp-json\/wp\/v2\/users\/2"}],"replies":[{"embeddable":true,"href":"https:\/\/kruse.sh\/portal\/wp-json\/wp\/v2\/comments?post=2193"}],"version-history":[{"count":0,"href":"https:\/\/kruse.sh\/portal\/wp-json\/wp\/v2\/pages\/2193\/revisions"}],"up":[{"embeddable":true,"href":"https:\/\/kruse.sh\/portal\/wp-json\/wp\/v2\/pages\/1552"}],"wp:featuredmedia":[{"embeddable":true,"href":"https:\/\/kruse.sh\/portal\/wp-json\/wp\/v2\/media\/1565"}],"wp:attachment":[{"href":"https:\/\/kruse.sh\/portal\/wp-json\/wp\/v2\/media?parent=2193"}],"curies":[{"name":"wp","href":"https:\/\/api.w.org\/{rel}","templated":true}]}}