{"id":172,"date":"2013-05-30T13:02:01","date_gmt":"2013-05-30T11:02:01","guid":{"rendered":"http:\/\/www.kruse.sh\/portal\/?page_id=172"},"modified":"2022-10-07T09:04:03","modified_gmt":"2022-10-07T07:04:03","slug":"krusecam","status":"publish","type":"page","link":"https:\/\/kruse.sh\/portal\/krusecam\/","title":{"rendered":"KruseCAM"},"content":{"rendered":"<p><strong>Webcam: Garten (&#8222;Live&#8220; aus Swattenbeek)<br \/>\n<\/strong><br \/>\n<!--\n\n\n<div style=\"text-align: center;\"><img decoding=\"async\" src=\"https:\/\/www.kruse.sh\/portal\/va-stuff\/webcam\/offen\/VA-SW6-WCAM02\/wcam02.jpg\" alt=\"Webcam\" \/><\/div>\n\n\n\n\n<div style=\"text-align: center;\"><span style=\"color: #0000ff;\"><small><\/small><small>Jedwede Verwendung des Webcam-Bildes ausserhalb dieser Website bedarf der schriftlichen Genehmigung von Familie Kruse<\/small><\/span><\/div>\n\n\n\n\n<div style=\"text-align: right;\"><small>!!Keine Bilder am Wochenende!!<\/small><\/div>\n\n\n--><\/p>\n<div style=\"text-align: center;\"><img decoding=\"async\" src=\"https:\/\/www.kruse-cloud.de\/ks-stuff\/images\/Wartungsarbeiten.png\" alt=\"Webcam\" \/><\/div>\n","protected":false},"excerpt":{"rendered":"<p>Webcam: Garten (&#8222;Live&#8220; aus Swattenbeek)<\/p>\n","protected":false},"author":2,"featured_media":0,"parent":0,"menu_order":50,"comment_status":"closed","ping_status":"closed","template":"onecolumn-page.php","meta":{"footnotes":""},"class_list":["post-172","page","type-page","status-publish","hentry"],"jetpack_shortlink":"https:\/\/wp.me\/P3OebG-2M","jetpack-related-posts":[{"id":311,"url":"https:\/\/kruse.sh\/portal\/krusecam\/wettercam\/","url_meta":{"origin":172,"position":0},"title":"WetterCam","author":"Andreas","date":"12. Juni 2013","format":false,"excerpt":"Webcam: Wetter (\"Live\" aus Swattenbeek) Jedwede Verwendung des Webcam-Bildes au\u00dferhalb dieser Website bedarf der schriftlichen Genehmigung durch die Familie Kruse","rel":"","context":"\u00c4hnlicher Beitrag","block_context":{"text":"\u00c4hnlicher Beitrag","link":""},"img":{"alt_text":"","src":"","width":0,"height":0},"classes":[]},{"id":1842,"url":"https:\/\/kruse.sh\/portal\/","url_meta":{"origin":172,"position":1},"title":"Moin &#8230; \u00af\\_(\u30c4)_\/\u00af &#8230;","author":"Andreas","date":"3. Januar 2020","format":false,"excerpt":"Wir m\u00f6chten Euch hier unsere Familie und Schwarzenbek (Swattenbeek) vorstellen. Erste professionelle Wetterstation (Davis Vantage Pro2 mit ISS) in Schwarzenbek Erste Feinstaub Messstation in Schwarzenbek und s\u00fcdlichem Herzogtum Lauenburg Die aktuelle Wetterlage f\u00fcr Schwarzenbek und Umgebung Seewetter Karte Ostsee, Gewitterkarte Deutschland Verkehrsmeldungen f\u00fcr Schleswig-Holstein Informationen \u00fcber unser Sportboot (Jeanneau Cap\u2026","rel":"","context":"\u00c4hnlicher Beitrag","block_context":{"text":"\u00c4hnlicher Beitrag","link":""},"img":{"alt_text":"","src":"","width":0,"height":0},"classes":[]},{"id":13,"url":"https:\/\/kruse.sh\/portal\/wir-uber-uns\/familie-kruse\/","url_meta":{"origin":172,"position":2},"title":"Familie Kruse","author":"Andreas","date":"28. Mai 2013","format":false,"excerpt":"Die Familie Kruse setzt sich zusammen aus: Andreas Vanessa Fynn Helen Zwischen 2002-2008 wohnten Vanessa und Andreas zusammen im Forsthof in Swattenbeek. Am 06.08.2005\u00a0haben Vanessa und Andreas im Amtsrichterhaus zu Swattenbeek geheiratet. Das Gl\u00fcck nahm seinen Lauf, am 14.11.2005 wurde Fynn in Hamburg geboren. Er wog 3910 g und war\u2026","rel":"","context":"\u00c4hnlicher Beitrag","block_context":{"text":"\u00c4hnlicher Beitrag","link":""},"img":{"alt_text":"","src":"","width":0,"height":0},"classes":[]},{"id":45,"url":"https:\/\/kruse.sh\/portal\/infobox\/swattenbeek\/","url_meta":{"origin":172,"position":3},"title":"Swattenbeek","author":"Andreas","date":"29. Mai 2013","format":false,"excerpt":"Schwarzenbek bekam im Jahre 1953 von der Landesregierung Schleswig-Holstein die Stadtrechte. Im Jahre 1961 verlieh der Europarat in Stra\u00dfburg der Stadt Schwarzenbek als zweiter Stadt in der Bundesrepublik Deutschland den Europapreis. Die Europastadt Schwarzenbek liegt im S\u00fcd-\u00f6stlichen Schleswig-Holstein, im Kreis Herzogtum Lauenburg. Gr\u00f6\u00dfere KartenansichtNur ca. 30 KM von der Hansestadt\u2026","rel":"","context":"\u00c4hnlicher Beitrag","block_context":{"text":"\u00c4hnlicher Beitrag","link":""},"img":{"alt_text":"","src":"","width":0,"height":0},"classes":[]},{"id":865,"url":"https:\/\/kruse.sh\/portal\/skigebiet-hochoetz\/skigebiet-hochoetz-webcam-acherkoglbahn\/","url_meta":{"origin":172,"position":4},"title":"Skigebiet Hochoetz | Webcam Acherkoglbahn","author":"Andreas","date":"11. Oktober 2013","format":false,"excerpt":"Quelle: Webcam Bergbahn-Hochoetz und www.oetz.com","rel":"","context":"\u00c4hnlicher Beitrag","block_context":{"text":"\u00c4hnlicher Beitrag","link":""},"img":{"alt_text":"","src":"","width":0,"height":0},"classes":[]},{"id":867,"url":"https:\/\/kruse.sh\/portal\/skigebiet-hochoetz\/skigebiet-hochoetz-webcam-gondel-ochsengarten\/","url_meta":{"origin":172,"position":5},"title":"Skigebiet Hochoetz | Webcam Gondel Ochsengarten","author":"Andreas","date":"11. Oktober 2013","format":false,"excerpt":"\u00a0 \u00a0 \u00a0 \u00a0 \u00a0 Quelle: Webcam Bergbahn-Hochoetz und www.oetz.com","rel":"","context":"\u00c4hnlicher Beitrag","block_context":{"text":"\u00c4hnlicher Beitrag","link":""},"img":{"alt_text":"","src":"","width":0,"height":0},"classes":[]}],"jetpack_sharing_enabled":true,"_links":{"self":[{"href":"https:\/\/kruse.sh\/portal\/wp-json\/wp\/v2\/pages\/172","targetHints":{"allow":["GET"]}}],"collection":[{"href":"https:\/\/kruse.sh\/portal\/wp-json\/wp\/v2\/pages"}],"about":[{"href":"https:\/\/kruse.sh\/portal\/wp-json\/wp\/v2\/types\/page"}],"author":[{"embeddable":true,"href":"https:\/\/kruse.sh\/portal\/wp-json\/wp\/v2\/users\/2"}],"replies":[{"embeddable":true,"href":"https:\/\/kruse.sh\/portal\/wp-json\/wp\/v2\/comments?post=172"}],"version-history":[{"count":0,"href":"https:\/\/kruse.sh\/portal\/wp-json\/wp\/v2\/pages\/172\/revisions"}],"wp:attachment":[{"href":"https:\/\/kruse.sh\/portal\/wp-json\/wp\/v2\/media?parent=172"}],"curies":[{"name":"wp","href":"https:\/\/api.w.org\/{rel}","templated":true}]}}