{"id":1454,"date":"2017-03-29T21:15:09","date_gmt":"2017-03-29T20:15:09","guid":{"rendered":"http:\/\/www.kruse.sh\/portal\/foto-des-tages\/"},"modified":"2017-03-29T21:15:09","modified_gmt":"2017-03-29T20:15:09","slug":"foto-des-tages","status":"publish","type":"page","link":"https:\/\/kruse.sh\/portal\/foto-des-tages\/","title":{"rendered":"Foto des Tages"},"content":{"rendered":" \n<!-- Start container 1 --><div id=\"wppa-modal-container-1\" class=\"wppa-modal-container\" style=\"position:relative;z-index:100000;\" data-wppa=\"yes\" ontouchmove=\"event.stopPropagation();\"><\/div><div id=\"wppa-container-wrapper-1\" class=\"alignnone wppa-container-wrapper \" style=\"width:100%;clear:both;padding:0;position:relative;\"><div id=\"wppa-container-1\" style=\"width:100%;\" class=\"wppa-container wppa-container-1 wppa-rev-9111001 wppa-prevrev-9110011 wppa-theme-9.1.11.001 wppa-api-9.1.11.001\"><svg id=\"wppa-ajax-spin-1\" class=\"wppa-ajax-spin uil-default\" width=\"116px\" height=\"120px\" viewBox=\"0 0 135 140\" preserveAspectRatio=\"xMidYMid\" stroke=\"#666666\" style=\"width:116px; height:120px; position:fixed; top:50%; margin-top:-60px; left:50%; margin-left:-60px; opacity:1; display:none; fill:#666666; background-color:#dddddd; border-radius:60px;\"><rect y=\"10\" width=\"15\" height=\"120\" rx=\"6\"><animate attributeName=\"height\" begin=\"0.5s\" dur=\"1s\" values=\"120;110;100;90;80;70;60;50;40;140;120\" calcMode=\"linear\" repeatCount=\"indefinite\" ><animate attributeName=\"y\" begin=\"0.5s\" dur=\"1s\" values=\"10;15;20;25;30;35;40;45;50;0;10\" calcMode=\"linear\" repeatCount=\"indefinite\" ><\/rect><rect x=\"30\" y=\"10\" width=\"15\" height=\"120\" rx=\"6\"><animate attributeName=\"height\" begin=\"0.25s\" dur=\"1s\" values=\"120;110;100;90;80;70;60;50;40;140;120\" calcMode=\"linear\" repeatCount=\"indefinite\" ><animate attributeName=\"y\" begin=\"0.25s\" dur=\"1s\" values=\"10;15;20;25;30;35;40;45;50;0;10\" calcMode=\"linear\" repeatCount=\"indefinite\" ><\/rect><rect x=\"60\" width=\"15\" height=\"140\" rx=\"6\"><animate attributeName=\"height\" begin=\"0s\" dur=\"1s\" values=\"120;110;100;90;80;70;60;50;40;140;120\" calcMode=\"linear\" repeatCount=\"indefinite\" ><animate attributeName=\"y\" begin=\"0s\" dur=\"1s\" values=\"10;15;20;25;30;35;40;45;50;0;10\" calcMode=\"linear\" repeatCount=\"indefinite\" ><\/rect><rect x=\"90\" y=\"10\" width=\"15\" height=\"120\" rx=\"6\"><animate attributeName=\"height\" begin=\"0.25s\" dur=\"1s\" values=\"120;110;100;90;80;70;60;50;40;140;120\" calcMode=\"linear\" repeatCount=\"indefinite\" ><animate attributeName=\"y\" begin=\"0.25s\" dur=\"1s\" values=\"10;15;20;25;30;35;40;45;50;0;10\" calcMode=\"linear\" repeatCount=\"indefinite\" ><\/rect><rect x=\"120\" y=\"10\" width=\"15\" height=\"120\" rx=\"6\"><animate attributeName=\"height\" begin=\"0.5s\" dur=\"1s\" values=\"120;110;100;90;80;70;60;50;40;140;120\" calcMode=\"linear\" repeatCount=\"indefinite\" ><animate attributeName=\"y\" begin=\"0.5s\" dur=\"1s\" values=\"10;15;20;25;30;35;40;45;50;0;10\" calcMode=\"linear\" repeatCount=\"indefinite\" ><\/rect><\/svg><input type=\"hidden\" id=\"wppa-nonce-0-1\" name=\"wppa-nonce\" value=\"05cbd67c9d\" ><div style=\"clear:both;\"><\/div><div id=\"wppa-container-1-end\"><\/div><\/div><\/div>\n","protected":false},"excerpt":{"rendered":"","protected":false},"author":0,"featured_media":0,"parent":0,"menu_order":0,"comment_status":"closed","ping_status":"closed","template":"","meta":{"footnotes":""},"class_list":["post-1454","page","type-page","status-publish","hentry"],"jetpack_shortlink":"https:\/\/wp.me\/P3OebG-ns","jetpack-related-posts":[{"id":1782,"url":"https:\/\/kruse.sh\/portal\/fotos-mit-schlagworten\/","url_meta":{"origin":1454,"position":0},"title":"Fotos mit Schlagworten","author":"","date":"5. Januar 2019","format":false,"excerpt":"","rel":"","context":"\u00c4hnlicher Beitrag","block_context":{"text":"\u00c4hnlicher Beitrag","link":""},"img":{"alt_text":"","src":"","width":0,"height":0},"classes":[]},{"id":2458,"url":"https:\/\/kruse.sh\/portal\/widget-zielseite\/","url_meta":{"origin":1454,"position":1},"title":"Widget Zielseite","author":"","date":"28. M\u00e4rz 2021","format":false,"excerpt":"","rel":"","context":"\u00c4hnlicher Beitrag","block_context":{"text":"\u00c4hnlicher Beitrag","link":""},"img":{"alt_text":"","src":"","width":0,"height":0},"classes":[]},{"id":682,"url":"https:\/\/kruse.sh\/portal\/galerie\/galeriekrusepic\/bootstouren\/","url_meta":{"origin":1454,"position":2},"title":"Bootstouren","author":"Andreas","date":"23. August 2013","format":false,"excerpt":"","rel":"","context":"\u00c4hnlicher Beitrag","block_context":{"text":"\u00c4hnlicher Beitrag","link":""},"img":{"alt_text":"","src":"","width":0,"height":0},"classes":[]},{"id":2485,"url":"https:\/\/kruse.sh\/portal\/projekt-gartenpool\/","url_meta":{"origin":1454,"position":3},"title":"Projekt-GartenPool","author":"Andreas","date":"19. Mai 2022","format":false,"excerpt":"","rel":"","context":"\u00c4hnlicher Beitrag","block_context":{"text":"\u00c4hnlicher Beitrag","link":""},"img":{"alt_text":"","src":"","width":0,"height":0},"classes":[]},{"id":127,"url":"https:\/\/kruse.sh\/portal\/galerie\/galeriekrusepic\/sorbenweg6\/","url_meta":{"origin":1454,"position":4},"title":"Sorbenweg 6","author":"Andreas","date":"30. Mai 2013","format":false,"excerpt":"","rel":"","context":"\u00c4hnlicher Beitrag","block_context":{"text":"\u00c4hnlicher Beitrag","link":""},"img":{"alt_text":"","src":"","width":0,"height":0},"classes":[]},{"id":497,"url":"https:\/\/kruse.sh\/portal\/galerie\/galeriekrusepic\/heiligenhafen\/","url_meta":{"origin":1454,"position":5},"title":"Heiligenhafen","author":"Andreas","date":"18. Juli 2013","format":false,"excerpt":"Heiligenhafen ist unsere zweite Heimat.","rel":"","context":"\u00c4hnlicher Beitrag","block_context":{"text":"\u00c4hnlicher Beitrag","link":""},"img":{"alt_text":"","src":"","width":0,"height":0},"classes":[]}],"jetpack_sharing_enabled":true,"_links":{"self":[{"href":"https:\/\/kruse.sh\/portal\/wp-json\/wp\/v2\/pages\/1454","targetHints":{"allow":["GET"]}}],"collection":[{"href":"https:\/\/kruse.sh\/portal\/wp-json\/wp\/v2\/pages"}],"about":[{"href":"https:\/\/kruse.sh\/portal\/wp-json\/wp\/v2\/types\/page"}],"replies":[{"embeddable":true,"href":"https:\/\/kruse.sh\/portal\/wp-json\/wp\/v2\/comments?post=1454"}],"version-history":[{"count":0,"href":"https:\/\/kruse.sh\/portal\/wp-json\/wp\/v2\/pages\/1454\/revisions"}],"wp:attachment":[{"href":"https:\/\/kruse.sh\/portal\/wp-json\/wp\/v2\/media?parent=1454"}],"curies":[{"name":"wp","href":"https:\/\/api.w.org\/{rel}","templated":true}]}}