{"id":13,"date":"2013-05-28T11:51:06","date_gmt":"2013-05-28T09:51:06","guid":{"rendered":"http:\/\/www.kruse.sh\/portal\/?page_id=13"},"modified":"2021-01-14T14:12:48","modified_gmt":"2021-01-14T13:12:48","slug":"familie-kruse","status":"publish","type":"page","link":"https:\/\/kruse.sh\/portal\/wir-uber-uns\/familie-kruse\/","title":{"rendered":"Familie Kruse"},"content":{"rendered":"<p>Die Familie Kruse setzt sich zusammen aus:<\/p>\n<ul>\n<li><strong>Andreas<br \/>\n<\/strong><\/li>\n<li><strong>Vanessa<\/strong><\/li>\n<li><strong>Fynn<\/strong><\/li>\n<li><strong>Helen<\/strong><\/li>\n<\/ul>\n<p>Zwischen 2002-2008 wohnten Vanessa und Andreas zusammen im Forsthof in Swattenbeek.<br \/>\nAm 06.08.2005\u00a0haben Vanessa und Andreas im Amtsrichterhaus zu Swattenbeek geheiratet.<\/p>\n<p>Das Gl\u00fcck nahm seinen Lauf, am 14.11.2005 wurde <strong>Fynn <\/strong>in Hamburg geboren. Er wog 3910 g und war 55 cm gro\u00df.<\/p>\n<p>Seit dem 15.03.2008 hat sich die Familie Kruse einen Traum erf\u00fcllt und ist in ihr neues Zuhause, im Sorbenweg, eingezogen.<\/p>\n<p>Der zweite Teil unseres Familiengl\u00fcckes kam am 24.01.2011 in Hamburg zur Welt, <strong>Helen <\/strong>wog 4140 g und war 57 cm gro\u00df.<\/p>\n","protected":false},"excerpt":{"rendered":"<p>Die Familie Kruse setzt sich zusammen aus: Andreas Vanessa Fynn Helen Zwischen 2002-2008 wohnten Vanessa und Andreas zusammen im Forsthof in Swattenbeek. Am 06.08.2005\u00a0haben Vanessa und Andreas im Amtsrichterhaus zu Swattenbeek geheiratet. Das Gl\u00fcck nahm seinen Lauf, am 14.11.2005 wurde &hellip; <a href=\"https:\/\/kruse.sh\/portal\/wir-uber-uns\/familie-kruse\/\">Weiterlesen <span class=\"meta-nav\">&rarr;<\/span><\/a><\/p>\n","protected":false},"author":2,"featured_media":0,"parent":2,"menu_order":1,"comment_status":"closed","ping_status":"closed","template":"","meta":{"footnotes":""},"class_list":["post-13","page","type-page","status-publish","hentry"],"jetpack_shortlink":"https:\/\/wp.me\/P3OebG-d","jetpack-related-posts":[{"id":45,"url":"https:\/\/kruse.sh\/portal\/infobox\/swattenbeek\/","url_meta":{"origin":13,"position":0},"title":"Swattenbeek","author":"Andreas","date":"29. Mai 2013","format":false,"excerpt":"Schwarzenbek bekam im Jahre 1953 von der Landesregierung Schleswig-Holstein die Stadtrechte. Im Jahre 1961 verlieh der Europarat in Stra\u00dfburg der Stadt Schwarzenbek als zweiter Stadt in der Bundesrepublik Deutschland den Europapreis. Die Europastadt Schwarzenbek liegt im S\u00fcd-\u00f6stlichen Schleswig-Holstein, im Kreis Herzogtum Lauenburg. Gr\u00f6\u00dfere KartenansichtNur ca. 30 KM von der Hansestadt\u2026","rel":"","context":"\u00c4hnlicher Beitrag","block_context":{"text":"\u00c4hnlicher Beitrag","link":""},"img":{"alt_text":"","src":"","width":0,"height":0},"classes":[]},{"id":1842,"url":"https:\/\/kruse.sh\/portal\/","url_meta":{"origin":13,"position":1},"title":"Moin &#8230; \u00af\\_(\u30c4)_\/\u00af &#8230;","author":"Andreas","date":"3. Januar 2020","format":false,"excerpt":"Wir m\u00f6chten Euch hier unsere Familie und Schwarzenbek (Swattenbeek) vorstellen. Erste professionelle Wetterstation (Davis Vantage Pro2 mit ISS) in Schwarzenbek Erste Feinstaub Messstation in Schwarzenbek und s\u00fcdlichem Herzogtum Lauenburg Die aktuelle Wetterlage f\u00fcr Schwarzenbek und Umgebung Seewetter Karte Ostsee, Gewitterkarte Deutschland Verkehrsmeldungen f\u00fcr Schleswig-Holstein Informationen \u00fcber unser Sportboot (Jeanneau Cap\u2026","rel":"","context":"\u00c4hnlicher Beitrag","block_context":{"text":"\u00c4hnlicher Beitrag","link":""},"img":{"alt_text":"","src":"","width":0,"height":0},"classes":[]},{"id":2,"url":"https:\/\/kruse.sh\/portal\/wir-uber-uns\/","url_meta":{"origin":13,"position":2},"title":"Moinsen &#8230;  \u00af\\_(\u30c4)_\/\u00af","author":"Andreas","date":"27. Mai 2013","format":false,"excerpt":"... wir m\u00f6chten Euch hier unsere Familie vorstellen ... weitere Schwerpunkte sind ... Erste professionelle Wetterstation (Davis Vantage Pro2 mit ISS) in Swattenbeek, zusammengefasste Wetterdaten (Tag, Monat, Jahr) f\u00fcr die Europastadt Schwarzenbek. Erste Feinstaub Messstation (OK Lab Stuttgart - Open Data) in Schwarzenbek und s\u00fcdlichem Herzogtum Lauenburg. Temperatur-, Luftdaten- und\u2026","rel":"","context":"\u00c4hnlicher Beitrag","block_context":{"text":"\u00c4hnlicher Beitrag","link":""},"img":{"alt_text":"","src":"https:\/\/i0.wp.com\/kruse.sh\/portal\/wp-content\/uploads\/2020\/10\/20200718_122411-scaled.jpg?resize=350%2C200&ssl=1","width":350,"height":200,"srcset":"https:\/\/i0.wp.com\/kruse.sh\/portal\/wp-content\/uploads\/2020\/10\/20200718_122411-scaled.jpg?resize=350%2C200&ssl=1 1x, https:\/\/i0.wp.com\/kruse.sh\/portal\/wp-content\/uploads\/2020\/10\/20200718_122411-scaled.jpg?resize=525%2C300&ssl=1 1.5x, https:\/\/i0.wp.com\/kruse.sh\/portal\/wp-content\/uploads\/2020\/10\/20200718_122411-scaled.jpg?resize=700%2C400&ssl=1 2x, https:\/\/i0.wp.com\/kruse.sh\/portal\/wp-content\/uploads\/2020\/10\/20200718_122411-scaled.jpg?resize=1050%2C600&ssl=1 3x"},"classes":[]},{"id":311,"url":"https:\/\/kruse.sh\/portal\/krusecam\/wettercam\/","url_meta":{"origin":13,"position":3},"title":"WetterCam","author":"Andreas","date":"12. Juni 2013","format":false,"excerpt":"Webcam: Wetter (\"Live\" aus Swattenbeek) Jedwede Verwendung des Webcam-Bildes au\u00dferhalb dieser Website bedarf der schriftlichen Genehmigung durch die Familie Kruse","rel":"","context":"\u00c4hnlicher Beitrag","block_context":{"text":"\u00c4hnlicher Beitrag","link":""},"img":{"alt_text":"","src":"","width":0,"height":0},"classes":[]},{"id":248,"url":"https:\/\/kruse.sh\/portal\/impressum\/","url_meta":{"origin":13,"position":4},"title":"Impressum","author":"Andreas","date":"30. Mai 2013","format":false,"excerpt":"Verantwortlich f\u00fcr Inhalt, Konzeption & Realisierung des Onlineportals: KRUSE.SH Familie Kruse c\/o A. Kruse Sorbenweg 6 D-21493 Schwarzenbek\/SH \u00a0 Fon: +49-4151-8979699 Fax: +49-4151-8979501 Navi: 53\u00b0 30' 55.49\" N 10\u00b0 28' 40.98\" E Kontaktformular Gew\u00e4hrleistung Die Familie Kruse\u00a0bem\u00fchen uns um m\u00f6glichst korrekte und aktuelle Information. Trotzdem k\u00f6nnen Fehler auftreten. Die Inhalte\u2026","rel":"","context":"\u00c4hnlicher Beitrag","block_context":{"text":"\u00c4hnlicher Beitrag","link":""},"img":{"alt_text":"","src":"","width":0,"height":0},"classes":[]},{"id":29,"url":"https:\/\/kruse.sh\/portal\/wir-uber-uns\/nachname-kruse\/","url_meta":{"origin":13,"position":5},"title":"Nachname: Kruse","author":"Andreas","date":"28. Mai 2013","format":false,"excerpt":"Der Name Kruse kommt insgesamt 13737 Mal in 407 Landkreisen vor. Es gibt sch\u00e4tzungsweise 36632 Personen mit diesem Nachnamen. Dies liegt \u00fcber dem Durchschnitt f\u00fcr alle deutschen Familiennamen. Er liegt damit an 129. Stelle der h\u00e4ufigsten Namen. Die meisten Personen mit dem Familiennamen Kruse wurden in Kreisfreie Stadt Hamburg gefunden;\u2026","rel":"","context":"\u00c4hnlicher Beitrag","block_context":{"text":"\u00c4hnlicher Beitrag","link":""},"img":{"alt_text":"Familiennamenverteilung KRUSE","src":"https:\/\/i0.wp.com\/www.kruse.sh\/portal\/va-stuff\/bilder\/content\/MAP-Verteilung-KRUSE.png?resize=350%2C200&ssl=1","width":350,"height":200},"classes":[]}],"jetpack_sharing_enabled":true,"_links":{"self":[{"href":"https:\/\/kruse.sh\/portal\/wp-json\/wp\/v2\/pages\/13","targetHints":{"allow":["GET"]}}],"collection":[{"href":"https:\/\/kruse.sh\/portal\/wp-json\/wp\/v2\/pages"}],"about":[{"href":"https:\/\/kruse.sh\/portal\/wp-json\/wp\/v2\/types\/page"}],"author":[{"embeddable":true,"href":"https:\/\/kruse.sh\/portal\/wp-json\/wp\/v2\/users\/2"}],"replies":[{"embeddable":true,"href":"https:\/\/kruse.sh\/portal\/wp-json\/wp\/v2\/comments?post=13"}],"version-history":[{"count":0,"href":"https:\/\/kruse.sh\/portal\/wp-json\/wp\/v2\/pages\/13\/revisions"}],"up":[{"embeddable":true,"href":"https:\/\/kruse.sh\/portal\/wp-json\/wp\/v2\/pages\/2"}],"wp:attachment":[{"href":"https:\/\/kruse.sh\/portal\/wp-json\/wp\/v2\/media?parent=13"}],"curies":[{"name":"wp","href":"https:\/\/api.w.org\/{rel}","templated":true}]}}